{"id":836,"date":"2019-03-21T18:43:27","date_gmt":"2019-03-21T17:43:27","guid":{"rendered":"http:\/\/skyflar.clivio.pl\/?page_id=836"},"modified":"2019-03-21T18:43:27","modified_gmt":"2019-03-21T17:43:27","slug":"beschwerden","status":"publish","type":"page","link":"https:\/\/skyflar.com\/de\/beschwerden\/","title":{"rendered":"Beschwerden"},"content":{"rendered":"<p>Aby skorzysta\u0107 z reklamacji, nale\u017cy pobra\u0107 poni\u017cszy formularz i wys\u0142a\u0107 go na adres skyflar@gmail.com<\/p>\n<p><a href=\"http:\/\/skyflar.clivio.pl\/wp-content\/uploads\/2019\/03\/Formularz-reklamacyjny.docx\">Pobierz formularz reklamacji<\/a><\/p>\n","protected":false},"excerpt":{"rendered":"<p>Aby skorzysta\u0107 z reklamacji, nale\u017cy pobra\u0107 poni\u017cszy formularz i wys\u0142a\u0107 go na adres skyflar@gmail.com Pobierz formularz reklamacji<\/p>\n","protected":false},"author":1,"featured_media":0,"parent":0,"menu_order":0,"comment_status":"closed","ping_status":"closed","template":"","meta":[],"acf":[],"aioseo_notices":[],"_links":{"self":[{"href":"https:\/\/skyflar.com\/de\/wp-json\/wp\/v2\/pages\/836"}],"collection":[{"href":"https:\/\/skyflar.com\/de\/wp-json\/wp\/v2\/pages"}],"about":[{"href":"https:\/\/skyflar.com\/de\/wp-json\/wp\/v2\/types\/page"}],"author":[{"embeddable":true,"href":"https:\/\/skyflar.com\/de\/wp-json\/wp\/v2\/users\/1"}],"replies":[{"embeddable":true,"href":"https:\/\/skyflar.com\/de\/wp-json\/wp\/v2\/comments?post=836"}],"version-history":[{"count":1,"href":"https:\/\/skyflar.com\/de\/wp-json\/wp\/v2\/pages\/836\/revisions"}],"predecessor-version":[{"id":837,"href":"https:\/\/skyflar.com\/de\/wp-json\/wp\/v2\/pages\/836\/revisions\/837"}],"wp:attachment":[{"href":"https:\/\/skyflar.com\/de\/wp-json\/wp\/v2\/media?parent=836"}],"curies":[{"name":"wp","href":"https:\/\/api.w.org\/{rel}","templated":true}]}}