{"id":23955,"date":"2018-01-26T13:53:44","date_gmt":"2021-04-26T11:55:03","guid":{"rendered":"https:\/\/skyflar.com\/?post_type=product&#038;p=23955"},"modified":"2021-04-26T14:03:16","modified_gmt":"2021-04-26T12:03:16","slug":"paramotor-trike-linienhalter","status":"publish","type":"product","link":"https:\/\/skyflar.com\/de\/product\/paramotor-trike-linienhalter\/","title":{"rendered":"PARAMOTOR TRIKE LINE HOLDERS"},"content":{"rendered":"<p id=\"tw-target-text\" class=\"tw-data-text tw-text-large XcVN5d tw-ta\" dir=\"ltr\" data-placeholder=\"T\u0142umaczenie\"><span class=\"Y2IQFc\" lang=\"de\">Satz Gleitschirmleinenhalter, montiert am PPG \/ PPGG-Propellerk\u00e4fig.<br \/>\nSie eignen sich f\u00fcr Zwei- und Einringk\u00f6rbe mit einem Durchmesser von 120 cm &#8211; 160 cm. Einfache Installation mit doppelseitigem Klebeband und Kabelbindern. <\/span><\/p>\n<ul>\n<li class=\"tw-data-text tw-text-large XcVN5d tw-ta\" dir=\"ltr\" data-placeholder=\"T\u0142umaczenie\"><span class=\"Y2IQFc\" lang=\"de\">Abmessungen: 115 mm x 55 mm x 26 mm <\/span><\/li>\n<li class=\"tw-data-text tw-text-large XcVN5d tw-ta\" dir=\"ltr\" data-placeholder=\"T\u0142umaczenie\"><span class=\"Y2IQFc\" lang=\"de\">Gewicht: 40 g (Set) <\/span><\/li>\n<li class=\"tw-data-text tw-text-large XcVN5d tw-ta\" dir=\"ltr\" data-placeholder=\"T\u0142umaczenie\"><span class=\"Y2IQFc\" lang=\"de\">Farbe schwarze\u00a0<\/span><\/li>\n<li class=\"tw-data-text tw-text-large XcVN5d tw-ta\" dir=\"ltr\" data-placeholder=\"T\u0142umaczenie\"><span class=\"Y2IQFc\" lang=\"de\">Material: PETG <\/span><\/li>\n<li class=\"tw-data-text tw-text-large XcVN5d tw-ta\" dir=\"ltr\" data-placeholder=\"T\u0142umaczenie\"><span class=\"Y2IQFc\" lang=\"de\">f\u00fcr ein Rohr mit einem Durchmesser von 20 mm oder 22 mm <\/span><\/li>\n<\/ul>\n<p class=\"tw-data-text tw-text-large XcVN5d tw-ta\" dir=\"ltr\" data-placeholder=\"T\u0142umaczenie\"><span class=\"Y2IQFc\" lang=\"de\">Preis f\u00fcr ein Paar (Set). <\/span><\/p>\n<p class=\"tw-data-text tw-text-large XcVN5d tw-ta\" dir=\"ltr\" data-placeholder=\"T\u0142umaczenie\"><span style=\"color: #ff0000;\"><strong><span class=\"Y2IQFc\" lang=\"de\">Bitte geben Sie bei der Bestellung den Durchmesser des Korbrohrs an (20 mm oder 22 mm). Wenn Sie den Durchmesser nicht angeben, senden wir 20 mm Rohrhalter.<\/span><\/strong><\/span><\/p>\n","protected":false},"excerpt":{"rendered":"<p>Satz Gleitschirmleinenhalter, montiert am PPG \/ PPGG-Propellerk\u00e4fig. Sie eignen sich f\u00fcr Zwei- und Einringk\u00f6rbe mit einem Durchmesser von 120 cm &#8211; 160 cm. Einfache Installation mit doppelseitigem Klebeband und Kabelbindern. Abmessungen: 115 mm x 55 mm&#8230; <a class=\"more\" href=\"https:\/\/skyflar.com\/de\/product\/paramotor-trike-linienhalter\/\"> Wi\u0119cej &rarr;<\/a><\/p>\n","protected":false},"featured_media":24182,"comment_status":"open","ping_status":"closed","template":"","meta":[],"product_cat":[69],"product_tag":[],"acf":[],"aioseo_notices":[],"_links":{"self":[{"href":"https:\/\/skyflar.com\/de\/wp-json\/wp\/v2\/product\/23955"}],"collection":[{"href":"https:\/\/skyflar.com\/de\/wp-json\/wp\/v2\/product"}],"about":[{"href":"https:\/\/skyflar.com\/de\/wp-json\/wp\/v2\/types\/product"}],"replies":[{"embeddable":true,"href":"https:\/\/skyflar.com\/de\/wp-json\/wp\/v2\/comments?post=23955"}],"version-history":[{"count":4,"href":"https:\/\/skyflar.com\/de\/wp-json\/wp\/v2\/product\/23955\/revisions"}],"predecessor-version":[{"id":24197,"href":"https:\/\/skyflar.com\/de\/wp-json\/wp\/v2\/product\/23955\/revisions\/24197"}],"wp:featuredmedia":[{"embeddable":true,"href":"https:\/\/skyflar.com\/de\/wp-json\/wp\/v2\/media\/24182"}],"wp:attachment":[{"href":"https:\/\/skyflar.com\/de\/wp-json\/wp\/v2\/media?parent=23955"}],"wp:term":[{"taxonomy":"product_cat","embeddable":true,"href":"https:\/\/skyflar.com\/de\/wp-json\/wp\/v2\/product_cat?post=23955"},{"taxonomy":"product_tag","embeddable":true,"href":"https:\/\/skyflar.com\/de\/wp-json\/wp\/v2\/product_tag?post=23955"}],"curies":[{"name":"wp","href":"https:\/\/api.w.org\/{rel}","templated":true}]}}