{"id":24243,"date":"2018-01-24T12:28:32","date_gmt":"2021-05-25T11:18:08","guid":{"rendered":"https:\/\/skyflar.com\/?post_type=product&#038;p=24243"},"modified":"2021-05-25T13:18:08","modified_gmt":"2021-05-25T11:18:08","slug":"upgrade-set-from-st-201-white-to-st-202-white-white","status":"publish","type":"product","link":"https:\/\/skyflar.com\/de\/product\/upgrade-set-from-st-201-white-to-st-202-white-white\/","title":{"rendered":"UPGRADE SET FROM ST-201 WHITE TO ST-202 WHITE\/WHITE"},"content":{"rendered":"<p id=\"tw-target-text\" class=\"tw-data-text tw-text-large XcVN5d tw-ta\" dir=\"ltr\" data-placeholder=\"T\u0142umaczenie\"><span class=\"Y2IQFc\" lang=\"de\">Eine Reihe von Teilen f\u00fcr Besitzer des Multifunktions-LED-Blitzes ST-201, die ihr Set auf das Modell ST-202 erweitern m\u00f6chten.<\/span><\/p>\n<p>Der set enth\u00e4lt:<\/p>\n<ul>\n<li>Die LED 50W 6000lm Lampe mit einer Verbindung<\/li>\n<li>Der Montage-Set <span class=\"Y2IQFc\" lang=\"de\">f\u00fcr eine LED Lampe f\u00fcr ein Rohr 20 mm<\/span><\/li>\n<li>LED-Verteiler<\/li>\n<li>10 Druckverbande<\/li>\n<li>Die Bedinungsanleitung<\/li>\n<\/ul>\n","protected":false},"excerpt":{"rendered":"<p>Eine Reihe von Teilen f\u00fcr Besitzer des Multifunktions-LED-Blitzes ST-201, die ihr Set auf das Modell ST-202 erweitern m\u00f6chten. Der set enth\u00e4lt: Die LED 50W 6000lm Lampe mit einer Verbindung Der Montage-Set f\u00fcr eine LED Lampe f\u00fcr&#8230; <a class=\"more\" href=\"https:\/\/skyflar.com\/de\/product\/upgrade-set-from-st-201-white-to-st-202-white-white\/\"> Wi\u0119cej &rarr;<\/a><\/p>\n","protected":false},"featured_media":24235,"comment_status":"open","ping_status":"closed","template":"","meta":[],"product_cat":[69],"product_tag":[],"acf":[],"aioseo_notices":[],"_links":{"self":[{"href":"https:\/\/skyflar.com\/de\/wp-json\/wp\/v2\/product\/24243"}],"collection":[{"href":"https:\/\/skyflar.com\/de\/wp-json\/wp\/v2\/product"}],"about":[{"href":"https:\/\/skyflar.com\/de\/wp-json\/wp\/v2\/types\/product"}],"replies":[{"embeddable":true,"href":"https:\/\/skyflar.com\/de\/wp-json\/wp\/v2\/comments?post=24243"}],"version-history":[{"count":1,"href":"https:\/\/skyflar.com\/de\/wp-json\/wp\/v2\/product\/24243\/revisions"}],"predecessor-version":[{"id":24244,"href":"https:\/\/skyflar.com\/de\/wp-json\/wp\/v2\/product\/24243\/revisions\/24244"}],"wp:featuredmedia":[{"embeddable":true,"href":"https:\/\/skyflar.com\/de\/wp-json\/wp\/v2\/media\/24235"}],"wp:attachment":[{"href":"https:\/\/skyflar.com\/de\/wp-json\/wp\/v2\/media?parent=24243"}],"wp:term":[{"taxonomy":"product_cat","embeddable":true,"href":"https:\/\/skyflar.com\/de\/wp-json\/wp\/v2\/product_cat?post=24243"},{"taxonomy":"product_tag","embeddable":true,"href":"https:\/\/skyflar.com\/de\/wp-json\/wp\/v2\/product_tag?post=24243"}],"curies":[{"name":"wp","href":"https:\/\/api.w.org\/{rel}","templated":true}]}}