{"id":24679,"date":"2023-05-28T18:44:00","date_gmt":"2023-05-26T17:09:33","guid":{"rendered":"https:\/\/skyflar.com\/?post_type=product&#038;p=24679"},"modified":"2023-06-21T00:09:01","modified_gmt":"2023-06-20T22:09:01","slug":"landescheinwerfer-syrius-ll-105","status":"publish","type":"product","link":"https:\/\/skyflar.com\/de\/product\/landescheinwerfer-syrius-ll-105\/","title":{"rendered":"LANDESCHEINWERFER SYRIUS LL-105"},"content":{"rendered":"<p><strong>SYRIUS LL-105<\/strong><\/p>\n<p>Die Landung ist ein Vorgang, bei dem es keinen Platz f\u00fcr schlechte Lichtverh\u00e4ltnisse gibt. Je besser die Sicht, desto mehr Sicherheit! Deshalb haben wir die besten Landescheinwerfer entwickelt, die mehr als genug Licht bieten. Die unglaubliche Leistung von 110W sorgt f\u00fcr eine komfortable Landung auch auf einem unbeleuchteten Flugplatz. Syrius kann an die Sichtverh\u00e4ltnisse angepasst werden, indem man es auf Lo Beam oder High Beam + Taxi Light umschaltet. Das Geh\u00e4use der Lampe ist vollst\u00e4ndig aus Aluminium gefertigt, das durch CNC-Bearbeitung solide und haltbar gemacht wurde. Durch die gro\u00dfe K\u00fchlfl\u00e4che kann die Syrius ihre volle Leistung \u00fcber einen langen Zeitraum abgeben. Sie wird auch bei sehr langer Landung nicht nachlassen, wie es bei anderen auf dem Markt erh\u00e4ltlichen Lampen der Fall sein kann. Die Elektronik der Lampen ist nach dem neuesten Stand der Technik entwickelt worden, was eine hohe Effizienz gew\u00e4hrleistet. Die Landescheinwerfer sind mit unserem WIG-WAG\/PULSE Modul einsatzbereit. Auch bei so hoher Leistung gibt es keine St\u00f6rungen des Funkverkehrs ! Syrius ist die beste Wahl, wenn es um Leistung und Qualit\u00e4t geht.<\/p>\n<p><strong>TECHNISCHE DATEN:<\/strong><\/p>\n<table width=\"604\" cellspacing=\"0\" cellpadding=\"7\">\n<tbody>\n<tr valign=\"top\">\n<td width=\"221\">\n<p class=\"western\" align=\"left\">Versorgungsspannung<\/p>\n<\/td>\n<td width=\"353\">\n<p class=\"western\" align=\"left\"><span style=\"font-family: Calibri, serif;\">10V DC -30V DC<\/span><\/p>\n<\/td>\n<\/tr>\n<tr valign=\"top\">\n<td width=\"221\">\n<p class=\"western\" align=\"left\">Leistung<\/p>\n<\/td>\n<td width=\"353\">\n<p class=\"western\" align=\"left\"><span style=\"font-family: Calibri, serif;\">-Hi Beam : 110W , 14000 Lumens<\/span><\/p>\n<p class=\"western\" align=\"left\"><span style=\"font-family: Calibri, serif;\">-Lo Beam : 42W, 5500 Lumens<\/span><\/p>\n<p class=\"western\" align=\"left\"><span style=\"font-family: Calibri, serif;\">-Taxi Light: 17W, 2300 Lumens<\/span><\/p>\n<\/td>\n<\/tr>\n<tr valign=\"top\">\n<td width=\"221\">\n<p class=\"western\" align=\"left\">Stromverbrauch<\/p>\n<\/td>\n<td width=\"353\">\n<p class=\"western\" align=\"left\"><span style=\"font-family: Calibri, serif;\">-Taxi Light : 1,2A at 14V \/ 0,6A at 28V<\/span><\/p>\n<p class=\"western\" align=\"left\"><span style=\"font-family: Calibri, serif;\">-Lo Beam: 3A at 14V \/ 1,4A at 28V<\/span><\/p>\n<p class=\"western\" align=\"left\"><span style=\"font-family: Calibri, serif;\">-Hi Beam : 8A at 14V \/ 3.5 A at 28V<\/span><\/p>\n<\/td>\n<\/tr>\n<tr valign=\"top\">\n<td width=\"221\" height=\"20\">\n<p class=\"western\" align=\"left\">Farbtemperatur, Leds<\/p>\n<\/td>\n<td width=\"353\">\n<p class=\"western\" align=\"left\"><span style=\"font-family: Calibri, serif;\">5500 K, Cree Leds<\/span><\/p>\n<\/td>\n<\/tr>\n<tr valign=\"top\">\n<td width=\"221\" height=\"20\">\n<p class=\"western\" align=\"left\">Winkel der Linse<\/p>\n<\/td>\n<td width=\"353\">\n<p class=\"western\" align=\"left\"><span style=\"font-family: Calibri, serif;\">LL-105: 5 x 6 Grad , 1 x 30 Grad<\/span><\/p>\n<\/td>\n<\/tr>\n<tr valign=\"top\">\n<td width=\"221\">\n<p class=\"western\" align=\"left\">\u00dcberhitzungsschutz<\/p>\n<\/td>\n<td width=\"353\">\n<p class=\"western\" align=\"left\">Temperatursensor im Inneren<\/p>\n<\/td>\n<\/tr>\n<tr valign=\"top\">\n<td width=\"221\">\n<p class=\"western\" align=\"left\">Schutz<\/p>\n<\/td>\n<td width=\"353\">\n<p class=\"western\" align=\"left\">Schock, St\u00f6\u00dfe, Wasser IP67, Staub, Vibrationen<\/p>\n<\/td>\n<\/tr>\n<tr valign=\"top\">\n<td width=\"221\">\n<p class=\"western\" align=\"left\">Schutz vor Verpolung<\/p>\n<\/td>\n<td width=\"353\">\n<p class=\"western\" align=\"left\"><span style=\"font-family: Calibri, serif;\">JA<\/span><\/p>\n<\/td>\n<\/tr>\n<tr valign=\"top\">\n<td width=\"221\">\n<p class=\"western\" align=\"left\">Umgebungs-Temperatur<\/p>\n<\/td>\n<td width=\"353\">\n<p class=\"western\" align=\"left\"><span style=\"font-family: Calibri, serif;\">-55 C \/ +85 C -67F \/ +185F<\/span><\/p>\n<\/td>\n<\/tr>\n<tr valign=\"top\">\n<td width=\"221\">\n<p class=\"western\" align=\"left\">Reichweite<\/p>\n<\/td>\n<td width=\"353\">\n<p class=\"western\" align=\"left\">Bis zu 400 m<\/p>\n<\/td>\n<\/tr>\n<tr valign=\"top\">\n<td width=\"221\">\n<p class=\"western\" align=\"left\">Gewicht<\/p>\n<\/td>\n<td width=\"353\">\n<p class=\"western\" align=\"left\"><span style=\"font-family: Calibri, serif;\">LL-105: 550 g , 1,21 lb<\/span><\/p>\n<\/td>\n<\/tr>\n<\/tbody>\n<\/table>\n","protected":false},"excerpt":{"rendered":"<p>SYRIUS LL-105 Die Landung ist ein Vorgang, bei dem es keinen Platz f\u00fcr schlechte Lichtverh\u00e4ltnisse gibt. Je besser die Sicht, desto mehr Sicherheit! Deshalb haben wir die besten Landescheinwerfer entwickelt, die mehr als genug Licht bieten&#8230;. <a class=\"more\" href=\"https:\/\/skyflar.com\/de\/product\/landescheinwerfer-syrius-ll-105\/\"> Wi\u0119cej &rarr;<\/a><\/p>\n","protected":false},"featured_media":25277,"comment_status":"open","ping_status":"closed","template":"","meta":[],"product_cat":[169],"product_tag":[],"acf":[],"aioseo_notices":[],"_links":{"self":[{"href":"https:\/\/skyflar.com\/de\/wp-json\/wp\/v2\/product\/24679"}],"collection":[{"href":"https:\/\/skyflar.com\/de\/wp-json\/wp\/v2\/product"}],"about":[{"href":"https:\/\/skyflar.com\/de\/wp-json\/wp\/v2\/types\/product"}],"replies":[{"embeddable":true,"href":"https:\/\/skyflar.com\/de\/wp-json\/wp\/v2\/comments?post=24679"}],"version-history":[{"count":1,"href":"https:\/\/skyflar.com\/de\/wp-json\/wp\/v2\/product\/24679\/revisions"}],"predecessor-version":[{"id":24680,"href":"https:\/\/skyflar.com\/de\/wp-json\/wp\/v2\/product\/24679\/revisions\/24680"}],"wp:featuredmedia":[{"embeddable":true,"href":"https:\/\/skyflar.com\/de\/wp-json\/wp\/v2\/media\/25277"}],"wp:attachment":[{"href":"https:\/\/skyflar.com\/de\/wp-json\/wp\/v2\/media?parent=24679"}],"wp:term":[{"taxonomy":"product_cat","embeddable":true,"href":"https:\/\/skyflar.com\/de\/wp-json\/wp\/v2\/product_cat?post=24679"},{"taxonomy":"product_tag","embeddable":true,"href":"https:\/\/skyflar.com\/de\/wp-json\/wp\/v2\/product_tag?post=24679"}],"curies":[{"name":"wp","href":"https:\/\/api.w.org\/{rel}","templated":true}]}}