{"id":24738,"date":"2023-05-30T16:58:37","date_gmt":"2023-05-31T11:17:01","guid":{"rendered":"https:\/\/skyflar.com\/?post_type=product&#038;p=24738"},"modified":"2023-05-31T13:17:01","modified_gmt":"2023-05-31T11:17:01","slug":"orion-rs-200","status":"publish","type":"product","link":"https:\/\/skyflar.com\/de\/product\/orion-rs-200\/","title":{"rendered":"ORION RS-200"},"content":{"rendered":"<p><strong>ORION RS-200<\/strong><\/p>\n<p>Wenn es um Leistung und Qualit\u00e4t geht, gibt es keine bessere Option f\u00fcr die Flugzeugbeleuchtung. Der Orion RS-200 hat alles! Es deckt das gesamte Spektrum der Flugzeugbeleuchtung ab &#8211; Navigation, Positionslicht und Stroboskoplicht. Angefangen bei seiner kompakten Gr\u00f6\u00dfe und seinem stromlinienf\u00f6rmigen Design bietet er eine beeindruckende Leistung von 100 W Stroboskoplicht und ist damit der kleinste und leistungsst\u00e4rkste auf dem Markt. Der Polyurethanguss sorgt f\u00fcr eine robuste Konstruktion, die sto\u00dffest, staub- und wasserbest\u00e4ndig ist und die Lampen unzerst\u00f6rbar macht. Dieses einzigartige Harz ist nicht nur extrem hart, sondern hat auch eine hervorragende W\u00e4rmeleitf\u00e4higkeit. Dadurch k\u00f6nnen die Lampen die Leistung der neuesten, extrem leistungsstarken CREE-LEDs nutzen. Ihre Effizienz und der geringe Stromverbrauch sorgen f\u00fcr eine lange Lebensdauer, so dass der Orion RS-200 \u00fcber Jahre hinweg eingesetzt werden kann. Dar\u00fcber hinaus ist dieses spezielle Polyurethan extrem UV-best\u00e4ndig, so dass die Leuchten auch im Laufe der Zeit wie neu aussehen werden.<\/p>\n<p><strong>TECHNISCHE DATEN <\/strong><\/p>\n<table width=\"604\" cellspacing=\"0\" cellpadding=\"7\">\n<tbody>\n<tr valign=\"top\">\n<td width=\"221\">\n<p align=\"left\">Versorgungsspannung<\/p>\n<\/td>\n<td width=\"353\">\n<p align=\"left\"><span style=\"font-family: Calibri, serif;\"><span style=\"font-size: small;\">12 V DC oder 24 V DC<\/span><\/span><\/p>\n<\/td>\n<\/tr>\n<tr valign=\"top\">\n<td width=\"221\">\n<p align=\"left\"><span style=\"font-family: Calibri, serif;\"><span style=\"font-size: small;\">Position\/Navigation (2 Lampen)<\/span><\/span><\/p>\n<\/td>\n<td width=\"353\">\n<p align=\"left\"><span style=\"font-family: Calibri, serif;\"><span style=\"font-size: small;\">6W \/ 0,45A bei 14VDC<\/span><\/span><\/p>\n<\/td>\n<\/tr>\n<tr valign=\"top\">\n<td width=\"221\">\n<p align=\"left\"><span style=\"font-family: Calibri, serif;\"><span style=\"font-size: small;\">Blinkende Stroboskoplichter (2 Lichter)<\/span><\/span><\/p>\n<\/td>\n<td width=\"353\">\n<p align=\"left\"><span style=\"font-family: Calibri, serif;\"><span style=\"font-size: small;\">100W Blitzlicht, 12000 Lumen \/ 7 A ana14VDC<\/span><\/span><\/p>\n<\/td>\n<\/tr>\n<tr valign=\"top\">\n<td width=\"221\" height=\"20\">\n<p align=\"left\"><span style=\"font-family: Calibri, serif;\"><span style=\"font-size: small;\">Blitzrate<\/span><\/span><\/p>\n<\/td>\n<td width=\"353\">\n<p align=\"left\"><span style=\"font-family: Calibri, serif;\"><span style=\"font-size: small;\">50 Zyklen\/min.<\/span><\/span><\/p>\n<\/td>\n<\/tr>\n<tr valign=\"top\">\n<td width=\"221\">\n<p align=\"left\"><span style=\"font-family: Calibri, serif;\"><span style=\"font-size: small;\">Synchronisierung<\/span><\/span><\/p>\n<\/td>\n<td width=\"353\">\n<p align=\"left\"><span style=\"font-family: Calibri, serif;\"><span style=\"font-size: small;\">Ja<\/span><\/span><\/p>\n<\/td>\n<\/tr>\n<tr valign=\"top\">\n<td width=\"221\">\n<p align=\"left\"><span style=\"font-family: Calibri, serif;\"><span style=\"font-size: small;\">LED-Treiber<\/span><\/span><\/p>\n<\/td>\n<td width=\"353\">\n<p align=\"left\"><span style=\"font-family: Calibri, serif;\"><span style=\"font-size: small;\">In Lampen<\/span><\/span><\/p>\n<\/td>\n<\/tr>\n<tr valign=\"top\">\n<td width=\"221\"><span style=\"font-family: Calibri, serif;\"><span style=\"font-size: small;\">Schutz<\/span><\/span><\/td>\n<td width=\"353\"><span style=\"font-family: Calibri, serif;\"><span style=\"font-size: small;\">St\u00f6\u00dfe , Schock , Wasser IP67 , Staub , VibrationSt\u00f6\u00dfe , Schock , Wasser IP67 , Staub , Vibration<\/span><\/span><\/td>\n<\/tr>\n<tr valign=\"top\">\n<td width=\"221\">\n<p align=\"left\"><span style=\"font-family: Calibri, serif;\"><span style=\"font-size: small;\">Erfassungsbereich<\/span><\/span><\/p>\n<\/td>\n<td width=\"353\">\n<p align=\"left\"><span style=\"font-family: Calibri, serif;\"><span style=\"font-size: small;\">Etwa 10 km in der Dunkelheit<\/span><\/span><\/p>\n<\/td>\n<\/tr>\n<tr valign=\"top\">\n<td width=\"221\">\n<p align=\"left\"><span style=\"font-family: Calibri, serif;\"><span style=\"font-size: small;\">Schutz vor Verpolung<\/span><\/span><\/p>\n<\/td>\n<td width=\"353\">\n<p align=\"left\"><span style=\"font-family: Calibri, serif;\"><span style=\"font-size: small;\">Ja<\/span><\/span><\/p>\n<\/td>\n<\/tr>\n<tr valign=\"top\">\n<td width=\"221\">\n<p align=\"left\"><span style=\"font-family: Calibri, serif;\"><span style=\"font-size: small;\">Temperatur in der Umgebung<\/span><\/span><\/p>\n<\/td>\n<td width=\"353\">\n<p align=\"left\"><span style=\"font-family: Calibri, serif;\"><span style=\"font-size: small;\">-55 C \/ +85 C -67F \/ +185F<\/span><\/span><\/p>\n<\/td>\n<\/tr>\n<tr valign=\"top\">\n<td width=\"221\">\n<p align=\"left\"><span style=\"font-family: Calibri, serif;\"><span style=\"font-size: small;\">Schraube Typ<\/span><\/span><\/p>\n<\/td>\n<td width=\"353\">\n<p align=\"left\"><span style=\"font-family: Calibri, serif;\"><span style=\"font-size: small;\">M3 Rostfreier Stahl<\/span><\/span><\/p>\n<\/td>\n<\/tr>\n<tr valign=\"top\">\n<td width=\"221\">\n<p align=\"left\"><span style=\"font-family: Calibri, serif;\"><span style=\"font-size: small;\">Gewicht<\/span><\/span><\/p>\n<\/td>\n<td width=\"353\">\n<p align=\"left\"><span style=\"font-family: Calibri, serif;\"><span style=\"font-size: small;\">70g pro St\u00fcck \/ 0.15lb pro St\u00fcck<\/span><\/span><\/p>\n<\/td>\n<\/tr>\n<\/tbody>\n<\/table>\n","protected":false},"excerpt":{"rendered":"<p>ORION RS-200 Wenn es um Leistung und Qualit\u00e4t geht, gibt es keine bessere Option f\u00fcr die Flugzeugbeleuchtung. Der Orion RS-200 hat alles! Es deckt das gesamte Spektrum der Flugzeugbeleuchtung ab &#8211; Navigation, Positionslicht und Stroboskoplicht. Angefangen&#8230; <a class=\"more\" href=\"https:\/\/skyflar.com\/de\/product\/orion-rs-200\/\"> Wi\u0119cej &rarr;<\/a><\/p>\n","protected":false},"featured_media":25075,"comment_status":"open","ping_status":"closed","template":"","meta":[],"product_cat":[66],"product_tag":[],"acf":[],"aioseo_notices":[],"_links":{"self":[{"href":"https:\/\/skyflar.com\/de\/wp-json\/wp\/v2\/product\/24738"}],"collection":[{"href":"https:\/\/skyflar.com\/de\/wp-json\/wp\/v2\/product"}],"about":[{"href":"https:\/\/skyflar.com\/de\/wp-json\/wp\/v2\/types\/product"}],"replies":[{"embeddable":true,"href":"https:\/\/skyflar.com\/de\/wp-json\/wp\/v2\/comments?post=24738"}],"version-history":[{"count":1,"href":"https:\/\/skyflar.com\/de\/wp-json\/wp\/v2\/product\/24738\/revisions"}],"predecessor-version":[{"id":24745,"href":"https:\/\/skyflar.com\/de\/wp-json\/wp\/v2\/product\/24738\/revisions\/24745"}],"wp:featuredmedia":[{"embeddable":true,"href":"https:\/\/skyflar.com\/de\/wp-json\/wp\/v2\/media\/25075"}],"wp:attachment":[{"href":"https:\/\/skyflar.com\/de\/wp-json\/wp\/v2\/media?parent=24738"}],"wp:term":[{"taxonomy":"product_cat","embeddable":true,"href":"https:\/\/skyflar.com\/de\/wp-json\/wp\/v2\/product_cat?post=24738"},{"taxonomy":"product_tag","embeddable":true,"href":"https:\/\/skyflar.com\/de\/wp-json\/wp\/v2\/product_tag?post=24738"}],"curies":[{"name":"wp","href":"https:\/\/api.w.org\/{rel}","templated":true}]}}