{"id":24922,"date":"2024-02-23T11:40:10","date_gmt":"2024-06-07T09:30:52","guid":{"rendered":"https:\/\/skyflar.com\/?post_type=product&#038;p=24922"},"modified":"2024-06-07T11:30:52","modified_gmt":"2024-06-07T09:30:52","slug":"landescheinwerfer-altair-ll-64","status":"publish","type":"product","link":"https:\/\/skyflar.com\/de\/product\/landescheinwerfer-altair-ll-64\/","title":{"rendered":"LANDESCHEINWERFER ALTAIR LL-64"},"content":{"rendered":"<p><strong>ALTAIR LL-64<\/strong><\/p>\n<p>Jeder Flug ist einzigartig. Es gibt jedoch Zeiten, in denen die D\u00e4mmerung fr\u00fcher einsetzt oder die Wolkendecke so hoch ist, dass die Sicht sehr schlecht ist, auch wenn es noch Tag ist. In der Luftfahrt gibt es keinen Platz f\u00fcr schlechte Sicht, also m\u00fcssen Sie immer vorbereitet sein. Das Altair LL-64 30W LED-Landelicht leuchtet Landungen unter widrigen Bedingungen perfekt aus. Durch sein geringes Gewicht und seine Gr\u00f6\u00dfe kann es fast \u00fcberall im Flugzeug installiert werden. Dazu tr\u00e4gt auch der praktische Griff bei oder die M\u00f6glichkeit, die Lampe an der Vorderseite zu montieren. Dieses kompakte und effiziente Landelicht ist ein Muss f\u00fcr jeden, der fliegt.<\/p>\n<p>Kompatibel mit WIG-WAG\/PULSE Modul.<\/p>\n<p><strong>TECHNISCHE DATEN :<\/strong><\/p>\n<table width=\"1057\" cellspacing=\"0\" cellpadding=\"13\">\n<tbody>\n<tr valign=\"top\">\n<td width=\"386\">\n<p align=\"left\">Versorgungsspannung<\/p>\n<\/td>\n<td width=\"618\">\n<p align=\"left\"><span lang=\"pl-PL\">1<\/span><span lang=\"pl-PL\">2<\/span><span lang=\"pl-PL\">V DC &#8211;<\/span><span lang=\"pl-PL\">15<\/span><span lang=\"pl-PL\">V DC<\/span><\/p>\n<\/td>\n<\/tr>\n<tr valign=\"top\">\n<td width=\"386\">\n<p align=\"left\">Strom<\/p>\n<\/td>\n<td width=\"618\">\n<p align=\"left\"><span lang=\"pl-PL\">30 W , 4<\/span><span lang=\"pl-PL\">000 Lumen<\/span><\/p>\n<\/td>\n<\/tr>\n<tr valign=\"top\">\n<td width=\"386\">\n<p align=\"left\">Stromverbrauch<\/p>\n<\/td>\n<td width=\"618\">\n<p align=\"left\"><span lang=\"pl-PL\">2,4 <\/span><span lang=\"pl-PL\">A bei <\/span><span lang=\"pl-PL\">12<\/span><span lang=\"pl-PL\">V<\/span><\/p>\n<\/td>\n<\/tr>\n<tr valign=\"top\">\n<td width=\"386\" height=\"33\">\n<p align=\"left\">Farbtemperatur , Leds<\/p>\n<\/td>\n<td width=\"618\">\n<p align=\"left\">5500 K, Cree-LEDs<\/p>\n<\/td>\n<\/tr>\n<tr valign=\"top\">\n<td width=\"386\" height=\"33\">\n<p align=\"left\">Dioden<\/p>\n<\/td>\n<td width=\"618\">\n<p align=\"left\">XHP 70.2<\/p>\n<\/td>\n<\/tr>\n<tr valign=\"top\">\n<td width=\"386\" height=\"33\">\n<p align=\"left\">Einfallswinkel des Lichts<\/p>\n<\/td>\n<td width=\"618\">\n<p align=\"left\">8 Grad<\/p>\n<\/td>\n<\/tr>\n<tr valign=\"top\">\n<td width=\"386\">\n<p align=\"left\">Thermischer Schutz<\/p>\n<\/td>\n<td width=\"618\">\n<p align=\"left\">Eingebauter Temperatursensor<\/p>\n<\/td>\n<\/tr>\n<tr valign=\"top\">\n<td width=\"386\">\n<p align=\"left\">Schutz<\/p>\n<\/td>\n<td width=\"618\">\n<p align=\"left\">St\u00f6\u00dfe , Schock , Wasser IP68 , Staub , Vibration<\/p>\n<\/td>\n<\/tr>\n<tr valign=\"top\">\n<td width=\"386\">\n<p align=\"left\">Schutz vor Verpolung<\/p>\n<\/td>\n<td width=\"618\">\n<p align=\"left\">YES<\/p>\n<\/td>\n<\/tr>\n<tr valign=\"top\">\n<td width=\"386\">\n<p align=\"left\">Temperatur in der Umgebung<\/p>\n<\/td>\n<td width=\"618\">\n<p align=\"left\">-55 C \/ +85 C -67F \/ +185F<\/p>\n<\/td>\n<\/tr>\n<tr valign=\"top\">\n<td width=\"386\">\n<p align=\"left\">Erfassungsbereich<\/p>\n<\/td>\n<td width=\"618\">\n<p align=\"left\">Ungef\u00e4hr 150 m<\/p>\n<\/td>\n<\/tr>\n<tr valign=\"top\">\n<td width=\"386\">\n<p align=\"left\">Gewicht<\/p>\n<\/td>\n<td width=\"618\">\n<p align=\"left\">250 g \/ 0,55 lb<\/p>\n<\/td>\n<\/tr>\n<\/tbody>\n<\/table>\n","protected":false},"excerpt":{"rendered":"<p>ALTAIR LL-64 Jeder Flug ist einzigartig. Es gibt jedoch Zeiten, in denen die D\u00e4mmerung fr\u00fcher einsetzt oder die Wolkendecke so hoch ist, dass die Sicht sehr schlecht ist, auch wenn es noch Tag ist. In der&#8230; <a class=\"more\" href=\"https:\/\/skyflar.com\/de\/product\/landescheinwerfer-altair-ll-64\/\"> Wi\u0119cej &rarr;<\/a><\/p>\n","protected":false},"featured_media":24982,"comment_status":"open","ping_status":"closed","template":"","meta":[],"product_cat":[169],"product_tag":[],"acf":[],"aioseo_notices":[],"_links":{"self":[{"href":"https:\/\/skyflar.com\/de\/wp-json\/wp\/v2\/product\/24922"}],"collection":[{"href":"https:\/\/skyflar.com\/de\/wp-json\/wp\/v2\/product"}],"about":[{"href":"https:\/\/skyflar.com\/de\/wp-json\/wp\/v2\/types\/product"}],"replies":[{"embeddable":true,"href":"https:\/\/skyflar.com\/de\/wp-json\/wp\/v2\/comments?post=24922"}],"version-history":[{"count":2,"href":"https:\/\/skyflar.com\/de\/wp-json\/wp\/v2\/product\/24922\/revisions"}],"predecessor-version":[{"id":24993,"href":"https:\/\/skyflar.com\/de\/wp-json\/wp\/v2\/product\/24922\/revisions\/24993"}],"wp:featuredmedia":[{"embeddable":true,"href":"https:\/\/skyflar.com\/de\/wp-json\/wp\/v2\/media\/24982"}],"wp:attachment":[{"href":"https:\/\/skyflar.com\/de\/wp-json\/wp\/v2\/media?parent=24922"}],"wp:term":[{"taxonomy":"product_cat","embeddable":true,"href":"https:\/\/skyflar.com\/de\/wp-json\/wp\/v2\/product_cat?post=24922"},{"taxonomy":"product_tag","embeddable":true,"href":"https:\/\/skyflar.com\/de\/wp-json\/wp\/v2\/product_tag?post=24922"}],"curies":[{"name":"wp","href":"https:\/\/api.w.org\/{rel}","templated":true}]}}