{"id":25250,"date":"2024-07-19T15:11:57","date_gmt":"2024-07-19T13:14:44","guid":{"rendered":"https:\/\/skyflar.com\/?post_type=product&#038;p=25250"},"modified":"2024-11-15T15:29:53","modified_gmt":"2024-11-15T14:29:53","slug":"safestrobes-sf-neu","status":"publish","type":"product","link":"https:\/\/skyflar.com\/de\/product\/safestrobes-sf-neu\/","title":{"rendered":"SAFESTROBES SF NEU"},"content":{"rendered":"<p><strong>SAFESTROBES SF NEU<\/strong><\/p>\n<p>Was fliegen Sie jetzt? Was werden Sie in Zukunft fliegen? Man kann nie wissen, aber Sie m\u00fcssen auf jeden Fall sichtbar und damit sicher sein. Aus diesem Grund haben wir eine neue Version des kultigen Skyflar-Produkts entwickelt &#8211; SAFESTROBES SF NEW. Es ist ein Bausatz, der mit Ihrer Leidenschaft f\u00fcr das Fliegen w\u00e4chst. Das Herzst\u00fcck von SAFESTROBES SF NEW ist ein separater Controller (Splitterbox), der mit zus\u00e4tzlichen Lampen erweitert werden kann und multifunktional ist. Beginnend mit 1 Stroboskoplicht kann es bis zu 4 LED-Lichter gleichzeitig aufnehmen. Sie haben die Wahl zwischen einem wei\u00dfen Navigationslicht, einem roten Navigationslicht und seitlichen gr\u00fcnen\/roten Fl\u00fcgelspitzen (Navigations-\/Strobe-\/Positionslichter). Wenn Sie also eine Version mit einfachen oder doppelten Lichtern haben, k\u00f6nnen Sie in Zukunft Wingips hinzuf\u00fcgen, ohne ein neues Set kaufen zu m\u00fcssen. Die drei Steckpl\u00e4tze sind synchronisiert, der vierte arbeitet abwechselnd. Sie k\u00f6nnen die Blinksequenz je nach Bedarf \u00e4ndern oder das Licht auch konstant lassen, um eine bessere Sichtbarkeit am Boden zu gew\u00e4hrleisten.<br \/>\nSAFESTROBES SF NEU Es ist doppelt so stark und noch einfacher zu installieren. Der Polyurethanguss sorgt f\u00fcr eine robuste Konstruktion der Lampen. Sie ist sto\u00dffest, staubdicht und wasserdicht, was die Lampen &#8216;unzerst\u00f6rbar&#8217; macht. Dieses einzigartige Harz ist nicht nur extrem hart, sondern verf\u00fcgt auch \u00fcber eine hervorragende W\u00e4rmeleitf\u00e4higkeit, so dass die Lampen die Leistung der neuesten, extrem leistungsstarken CREE LEDs nutzen k\u00f6nnen. Die hohe Leistung und der geringe Energieverbrauch des Produkts sorgen f\u00fcr eine lange Lebensdauer. SAFESTROBES SF NEW ist also ein Produkt f\u00fcr die Ewigkeit!<\/p>\n<p>&nbsp;<\/p>\n<p class=\"western\"><strong>TECHNISCHE DATEN :<\/strong><\/p>\n<table width=\"906\" cellspacing=\"0\" cellpadding=\"11\">\n<tbody>\n<tr valign=\"top\">\n<td width=\"331\">\n<p class=\"western\" align=\"left\"><span style=\"font-size: small;\"><span lang=\"pl-PL\">Versorgungsspannung<\/span><\/span><\/p>\n<\/td>\n<td width=\"529\">\n<p class=\"western\" align=\"left\"><span style=\"color: #000000;\"><span style=\"font-size: small;\"><span lang=\"pl-PL\">9 -30 <\/span><\/span><\/span><span style=\"font-size: small;\"><span lang=\"pl-PL\">V GLEICHSTROM<\/span><\/span><\/p>\n<\/td>\n<\/tr>\n<tr valign=\"top\">\n<td width=\"331\">\n<p class=\"western\" align=\"left\"><span style=\"font-size: small;\"><span lang=\"pl-PL\"> Blinkende Stroboskoplichter (2 Lichter)<\/span><\/span><\/p>\n<\/td>\n<td width=\"529\">\n<p class=\"western\" align=\"left\"><span style=\"font-size: small;\"><span lang=\"pl-PL\">6W \/ 0,45A bei 14V DC<\/span><\/span><\/p>\n<\/td>\n<\/tr>\n<tr valign=\"top\">\n<td width=\"331\">\n<p class=\"western\" align=\"left\">Blinkende Stroboskoplichter (2 Lichter)<\/p>\n<\/td>\n<td width=\"529\">\n<p class=\"western\" align=\"left\"><span style=\"font-size: small;\"><span lang=\"pl-PL\">120 W Blitzlicht, 15000 Lumen \/ 8 A bei 14V DC<\/span><\/span><\/p>\n<\/td>\n<\/tr>\n<tr valign=\"top\">\n<td width=\"331\" height=\"28\">\n<p class=\"western\" align=\"left\">Blitzrate<\/p>\n<\/td>\n<td width=\"529\">\n<p class=\"western\" align=\"left\"><span style=\"color: #000000; font-size: small;\">45 Zyklen pro Minute<\/span><\/p>\n<\/td>\n<\/tr>\n<tr valign=\"top\">\n<td width=\"331\">\n<p class=\"western\" align=\"left\">Synchronisierung<\/p>\n<\/td>\n<td width=\"529\">\n<p class=\"western\" align=\"left\"><span style=\"font-size: small;\"><span lang=\"pl-PL\">Ja<\/span><\/span><\/p>\n<\/td>\n<\/tr>\n<tr valign=\"top\">\n<td width=\"331\">\n<p class=\"western\" align=\"left\">LED-Treiber<\/p>\n<\/td>\n<td width=\"529\">\n<p class=\"western\" align=\"left\"><span style=\"color: #000000; font-size: small;\">Separat <\/span><\/p>\n<\/td>\n<\/tr>\n<tr valign=\"top\">\n<td width=\"331\">\n<p class=\"western\" align=\"left\">Schutz<\/p>\n<\/td>\n<td width=\"529\">\n<p class=\"western\" align=\"left\">Schock, Sto\u00df, Wasser IP68, Staub, Vibration<\/p>\n<\/td>\n<\/tr>\n<tr valign=\"top\">\n<td width=\"331\">\n<p class=\"western\" align=\"left\">Erfassungsbereich<\/p>\n<\/td>\n<td width=\"529\">\n<p class=\"western\" align=\"left\"><span style=\"font-size: small;\"><span lang=\"pl-PL\">etwa 15 km in der Dunkelheit<\/span><\/span><\/p>\n<\/td>\n<\/tr>\n<tr valign=\"top\">\n<td width=\"331\">\n<p class=\"western\" align=\"left\">Schutz vor Verpolung<\/p>\n<\/td>\n<td width=\"529\">\n<p class=\"western\" align=\"left\"><span style=\"font-size: small;\"><span lang=\"pl-PL\">Ja<\/span><\/span><\/p>\n<\/td>\n<\/tr>\n<tr valign=\"top\">\n<td width=\"331\">\n<p class=\"western\" align=\"left\"><span style=\"font-size: small;\"><span lang=\"pl-PL\">Temperatur in der Umgebung<\/span><\/span><\/p>\n<\/td>\n<td width=\"529\">\n<p class=\"western\" align=\"left\"><span style=\"font-size: small;\"><span lang=\"pl-PL\">-55 C \/ +85 C -67F \/ +185F<\/span><\/span><\/p>\n<\/td>\n<\/tr>\n<tr valign=\"top\">\n<td width=\"331\">\n<p class=\"western\" align=\"left\"><span style=\"font-size: small;\"><span lang=\"pl-PL\">Gewicht :<\/span><\/span><\/p>\n<\/td>\n<td width=\"529\">\n<p class=\"western\" align=\"left\"><span style=\"font-size: small;\"><span lang=\"pl-PL\">Controller : 230 g<\/span><\/span><\/p>\n<p class=\"western\" align=\"left\"><span style=\"font-size: small;\"><span lang=\"pl-PL\">Navigation und Stroboskop : je 80 g<\/span><\/span><\/p>\n<p class=\"western\" align=\"left\"><span style=\"font-size: small;\"><span lang=\"pl-PL\">Stroboskop 60 g pro St\u00fcck<\/span><\/span><\/p>\n<\/td>\n<\/tr>\n<tr valign=\"top\">\n<td width=\"331\"><\/td>\n<td width=\"529\"><\/td>\n<\/tr>\n<\/tbody>\n<\/table>\n<p class=\"western\" align=\"center\">\n","protected":false},"excerpt":{"rendered":"<p>SAFESTROBES SF NEU Was fliegen Sie jetzt? Was werden Sie in Zukunft fliegen? Man kann nie wissen, aber Sie m\u00fcssen auf jeden Fall sichtbar und damit sicher sein. Aus diesem Grund haben wir eine neue Version&#8230; <a class=\"more\" href=\"https:\/\/skyflar.com\/de\/product\/safestrobes-sf-neu\/\"> Wi\u0119cej &rarr;<\/a><\/p>\n","protected":false},"featured_media":25151,"comment_status":"open","ping_status":"closed","template":"","meta":[],"product_cat":[66],"product_tag":[],"acf":[],"aioseo_notices":[],"_links":{"self":[{"href":"https:\/\/skyflar.com\/de\/wp-json\/wp\/v2\/product\/25250"}],"collection":[{"href":"https:\/\/skyflar.com\/de\/wp-json\/wp\/v2\/product"}],"about":[{"href":"https:\/\/skyflar.com\/de\/wp-json\/wp\/v2\/types\/product"}],"replies":[{"embeddable":true,"href":"https:\/\/skyflar.com\/de\/wp-json\/wp\/v2\/comments?post=25250"}],"version-history":[{"count":3,"href":"https:\/\/skyflar.com\/de\/wp-json\/wp\/v2\/product\/25250\/revisions"}],"predecessor-version":[{"id":25391,"href":"https:\/\/skyflar.com\/de\/wp-json\/wp\/v2\/product\/25250\/revisions\/25391"}],"wp:featuredmedia":[{"embeddable":true,"href":"https:\/\/skyflar.com\/de\/wp-json\/wp\/v2\/media\/25151"}],"wp:attachment":[{"href":"https:\/\/skyflar.com\/de\/wp-json\/wp\/v2\/media?parent=25250"}],"wp:term":[{"taxonomy":"product_cat","embeddable":true,"href":"https:\/\/skyflar.com\/de\/wp-json\/wp\/v2\/product_cat?post=25250"},{"taxonomy":"product_tag","embeddable":true,"href":"https:\/\/skyflar.com\/de\/wp-json\/wp\/v2\/product_tag?post=25250"}],"curies":[{"name":"wp","href":"https:\/\/api.w.org\/{rel}","templated":true}]}}