{"id":25528,"date":"2025-04-10T17:50:25","date_gmt":"2025-04-10T15:54:55","guid":{"rendered":"https:\/\/skyflar.com\/?post_type=product&#038;p=25528"},"modified":"2025-04-15T14:45:33","modified_gmt":"2025-04-15T12:45:33","slug":"25528","status":"publish","type":"product","link":"https:\/\/skyflar.com\/de\/product\/25528\/","title":{"rendered":"ORION RS-100 Heckblitzleuchte"},"content":{"rendered":"<p><strong>ORION RS-100 Heckblitzleuchte<\/strong><\/p>\n<p>Erleben Sie eine neue Qualit\u00e4t der Sicherheit im Ultraleichtflug! Das moderne Stroboskop\/R\u00fccklicht Orion RS-100 ist eine Kombination aus erstklassiger Technologie und kompaktem Design. Mit seiner leistungsstarken Lichtleistung in einer kompakten Form sorgt es f\u00fcr hervorragende Sichtbarkeit und Sicherheit unter allen Bedingungen. Es wurde mit \u00e4u\u00dferster Pr\u00e4zision entwickelt und verwendet die neueste Technologie und elektronische Komponenten, die in jeder Situation Zuverl\u00e4ssigkeit garantieren. Ihre Haltbarkeit ist beeindruckend &#8211; sie ist wasser- (IP68), staub-, vibrations- und UV-best\u00e4ndig und beh\u00e4lt \u00fcber Jahre hinweg ihre kristallklare Sicht und volle Funktionalit\u00e4t. Das Geh\u00e4use aus Polyurethan ist eine Garantie f\u00fcr Langlebigkeit auch unter extremen Bedingungen. Hergestellt in Polen von dem dynamisch wachsenden Unternehmen SKYFLAR &#8211; mit Leidenschaft, Stolz und Sorgfalt nach den h\u00f6chsten Standards.      <\/p>\n<p><strong>Spezifikation<\/strong><\/p>\n<table width=\"923\" cellspacing=\"0\" cellpadding=\"11\">\n<tbody>\n<tr valign=\"top\">\n<td width=\"338\">\n<p align=\"left\"><span style=\"font-family: Calibri, sans-serif;\"><span style=\"font-size: medium;\">Versionen der Versorgungsspannung<\/span><\/span><\/p>\n<\/td>\n<td width=\"540\">\n<p align=\"left\"><span style=\"font-family: Calibri, sans-serif;\"><span style=\"font-size: medium;\">Nur 12 VDC<\/span><\/span><\/p>\n<\/td>\n<\/tr>\n<tr valign=\"top\">\n<td width=\"338\">\n<p align=\"left\"><span style=\"font-family: Calibri, sans-serif;\"><span style=\"font-size: medium;\"><span lang=\"pl-PL\">Leistung <\/span><span lang=\"pl-PL\">Stroboskop<\/span><\/span><\/span><\/p>\n<p align=\"left\"><span style=\"font-family: Calibri, sans-serif;\"><span style=\"font-size: medium;\"><span lang=\"pl-PL\">Elektrisches R\u00fccklicht<\/span><\/span><\/span><\/p>\n<\/td>\n<td width=\"540\">\n<p align=\"left\"><span style=\"font-family: Calibri, sans-serif;\"><span style=\"font-size: medium;\"><span lang=\"pl-PL\">3,<\/span><span lang=\"pl-PL\">5<\/span><span lang=\"pl-PL\">A<\/span><span lang=\"pl-PL\">(max.) <\/span><span lang=\"pl-PL\"> bei 14VDC <\/span> <\/span><\/span><\/p>\n<p align=\"left\"><span style=\"font-family: Calibri, sans-serif;\"><span style=\"font-size: medium;\"><span lang=\"pl-PL\">0,2<\/span><span lang=\"pl-PL\">A<\/span> <span lang=\"pl-PL\"> bei 14VDC <\/span> <\/span><\/span><\/p>\n<\/td>\n<\/tr>\n<tr valign=\"top\">\n<td width=\"338\">\n<p align=\"left\"><span style=\"font-family: Calibri, sans-serif;\"><span style=\"font-size: medium;\">Stroboskoplichter in der Spitze  <\/span><\/span><\/p>\n<p align=\"left\"><span style=\"font-family: Calibri, sans-serif;\"><span style=\"font-size: medium;\">R\u00fccklicht<\/span><\/span><\/p>\n<\/td>\n<td width=\"540\">\n<p align=\"left\"><span style=\"font-family: Calibri, sans-serif;\"><span style=\"font-size: medium;\"><span lang=\"pl-PL\">49 <\/span><span lang=\"pl-PL\">W Spitze ,<\/span><span lang=\"pl-PL\">60<\/span><span lang=\"pl-PL\">00<\/span><span lang=\"pl-PL\"> Lumen <\/span> <\/span><\/span><\/p>\n<p align=\"left\"><span style=\"font-family: Calibri, sans-serif;\"><span style=\"font-size: medium;\">3W , 400 Lumen<\/span><\/span><\/p>\n<\/td>\n<\/tr>\n<tr valign=\"top\">\n<td width=\"338\">\n<p align=\"left\"><span style=\"font-family: Calibri, sans-serif;\"><span style=\"font-size: medium;\">Flash-Spitzenzeit<\/span><\/span><\/p>\n<\/td>\n<td width=\"540\">\n<p align=\"left\"><span style=\"font-family: Calibri, sans-serif;\"><span style=\"font-size: medium;\">75 ms<\/span><\/span><\/p>\n<\/td>\n<\/tr>\n<tr valign=\"top\">\n<td width=\"338\">\n<p align=\"left\"><span style=\"font-family: Calibri, sans-serif;\"><span style=\"font-size: medium;\">Rate des Stroboskops<\/span><\/span><\/p>\n<\/td>\n<td width=\"540\">\n<p align=\"left\"><span style=\"font-family: Calibri, sans-serif;\"><span style=\"font-size: medium;\"><span lang=\"pl-PL\">Einzelne Blitze , <\/span><span lang=\"pl-PL\">48<\/span><span lang=\"pl-PL\"> pro Minute<\/span><\/span><\/span><\/p>\n<\/td>\n<\/tr>\n<tr valign=\"top\">\n<td width=\"338\">\n<p align=\"left\"><span style=\"font-family: Calibri, sans-serif;\"><span style=\"font-size: medium;\">Synchronisierung<\/span><\/span><\/p>\n<\/td>\n<td width=\"540\">\n<p align=\"left\"><span style=\"font-family: Calibri, sans-serif;\"><span style=\"font-size: medium;\"><span lang=\"pl-PL\">YES <\/span><span lang=\"pl-PL\">mit<\/span><span lang=\"pl-PL\"> Orion RS-200 und RS-100 Wei\u00dfes Stroboskop<\/span><\/span><\/span><\/p>\n<p align=\"left\"><span style=\"font-family: Calibri, sans-serif;\"><span style=\"font-size: medium;\"><span lang=\"pl-PL\">(<\/span><span lang=\"pl-PL\">A<\/span><span lang=\"pl-PL\">alternative Synchronisierung mit Orion RS-100 Red Strobe)<\/span><\/span><\/span><\/p>\n<\/td>\n<\/tr>\n<tr valign=\"top\">\n<td width=\"338\">\n<p align=\"left\"><span style=\"font-family: Calibri, sans-serif;\"><span style=\"font-size: medium;\">LED-Steuerung<\/span><\/span><\/p>\n<\/td>\n<td width=\"540\">\n<p align=\"left\"><span style=\"font-family: Calibri, sans-serif;\"><span style=\"font-size: medium;\">Im Inneren der Lampen<\/span><\/span><\/p>\n<\/td>\n<\/tr>\n<tr valign=\"top\">\n<td width=\"338\">\n<p align=\"left\"><span style=\"font-family: Calibri, sans-serif;\"><span style=\"font-size: medium;\">Schutz<\/span><\/span><\/p>\n<\/td>\n<td width=\"540\">\n<p align=\"left\"><span style=\"font-family: Calibri, sans-serif;\"><span style=\"font-size: medium;\">Schock , St\u00f6\u00dfe , Wasser IP68 , Staub , Vibrationen<\/span><\/span><\/p>\n<\/td>\n<\/tr>\n<tr valign=\"top\">\n<td width=\"338\">\n<p align=\"left\"><span style=\"font-family: Calibri, sans-serif;\"><span style=\"font-size: medium;\">Reichweite<\/span><\/span><\/p>\n<\/td>\n<td width=\"540\">\n<p align=\"left\"><span style=\"font-family: Calibri, sans-serif;\"><span style=\"font-size: medium;\"><span lang=\"pl-PL\">\u00fcber <\/span><span lang=\"pl-PL\">7<\/span><span lang=\"pl-PL\"> km in der Dunkelheit<\/span><\/span><\/span><\/p>\n<\/td>\n<\/tr>\n<tr valign=\"top\">\n<td width=\"338\">\n<p align=\"left\"><span style=\"font-family: Calibri, sans-serif;\"><span style=\"font-size: medium;\">Schutz vor Verpolung<\/span><\/span><\/p>\n<\/td>\n<td width=\"540\">\n<p align=\"left\"><span style=\"font-family: Calibri, sans-serif;\"><span style=\"font-size: medium;\">JA<\/span><\/span><\/p>\n<\/td>\n<\/tr>\n<tr valign=\"top\">\n<td width=\"338\">\n<p align=\"left\"><span style=\"font-family: Calibri, sans-serif;\"><span style=\"font-size: medium;\">Thermischer Sensor<\/span><\/span><\/p>\n<\/td>\n<td width=\"540\">\n<p align=\"left\"><span style=\"font-family: Calibri, sans-serif;\"><span style=\"font-size: medium;\">JA<\/span><\/span><\/p>\n<\/td>\n<\/tr>\n<tr valign=\"top\">\n<td width=\"338\">\n<p align=\"left\"><span style=\"font-family: Calibri, sans-serif;\"><span style=\"font-size: medium;\">Unterspannungsschutz<\/span><\/span><\/p>\n<\/td>\n<td width=\"540\">\n<p align=\"left\"><span style=\"font-family: Calibri, sans-serif;\"><span style=\"font-size: medium;\">JA<\/span><\/span><\/p>\n<\/td>\n<\/tr>\n<tr valign=\"top\">\n<td width=\"338\">\n<p align=\"left\"><span style=\"font-family: Calibri, sans-serif;\"><span style=\"font-size: medium;\">\u00dcberspannungsschutz<\/span><\/span><\/p>\n<\/td>\n<td width=\"540\">\n<p align=\"left\"><span style=\"font-family: Calibri, sans-serif;\"><span style=\"font-size: medium;\">NO<\/span><\/span><\/p>\n<\/td>\n<\/tr>\n<tr valign=\"top\">\n<td width=\"338\">\n<p align=\"left\"><span style=\"font-family: Calibri, sans-serif;\"><span style=\"font-size: medium;\"><span lang=\"pl-PL\">W<\/span><span lang=\"pl-PL\">i<\/span><span lang=\"pl-PL\">res Typ \/ <\/span><span lang=\"pl-PL\">l\u00e4nge<\/span><\/span><\/span><\/p>\n<\/td>\n<td width=\"540\">\n<p align=\"left\"><span style=\"font-family: Calibri, sans-serif;\"><span style=\"font-size: medium;\"><span lang=\"pl-PL\">20AWG \/ 0,5mm2 \/ <\/span><span lang=\"pl-PL\">22 cm<\/span><\/span><\/span><\/p>\n<\/td>\n<\/tr>\n<tr valign=\"top\">\n<td width=\"338\">\n<p align=\"left\"><span style=\"font-family: Calibri, sans-serif;\"><span style=\"font-size: medium;\">Empfehlung f\u00fcr Sicherungen<\/span><\/span><\/p>\n<\/td>\n<td width=\"540\">\n<p align=\"left\"><span style=\"font-family: Calibri, sans-serif;\"><span style=\"font-size: medium;\">3A R\u00fccklicht, Blitzlicht 5A<\/span><\/span><\/p>\n<\/td>\n<\/tr>\n<tr valign=\"top\">\n<td width=\"338\">\n<p align=\"left\"><span style=\"font-family: Calibri, sans-serif;\"><span style=\"font-size: medium;\">Umgebungstemperatur<\/span><\/span><\/p>\n<\/td>\n<td width=\"540\">\n<p align=\"left\"><span style=\"font-family: Calibri, sans-serif;\"><span style=\"font-size: medium;\">-55 C \/ +85 C -67F \/ +185F<\/span><\/span><\/p>\n<\/td>\n<\/tr>\n<tr valign=\"top\">\n<td width=\"338\">\n<p align=\"left\"><span style=\"font-family: Calibri, sans-serif;\"><span style=\"font-size: medium;\">Gr\u00f6\u00dfe der Befestigungsschraube<\/span><\/span><\/p>\n<\/td>\n<td width=\"540\">\n<p align=\"left\"><span style=\"font-family: Calibri, sans-serif;\"><span style=\"font-size: medium;\"><span lang=\"pl-PL\">M3 Edelstahl \/ <\/span><span lang=\"pl-PL\">Zentral M<\/span><span lang=\"pl-PL\">8<\/span><span lang=\"pl-PL\">\/1<\/span><\/span><\/span><\/p>\n<\/td>\n<\/tr>\n<tr valign=\"top\">\n<td width=\"338\">\n<p align=\"left\"><span style=\"font-family: Calibri, sans-serif;\"><span style=\"font-size: medium;\">Drehmomentbedarf f\u00fcr Schraube<\/span><\/span><\/p>\n<\/td>\n<td width=\"540\">\n<p align=\"left\"><span style=\"font-family: Calibri, sans-serif;\"><span style=\"font-size: medium;\">M3-1,2Nm , M8-2Nm<\/span><\/span><\/p>\n<\/td>\n<\/tr>\n<tr valign=\"top\">\n<td width=\"338\">\n<p align=\"left\"><span style=\"font-family: Calibri, sans-serif;\"><span style=\"font-size: medium;\">Gewicht<\/span><\/span><\/p>\n<\/td>\n<td width=\"540\">\n<p align=\"left\"><span style=\"font-family: Calibri, sans-serif;\"><span style=\"font-size: medium;\"><span lang=\"pl-PL\">60<\/span><span lang=\"pl-PL\">g \/ <\/span><span lang=\"pl-PL\">0,13<\/span><span lang=\"pl-PL\">l<\/span><span lang=\"pl-PL\">b <\/span> <\/span><\/span><\/p>\n<\/td>\n<\/tr>\n<\/tbody>\n<\/table>\n","protected":false},"excerpt":{"rendered":"<p>ORION RS-100 Heckblitzleuchte Erleben Sie eine neue Qualit\u00e4t der Sicherheit im Ultraleichtflug! Das moderne Stroboskop\/R\u00fccklicht Orion RS-100 ist eine Kombination aus erstklassiger Technologie und kompaktem Design. Mit seiner leistungsstarken Lichtleistung in einer kompakten Form sorgt es&#8230; <a class=\"more\" href=\"https:\/\/skyflar.com\/de\/product\/25528\/\"> Wi\u0119cej &rarr;<\/a><\/p>\n","protected":false},"featured_media":25513,"comment_status":"closed","ping_status":"closed","template":"","meta":[],"product_cat":[59],"product_tag":[],"acf":[],"aioseo_notices":[],"_links":{"self":[{"href":"https:\/\/skyflar.com\/de\/wp-json\/wp\/v2\/product\/25528"}],"collection":[{"href":"https:\/\/skyflar.com\/de\/wp-json\/wp\/v2\/product"}],"about":[{"href":"https:\/\/skyflar.com\/de\/wp-json\/wp\/v2\/types\/product"}],"replies":[{"embeddable":true,"href":"https:\/\/skyflar.com\/de\/wp-json\/wp\/v2\/comments?post=25528"}],"version-history":[{"count":3,"href":"https:\/\/skyflar.com\/de\/wp-json\/wp\/v2\/product\/25528\/revisions"}],"predecessor-version":[{"id":25644,"href":"https:\/\/skyflar.com\/de\/wp-json\/wp\/v2\/product\/25528\/revisions\/25644"}],"wp:featuredmedia":[{"embeddable":true,"href":"https:\/\/skyflar.com\/de\/wp-json\/wp\/v2\/media\/25513"}],"wp:attachment":[{"href":"https:\/\/skyflar.com\/de\/wp-json\/wp\/v2\/media?parent=25528"}],"wp:term":[{"taxonomy":"product_cat","embeddable":true,"href":"https:\/\/skyflar.com\/de\/wp-json\/wp\/v2\/product_cat?post=25528"},{"taxonomy":"product_tag","embeddable":true,"href":"https:\/\/skyflar.com\/de\/wp-json\/wp\/v2\/product_tag?post=25528"}],"curies":[{"name":"wp","href":"https:\/\/api.w.org\/{rel}","templated":true}]}}