{"id":25596,"date":"2025-04-15T12:18:48","date_gmt":"2025-04-15T10:18:48","guid":{"rendered":"https:\/\/skyflar.com\/?post_type=product&#038;p=25596"},"modified":"2025-04-15T14:55:07","modified_gmt":"2025-04-15T12:55:07","slug":"orion-rs-100-rot-stroboskop-licht","status":"publish","type":"product","link":"https:\/\/skyflar.com\/de\/product\/orion-rs-100-rot-stroboskop-licht\/","title":{"rendered":"ORION RS-100 Rotes Stroboskoplicht"},"content":{"rendered":"<p><strong>ORION RS-100 Rotes Stroboskoplicht<\/strong><\/p>\n<p>Erleben Sie eine neue Qualit\u00e4t der Sicherheit in der Ultraleichtfliegerei! Das moderne Stroboskop\/R\u00fccklicht Orion RS-100 ist eine Kombination aus erstklassiger Technologie und kompaktem Design. Mit seiner leistungsstarken Lichtleistung in einer kompakten Form sorgt es f\u00fcr hervorragende Sichtbarkeit und Sicherheit unter allen Bedingungen. Es wurde mit \u00e4u\u00dferster Pr\u00e4zision entwickelt und verwendet die neueste Technologie und elektronische Komponenten, die in jeder Situation Zuverl\u00e4ssigkeit garantieren. Ihre Haltbarkeit ist beeindruckend &#8211; sie ist wasser- (IP68), staub-, vibrations- und UV-best\u00e4ndig und beh\u00e4lt \u00fcber Jahre hinweg ihre kristallklare Sicht und volle Funktionalit\u00e4t. Das Geh\u00e4use aus Polyurethan ist eine Garantie f\u00fcr Langlebigkeit auch unter extremen Bedingungen. Hergestellt in Polen von dem dynamisch wachsenden Unternehmen SKYFLAR &#8211; mit Leidenschaft, Stolz und Sorgfalt nach den h\u00f6chsten Standards.<\/p>\n<p><strong>SPEZIFIKATIONEN<\/strong><\/p>\n<table width=\"923\" cellspacing=\"0\" cellpadding=\"11\">\n<tbody>\n<tr valign=\"top\">\n<td width=\"338\">\n<p align=\"left\"><span style=\"font-family: Calibri, sans-serif;\"><span style=\"font-size: medium;\">Versionen der Versorgungsspannung<\/span><\/span><\/p>\n<\/td>\n<td width=\"540\">\n<p align=\"left\"><span style=\"font-family: Calibri, sans-serif;\"><span style=\"font-size: medium;\">Nur 12 VDC<\/span><\/span><\/p>\n<\/td>\n<\/tr>\n<tr valign=\"top\">\n<td width=\"338\">\n<p align=\"left\"><span style=\"font-family: Calibri, sans-serif;\"><span style=\"font-size: medium;\">Strom <\/span><\/span><\/p>\n<\/td>\n<td width=\"540\">\n<p align=\"left\"><span style=\"font-family: Calibri, sans-serif;\"><span style=\"font-size: medium;\"><span lang=\"pl-PL\">3<\/span><span lang=\"pl-PL\">A<\/span><span lang=\"pl-PL\">(max.)<\/span><span lang=\"pl-PL\">bei 14VDC <\/span> <\/span><\/span><\/p>\n<\/td>\n<\/tr>\n<tr valign=\"top\">\n<td width=\"338\">\n<p align=\"left\"><span style=\"font-family: Calibri, sans-serif;\"><span style=\"font-size: medium;\">Stroboskoplicht in der Spitze <\/span><\/span><\/p>\n<\/td>\n<td width=\"540\">\n<p align=\"left\"><span style=\"font-family: Calibri, sans-serif;\"><span style=\"font-size: medium;\"><span lang=\"pl-PL\">42<\/span><span lang=\"pl-PL\">W Spitze ,<\/span><span lang=\"pl-PL\">5500<\/span><span lang=\"pl-PL\"> Lumen <\/span> <\/span><\/span><\/p>\n<\/td>\n<\/tr>\n<tr valign=\"top\">\n<td width=\"338\">\n<p align=\"left\"><span style=\"font-family: Calibri, sans-serif;\"><span style=\"font-size: medium;\">Flash-Spitzenzeit<\/span><\/span><\/p>\n<\/td>\n<td width=\"540\">\n<p align=\"left\"><span style=\"font-family: Calibri, sans-serif;\"><span style=\"font-size: medium;\">350 ms<\/span><\/span><\/p>\n<\/td>\n<\/tr>\n<tr valign=\"top\">\n<td width=\"338\">\n<p align=\"left\"><span style=\"font-family: Calibri, sans-serif;\"><span style=\"font-size: medium;\">Rate des Stroboskops<\/span><\/span><\/p>\n<\/td>\n<td width=\"540\">\n<p align=\"left\"><span style=\"font-family: Calibri, sans-serif;\"><span style=\"font-size: medium;\"><span lang=\"pl-PL\">Einzelne Blitze , <\/span><span lang=\"pl-PL\">48<\/span><span lang=\"pl-PL\"> pro Minute<\/span><\/span><\/span><\/p>\n<\/td>\n<\/tr>\n<tr valign=\"top\">\n<td width=\"338\">\n<p align=\"left\"><span style=\"font-family: Calibri, sans-serif;\"><span style=\"font-size: medium;\">Synchronisierung<\/span><\/span><\/p>\n<\/td>\n<td width=\"540\">\n<p align=\"left\"><span style=\"font-family: Calibri, sans-serif;\"><span style=\"font-size: medium;\"><span lang=\"pl-PL\">YES <\/span><span lang=\"pl-PL\">( Alternative zu Orion RS-200 und RS-100 Wei\u00dfes Stroboskop\/Schlusslicht <\/span><span lang=\"pl-PL\">Stroboskop <\/span><span lang=\"pl-PL\">)<\/span><\/span><\/span><\/p>\n<\/td>\n<\/tr>\n<tr valign=\"top\">\n<td width=\"338\">\n<p align=\"left\"><span style=\"font-family: Calibri, sans-serif;\"><span style=\"font-size: medium;\">LED-Steuerung<\/span><\/span><\/p>\n<\/td>\n<td width=\"540\">\n<p align=\"left\"><span style=\"font-family: Calibri, sans-serif;\"><span style=\"font-size: medium;\">Im Inneren der Lampen<\/span><\/span><\/p>\n<\/td>\n<\/tr>\n<tr valign=\"top\">\n<td width=\"338\">\n<p align=\"left\"><span style=\"font-family: Calibri, sans-serif;\"><span style=\"font-size: medium;\">Schutz<\/span><\/span><\/p>\n<\/td>\n<td width=\"540\">\n<p align=\"left\"><span style=\"font-family: Calibri, sans-serif;\"><span style=\"font-size: medium;\">Schock , St\u00f6\u00dfe , Wasser IP68 , Staub , Vibrationen<\/span><\/span><\/p>\n<\/td>\n<\/tr>\n<tr valign=\"top\">\n<td width=\"338\">\n<p align=\"left\"><span style=\"font-family: Calibri, sans-serif;\"><span style=\"font-size: medium;\">Reichweite<\/span><\/span><\/p>\n<\/td>\n<td width=\"540\">\n<p align=\"left\"><span style=\"font-family: Calibri, sans-serif;\"><span style=\"font-size: medium;\"><span lang=\"pl-PL\">\u00fcber <\/span><span lang=\"pl-PL\">10<\/span><span lang=\"pl-PL\"> km in der Dunkelheit<\/span><\/span><\/span><\/p>\n<\/td>\n<\/tr>\n<tr valign=\"top\">\n<td width=\"338\">\n<p align=\"left\"><span style=\"font-family: Calibri, sans-serif;\"><span style=\"font-size: medium;\">Schutz vor Verpolung<\/span><\/span><\/p>\n<\/td>\n<td width=\"540\">\n<p align=\"left\"><span style=\"font-family: Calibri, sans-serif;\"><span style=\"font-size: medium;\">JA<\/span><\/span><\/p>\n<\/td>\n<\/tr>\n<tr valign=\"top\">\n<td width=\"338\">\n<p align=\"left\"><span style=\"font-family: Calibri, sans-serif;\"><span style=\"font-size: medium;\">Thermischer Sensor<\/span><\/span><\/p>\n<\/td>\n<td width=\"540\">\n<p align=\"left\"><span style=\"font-family: Calibri, sans-serif;\"><span style=\"font-size: medium;\">JA<\/span><\/span><\/p>\n<\/td>\n<\/tr>\n<tr valign=\"top\">\n<td width=\"338\">\n<p align=\"left\"><span style=\"font-family: Calibri, sans-serif;\"><span style=\"font-size: medium;\">Unterspannungsschutz<\/span><\/span><\/p>\n<\/td>\n<td width=\"540\">\n<p align=\"left\"><span style=\"font-family: Calibri, sans-serif;\"><span style=\"font-size: medium;\">JA<\/span><\/span><\/p>\n<\/td>\n<\/tr>\n<tr valign=\"top\">\n<td width=\"338\">\n<p align=\"left\"><span style=\"font-family: Calibri, sans-serif;\"><span style=\"font-size: medium;\">\u00dcberspannungsschutz<\/span><\/span><\/p>\n<\/td>\n<td width=\"540\">\n<p align=\"left\"><span style=\"font-family: Calibri, sans-serif;\"><span style=\"font-size: medium;\">NO<\/span><\/span><\/p>\n<\/td>\n<\/tr>\n<tr valign=\"top\">\n<td width=\"338\">\n<p align=\"left\"><span style=\"font-family: Calibri, sans-serif;\"><span style=\"font-size: medium;\"><span lang=\"pl-PL\">W<\/span><span lang=\"pl-PL\">i<\/span><span lang=\"pl-PL\">res Typ \/ <\/span><span lang=\"pl-PL\">l\u00e4nge<\/span><\/span><\/span><\/p>\n<\/td>\n<td width=\"540\">\n<p align=\"left\"><span style=\"font-family: Calibri, sans-serif;\"><span style=\"font-size: medium;\"><span lang=\"pl-PL\">20AWG \/ 0,5mm2 \/ <\/span><span lang=\"pl-PL\">22 cm<\/span><\/span><\/span><\/p>\n<\/td>\n<\/tr>\n<tr valign=\"top\">\n<td width=\"338\">\n<p align=\"left\"><span style=\"font-family: Calibri, sans-serif;\"><span style=\"font-size: medium;\">Empfehlung f\u00fcr Sicherungen<\/span><\/span><\/p>\n<\/td>\n<td width=\"540\">\n<p align=\"left\"><span style=\"font-family: Calibri, sans-serif;\"><span style=\"font-size: medium;\">5A <\/span><\/span><\/p>\n<\/td>\n<\/tr>\n<tr valign=\"top\">\n<td width=\"338\">\n<p align=\"left\"><span style=\"font-family: Calibri, sans-serif;\"><span style=\"font-size: medium;\">Umgebungstemperatur<\/span><\/span><\/p>\n<\/td>\n<td width=\"540\">\n<p align=\"left\"><span style=\"font-family: Calibri, sans-serif;\"><span style=\"font-size: medium;\">-55 C \/ +85 C -67F \/ +185F<\/span><\/span><\/p>\n<\/td>\n<\/tr>\n<tr valign=\"top\">\n<td width=\"338\">\n<p align=\"left\"><span style=\"font-family: Calibri, sans-serif;\"><span style=\"font-size: medium;\">Gr\u00f6\u00dfe der Befestigungsschraube<\/span><\/span><\/p>\n<\/td>\n<td width=\"540\">\n<p align=\"left\"><span style=\"font-family: Calibri, sans-serif;\"><span style=\"font-size: medium;\"><span lang=\"pl-PL\">M3 Edelstahl \/ <\/span><span lang=\"pl-PL\">Zentral M<\/span><span lang=\"pl-PL\">8<\/span><span lang=\"pl-PL\">\/1<\/span><\/span><\/span><\/p>\n<\/td>\n<\/tr>\n<tr valign=\"top\">\n<td width=\"338\">\n<p align=\"left\"><span style=\"font-family: Calibri, sans-serif;\"><span style=\"font-size: medium;\">Drehmomentbedarf f\u00fcr Schraube<\/span><\/span><\/p>\n<\/td>\n<td width=\"540\">\n<p align=\"left\"><span style=\"font-family: Calibri, sans-serif;\"><span style=\"font-size: medium;\">M3-1,2Nm , M8-2Nm<\/span><\/span><\/p>\n<\/td>\n<\/tr>\n<tr valign=\"top\">\n<td width=\"338\">\n<p align=\"left\"><span style=\"font-family: Calibri, sans-serif;\"><span style=\"font-size: medium;\">Gewicht<\/span><\/span><\/p>\n<\/td>\n<td width=\"540\">\n<p align=\"left\"><span style=\"font-family: Calibri, sans-serif;\"><span style=\"font-size: medium;\"><span lang=\"pl-PL\">90<\/span><span lang=\"pl-PL\">g \/ <\/span><span lang=\"pl-PL\">0,19 <\/span><span lang=\"pl-PL\">l<\/span><span lang=\"pl-PL\">b <\/span> <\/span><\/span><\/p>\n<\/td>\n<\/tr>\n<\/tbody>\n<\/table>\n<p>&nbsp;<\/p>\n","protected":false},"excerpt":{"rendered":"<p>ORION RS-100 Rotes Stroboskoplicht Erleben Sie eine neue Qualit\u00e4t der Sicherheit in der Ultraleichtfliegerei! Das moderne Stroboskop\/R\u00fccklicht Orion RS-100 ist eine Kombination aus erstklassiger Technologie und kompaktem Design. Mit seiner leistungsstarken Lichtleistung in einer kompakten Form&#8230; <a class=\"more\" href=\"https:\/\/skyflar.com\/de\/product\/orion-rs-100-rot-stroboskop-licht\/\"> Wi\u0119cej &rarr;<\/a><\/p>\n","protected":false},"featured_media":25611,"comment_status":"closed","ping_status":"closed","template":"","meta":[],"product_cat":[59],"product_tag":[],"acf":[],"aioseo_notices":[],"_links":{"self":[{"href":"https:\/\/skyflar.com\/de\/wp-json\/wp\/v2\/product\/25596"}],"collection":[{"href":"https:\/\/skyflar.com\/de\/wp-json\/wp\/v2\/product"}],"about":[{"href":"https:\/\/skyflar.com\/de\/wp-json\/wp\/v2\/types\/product"}],"replies":[{"embeddable":true,"href":"https:\/\/skyflar.com\/de\/wp-json\/wp\/v2\/comments?post=25596"}],"version-history":[{"count":2,"href":"https:\/\/skyflar.com\/de\/wp-json\/wp\/v2\/product\/25596\/revisions"}],"predecessor-version":[{"id":25648,"href":"https:\/\/skyflar.com\/de\/wp-json\/wp\/v2\/product\/25596\/revisions\/25648"}],"wp:featuredmedia":[{"embeddable":true,"href":"https:\/\/skyflar.com\/de\/wp-json\/wp\/v2\/media\/25611"}],"wp:attachment":[{"href":"https:\/\/skyflar.com\/de\/wp-json\/wp\/v2\/media?parent=25596"}],"wp:term":[{"taxonomy":"product_cat","embeddable":true,"href":"https:\/\/skyflar.com\/de\/wp-json\/wp\/v2\/product_cat?post=25596"},{"taxonomy":"product_tag","embeddable":true,"href":"https:\/\/skyflar.com\/de\/wp-json\/wp\/v2\/product_tag?post=25596"}],"curies":[{"name":"wp","href":"https:\/\/api.w.org\/{rel}","templated":true}]}}