{"id":753,"date":"2019-03-21T13:44:03","date_gmt":"2019-03-21T12:44:03","guid":{"rendered":"http:\/\/skyflar.clivio.pl\/?page_id=753"},"modified":"2019-03-21T13:44:03","modified_gmt":"2019-03-21T12:44:03","slug":"sobre-nosotros","status":"publish","type":"page","link":"https:\/\/skyflar.com\/es\/sobre-nosotros\/","title":{"rendered":"Sobre nosotros"},"content":{"rendered":"<div class=\"cms-block xs-100 sm-100 md-50 lg-50 xl-50\">\n<div class=\"editor-content\">\n<p>Nos especializamos en la fabricaci\u00f3n de los sistemas de iluminaci\u00f3n aeron\u00e1utica de m\u00e1s alta calidad en la tecnolog\u00eda LED. Cada a\u00f1o aumenta el n\u00famero de usuarios del tr\u00e1fico a\u00e9reo, de all\u00ed que, en el espacio a\u00e9reo cada vez hay m\u00e1s aviones. Durante, tanto los vuelos tempranos, como los tard\u00edos, los pilotos corren peligro de colisi\u00f3n por la causa de poca visibilidad. Nuestros sistemas de iluminaci\u00f3n mejoran considerablemente l visibilidad, garantizando as\u00ed la seguridad a todos los aviones.<\/p>\n<\/div>\n<\/div>\n<div class=\"cms-block xs-100 sm-100 md-50 lg-50 xl-50\">\n<div class=\"editor-content\">\n<p>La empresa SKYFLAR surgi\u00f3 de la pasi\u00f3n por la aviaci\u00f3n. Nuestros productos est\u00e1n hechos con mayor precisi\u00f3n y, por eso, son reconocidos en todo el mundo, ya que, tienen las mejores caracter\u00edsticas t\u00e9cnicas y pr\u00e1cticas. Nuestro producto fue premiado por la innovaci\u00f3n en el Parque de Ciencia y Tecnolog\u00eda en E\u0142k. Garantizamos tanto la cooperaci\u00f3n m\u00e1s alto nivel, como el mejor servicio y contacto con el cliente. Estamos abiertos a nuevas ideas y su realizaci\u00f3n.<\/p>\n<\/div>\n<\/div>\n","protected":false},"excerpt":{"rendered":"<p>Nos especializamos en la fabricaci\u00f3n de los sistemas de iluminaci\u00f3n aeron\u00e1utica de m\u00e1s alta calidad en la tecnolog\u00eda LED. Cada a\u00f1o aumenta el n\u00famero de usuarios del tr\u00e1fico a\u00e9reo, de all\u00ed que, en el espacio a\u00e9reo&#8230; <a class=\"more\" href=\"https:\/\/skyflar.com\/es\/sobre-nosotros\/\"> Wi\u0119cej &rarr;<\/a><\/p>\n","protected":false},"author":1,"featured_media":0,"parent":0,"menu_order":0,"comment_status":"closed","ping_status":"closed","template":"page-about.php","meta":[],"acf":[],"aioseo_notices":[],"_links":{"self":[{"href":"https:\/\/skyflar.com\/es\/wp-json\/wp\/v2\/pages\/753"}],"collection":[{"href":"https:\/\/skyflar.com\/es\/wp-json\/wp\/v2\/pages"}],"about":[{"href":"https:\/\/skyflar.com\/es\/wp-json\/wp\/v2\/types\/page"}],"author":[{"embeddable":true,"href":"https:\/\/skyflar.com\/es\/wp-json\/wp\/v2\/users\/1"}],"replies":[{"embeddable":true,"href":"https:\/\/skyflar.com\/es\/wp-json\/wp\/v2\/comments?post=753"}],"version-history":[{"count":1,"href":"https:\/\/skyflar.com\/es\/wp-json\/wp\/v2\/pages\/753\/revisions"}],"predecessor-version":[{"id":754,"href":"https:\/\/skyflar.com\/es\/wp-json\/wp\/v2\/pages\/753\/revisions\/754"}],"wp:attachment":[{"href":"https:\/\/skyflar.com\/es\/wp-json\/wp\/v2\/media?parent=753"}],"curies":[{"name":"wp","href":"https:\/\/api.w.org\/{rel}","templated":true}]}}