{"id":23957,"date":"2018-01-26T13:53:44","date_gmt":"2021-04-26T11:58:42","guid":{"rendered":"https:\/\/skyflar.com\/?post_type=product&#038;p=23957"},"modified":"2021-04-26T14:03:54","modified_gmt":"2021-04-26T12:03:54","slug":"soportes-de-linea-de-paramotor-trike","status":"publish","type":"product","link":"https:\/\/skyflar.com\/es\/product\/soportes-de-linea-de-paramotor-trike\/","title":{"rendered":"PARAMOTOR TRIKE LINE HOLDERS"},"content":{"rendered":"<p id=\"tw-target-text\" class=\"tw-data-text tw-text-large XcVN5d tw-ta\" dir=\"ltr\" data-placeholder=\"T\u0142umaczenie\"><span class=\"Y2IQFc\" lang=\"es\">Juego de soportes de l\u00ednea de parapente, montados en la jaula de la h\u00e9lice PPG \/ PPGG. <\/span><\/p>\n<p class=\"tw-data-text tw-text-large XcVN5d tw-ta\" dir=\"ltr\" data-placeholder=\"T\u0142umaczenie\"><span class=\"Y2IQFc\" lang=\"es\">Son adecuados para cestas de dos vueltas y de un solo anillo con un di\u00e1metro de 120 cm &#8211; 160 cm. F\u00e1cil instalaci\u00f3n con cinta adhesiva de doble cara y bridas. <\/span><\/p>\n<ul>\n<li class=\"tw-data-text tw-text-large XcVN5d tw-ta\" dir=\"ltr\" data-placeholder=\"T\u0142umaczenie\"><span class=\"Y2IQFc\" lang=\"es\">dimensiones: 115 mm x 55 mm x 26 mm <\/span><\/li>\n<li class=\"tw-data-text tw-text-large XcVN5d tw-ta\" dir=\"ltr\" data-placeholder=\"T\u0142umaczenie\"><span class=\"Y2IQFc\" lang=\"es\">peso: 40g (juego) <\/span><\/li>\n<li class=\"tw-data-text tw-text-large XcVN5d tw-ta\" dir=\"ltr\" data-placeholder=\"T\u0142umaczenie\"><span class=\"Y2IQFc\" lang=\"es\">de color negro <\/span><\/li>\n<li class=\"tw-data-text tw-text-large XcVN5d tw-ta\" dir=\"ltr\" data-placeholder=\"T\u0142umaczenie\"><span class=\"Y2IQFc\" lang=\"es\">material: PETG <\/span><\/li>\n<li class=\"tw-data-text tw-text-large XcVN5d tw-ta\" dir=\"ltr\" data-placeholder=\"T\u0142umaczenie\"><span class=\"Y2IQFc\" lang=\"es\">para una tuber\u00eda con un di\u00e1metro de 20 mm o 22 mm <\/span><\/li>\n<\/ul>\n<p class=\"tw-data-text tw-text-large XcVN5d tw-ta\" dir=\"ltr\" data-placeholder=\"T\u0142umaczenie\"><span class=\"Y2IQFc\" lang=\"es\">Precio por un par (juego). <\/span><\/p>\n<p class=\"tw-data-text tw-text-large XcVN5d tw-ta\" dir=\"ltr\" data-placeholder=\"T\u0142umaczenie\"><span style=\"color: #ff0000;\"><strong><span class=\"Y2IQFc\" lang=\"es\">Al realizar el pedido, especifique el di\u00e1metro del tubo de la cesta (20 mm o 22 mm). Si no especifica el di\u00e1metro, enviamos soportes para tubos de 20 mm.<\/span><\/strong><\/span><\/p>\n","protected":false},"excerpt":{"rendered":"<p>Juego de soportes de l\u00ednea de parapente, montados en la jaula de la h\u00e9lice PPG \/ PPGG. Son adecuados para cestas de dos vueltas y de un solo anillo con un di\u00e1metro de 120 cm &#8211;&#8230; <a class=\"more\" href=\"https:\/\/skyflar.com\/es\/product\/soportes-de-linea-de-paramotor-trike\/\"> Wi\u0119cej &rarr;<\/a><\/p>\n","protected":false},"featured_media":24184,"comment_status":"open","ping_status":"closed","template":"","meta":[],"product_cat":[61],"product_tag":[],"acf":[],"aioseo_notices":[],"_links":{"self":[{"href":"https:\/\/skyflar.com\/es\/wp-json\/wp\/v2\/product\/23957"}],"collection":[{"href":"https:\/\/skyflar.com\/es\/wp-json\/wp\/v2\/product"}],"about":[{"href":"https:\/\/skyflar.com\/es\/wp-json\/wp\/v2\/types\/product"}],"replies":[{"embeddable":true,"href":"https:\/\/skyflar.com\/es\/wp-json\/wp\/v2\/comments?post=23957"}],"version-history":[{"count":4,"href":"https:\/\/skyflar.com\/es\/wp-json\/wp\/v2\/product\/23957\/revisions"}],"predecessor-version":[{"id":24198,"href":"https:\/\/skyflar.com\/es\/wp-json\/wp\/v2\/product\/23957\/revisions\/24198"}],"wp:featuredmedia":[{"embeddable":true,"href":"https:\/\/skyflar.com\/es\/wp-json\/wp\/v2\/media\/24184"}],"wp:attachment":[{"href":"https:\/\/skyflar.com\/es\/wp-json\/wp\/v2\/media?parent=23957"}],"wp:term":[{"taxonomy":"product_cat","embeddable":true,"href":"https:\/\/skyflar.com\/es\/wp-json\/wp\/v2\/product_cat?post=23957"},{"taxonomy":"product_tag","embeddable":true,"href":"https:\/\/skyflar.com\/es\/wp-json\/wp\/v2\/product_tag?post=23957"}],"curies":[{"name":"wp","href":"https:\/\/api.w.org\/{rel}","templated":true}]}}