{"id":24247,"date":"2018-01-24T12:28:32","date_gmt":"2021-05-25T11:32:14","guid":{"rendered":"https:\/\/skyflar.com\/?post_type=product&#038;p=24247"},"modified":"2021-05-25T13:32:14","modified_gmt":"2021-05-25T11:32:14","slug":"upgrade-set-from-st-201-white-to-st-202-white-white","status":"publish","type":"product","link":"https:\/\/skyflar.com\/es\/product\/upgrade-set-from-st-201-white-to-st-202-white-white\/","title":{"rendered":"UPGRADE SET FROM ST-201 WHITE TO ST-202 WHITE\/WHITE"},"content":{"rendered":"<p id=\"tw-target-text\" class=\"tw-data-text tw-text-large XcVN5d tw-ta\" dir=\"ltr\" data-placeholder=\"T\u0142umaczenie\"><span class=\"Y2IQFc\" lang=\"es\">Un conjunto de piezas dedicadas a los propietarios del flash LED multifunci\u00f3n ST-201 que quieran ampliar su conjunto al modelo ST-202.<\/span><\/p>\n<p>Contenido del pack:<\/p>\n<ul>\n<li>L\u00e1mpara LED 50W 6000lm<\/li>\n<li>Equipo de montaje para la l\u00e1mpara LED<\/li>\n<li>Divisor de led<\/li>\n<li>Cintas (10 unidades)<\/li>\n<li>Manual de instrucciones<\/li>\n<\/ul>\n","protected":false},"excerpt":{"rendered":"<p>Un conjunto de piezas dedicadas a los propietarios del flash LED multifunci\u00f3n ST-201 que quieran ampliar su conjunto al modelo ST-202. Contenido del pack: L\u00e1mpara LED 50W 6000lm Equipo de montaje para la l\u00e1mpara LED Divisor&#8230; <a class=\"more\" href=\"https:\/\/skyflar.com\/es\/product\/upgrade-set-from-st-201-white-to-st-202-white-white\/\"> Wi\u0119cej &rarr;<\/a><\/p>\n","protected":false},"featured_media":24237,"comment_status":"open","ping_status":"closed","template":"","meta":[],"product_cat":[61],"product_tag":[],"acf":[],"aioseo_notices":[],"_links":{"self":[{"href":"https:\/\/skyflar.com\/es\/wp-json\/wp\/v2\/product\/24247"}],"collection":[{"href":"https:\/\/skyflar.com\/es\/wp-json\/wp\/v2\/product"}],"about":[{"href":"https:\/\/skyflar.com\/es\/wp-json\/wp\/v2\/types\/product"}],"replies":[{"embeddable":true,"href":"https:\/\/skyflar.com\/es\/wp-json\/wp\/v2\/comments?post=24247"}],"version-history":[{"count":1,"href":"https:\/\/skyflar.com\/es\/wp-json\/wp\/v2\/product\/24247\/revisions"}],"predecessor-version":[{"id":24248,"href":"https:\/\/skyflar.com\/es\/wp-json\/wp\/v2\/product\/24247\/revisions\/24248"}],"wp:featuredmedia":[{"embeddable":true,"href":"https:\/\/skyflar.com\/es\/wp-json\/wp\/v2\/media\/24237"}],"wp:attachment":[{"href":"https:\/\/skyflar.com\/es\/wp-json\/wp\/v2\/media?parent=24247"}],"wp:term":[{"taxonomy":"product_cat","embeddable":true,"href":"https:\/\/skyflar.com\/es\/wp-json\/wp\/v2\/product_cat?post=24247"},{"taxonomy":"product_tag","embeddable":true,"href":"https:\/\/skyflar.com\/es\/wp-json\/wp\/v2\/product_tag?post=24247"}],"curies":[{"name":"wp","href":"https:\/\/api.w.org\/{rel}","templated":true}]}}