{"id":24739,"date":"2023-05-30T16:58:37","date_gmt":"2023-05-31T11:18:31","guid":{"rendered":"https:\/\/skyflar.com\/?post_type=product&#038;p=24739"},"modified":"2023-05-31T13:18:31","modified_gmt":"2023-05-31T11:18:31","slug":"orion-rs-200","status":"publish","type":"product","link":"https:\/\/skyflar.com\/es\/product\/orion-rs-200\/","title":{"rendered":"ORION RS-200"},"content":{"rendered":"<p><strong>ORION RS-200<\/strong><\/p>\n<p>Cuando se trata de potencia y calidad, no encontrar\u00e1 una opci\u00f3n mejor para la iluminaci\u00f3n de aeronaves. \u00a1El Orion RS-200 lo tiene todo! Cubre todo el espectro de la iluminaci\u00f3n de aeronaves: navegaci\u00f3n, luz de posici\u00f3n y luz estrobosc\u00f3pica. Empezando por su tama\u00f1o compacto y su dise\u00f1o aerodin\u00e1mico, proporciona unos impresionantes 100 W de luz estrobosc\u00f3pica, lo que la convierte en la m\u00e1s peque\u00f1a y potente del mercado. La fundici\u00f3n de poliuretano proporciona una construcci\u00f3n robusta resistente a los golpes, el polvo y el agua, y hace que las l\u00e1mparas sean indestructibles. Esta resina \u00fanica no s\u00f3lo es extremadamente dura, sino que tambi\u00e9n tiene una excelente conductividad t\u00e9rmica. Esto permite que las l\u00e1mparas aprovechen el rendimiento de los \u00faltimos LED CREE, extremadamente potentes. Su eficacia y bajo consumo garantizan una larga vida \u00fatil, de modo que la Orion RS-200 puede utilizarse durante a\u00f1os. Adem\u00e1s, este poliuretano especial es extremadamente resistente a los rayos UV, por lo que las luces parecer\u00e1n nuevas incluso con el paso del tiempo.<\/p>\n<p><strong>DATOS T\u00c9CNICOS <\/strong><\/p>\n<table width=\"604\" cellspacing=\"0\" cellpadding=\"7\">\n<tbody>\n<tr valign=\"top\">\n<td width=\"221\">\n<p align=\"left\">Tensi\u00f3n de alimentaci\u00f3n<\/p>\n<\/td>\n<td width=\"353\">\n<p align=\"left\"><span style=\"font-family: Calibri, serif;\"><span style=\"font-size: small;\">12 V CC o 24 V CC<\/span><\/span><\/p>\n<\/td>\n<\/tr>\n<tr valign=\"top\">\n<td width=\"221\">\n<p align=\"left\"><span style=\"font-family: Calibri, serif;\"><span style=\"font-size: small;\">Posici\u00f3n\/navegaci\u00f3n (2 luces)<\/span><\/span><\/p>\n<\/td>\n<td width=\"353\">\n<p align=\"left\"><span style=\"font-family: Calibri, serif;\"><span style=\"font-size: small;\">6 W \/ 0,45 A a 14 VCC<\/span><\/span><\/p>\n<\/td>\n<\/tr>\n<tr valign=\"top\">\n<td width=\"221\">\n<p align=\"left\"><span style=\"font-family: Calibri, serif;\"><span style=\"font-size: small;\">Luces estrobosc\u00f3picas intermitentes (2 luces)<\/span><\/span><\/p>\n<\/td>\n<td width=\"353\">\n<p align=\"left\"><span style=\"font-family: Calibri, serif;\"><span style=\"font-size: small;\">100W flash , 12000 l\u00famenes \/ 7 A ana14VDC<\/span><\/span><\/p>\n<\/td>\n<\/tr>\n<tr valign=\"top\">\n<td width=\"221\" height=\"20\">\n<p align=\"left\"><span style=\"font-family: Calibri, serif;\"><span style=\"font-size: small;\">Velocidad del flash<\/span><\/span><\/p>\n<\/td>\n<td width=\"353\">\n<p align=\"left\"><span style=\"font-family: Calibri, serif;\"><span style=\"font-size: small;\">50 ciclos\/min.<\/span><\/span><\/p>\n<\/td>\n<\/tr>\n<tr valign=\"top\">\n<td width=\"221\">\n<p align=\"left\"><span style=\"font-family: Calibri, serif;\"><span style=\"font-size: small;\">Sincronizaci\u00f3n<\/span><\/span><\/p>\n<\/td>\n<td width=\"353\">\n<p align=\"left\"><span style=\"font-family: Calibri, serif;\"><span style=\"font-size: small;\">S\u00ed<\/span><\/span><\/p>\n<\/td>\n<\/tr>\n<tr valign=\"top\">\n<td width=\"221\">\n<p align=\"left\"><span style=\"font-family: Calibri, serif;\"><span style=\"font-size: small;\">Controlador LED<\/span><\/span><\/p>\n<\/td>\n<td width=\"353\">\n<p align=\"left\"><span style=\"font-family: Calibri, serif;\"><span style=\"font-size: small;\">En l\u00e1mparas<\/span><\/span><\/p>\n<\/td>\n<\/tr>\n<tr valign=\"top\">\n<td width=\"221\">\n<p align=\"left\"><span style=\"font-family: Calibri, serif;\"><span style=\"font-size: small;\">Protecci\u00f3n<\/span><\/span><\/p>\n<\/td>\n<td width=\"353\">\n<p align=\"left\"><span style=\"font-family: Calibri, serif;\"><span style=\"font-size: small;\">Choque , Impacto , Agua IP67 , Polvo , Vibraci\u00f3n<\/span><\/span><\/p>\n<\/td>\n<\/tr>\n<tr valign=\"top\">\n<td width=\"221\">\n<p align=\"left\"><span style=\"font-family: Calibri, serif;\"><span style=\"font-size: small;\">Cobertura<\/span><\/span><\/p>\n<\/td>\n<td width=\"353\">\n<p align=\"left\"><span style=\"font-family: Calibri, serif;\"><span style=\"font-size: small;\">Unos 10 km en la oscuridad<\/span><\/span><\/p>\n<\/td>\n<\/tr>\n<tr valign=\"top\">\n<td width=\"221\">\n<p align=\"left\"><span style=\"font-family: Calibri, serif;\"><span style=\"font-size: small;\">Protecci\u00f3n contra polaridad inversa<\/span><\/span><\/p>\n<\/td>\n<td width=\"353\">\n<p align=\"left\"><span style=\"font-family: Calibri, serif;\"><span style=\"font-size: small;\">S\u00ed<\/span><\/span><\/p>\n<\/td>\n<\/tr>\n<tr valign=\"top\">\n<td width=\"221\">\n<p align=\"left\"><span style=\"font-family: Calibri, serif;\"><span style=\"font-size: small;\">Temperatura ambiente<\/span><\/span><\/p>\n<\/td>\n<td width=\"353\">\n<p align=\"left\"><span style=\"font-family: Calibri, serif;\"><span style=\"font-size: small;\">-55 C \/ +85 C -67F \/ +185F<\/span><\/span><\/p>\n<\/td>\n<\/tr>\n<tr valign=\"top\">\n<td width=\"221\">\n<p align=\"left\"><span style=\"font-family: Calibri, serif;\"><span style=\"font-size: small;\">Tipo tornillo<\/span><\/span><\/p>\n<\/td>\n<td width=\"353\">\n<p align=\"left\"><span style=\"font-family: Calibri, serif;\"><span style=\"font-size: small;\">M3 Acero inoxidable<\/span><\/span><\/p>\n<\/td>\n<\/tr>\n<tr valign=\"top\">\n<td width=\"221\">\n<p align=\"left\"><span style=\"font-family: Calibri, serif;\"><span style=\"font-size: small;\">Peso<\/span><\/span><\/p>\n<\/td>\n<td width=\"353\">\n<p align=\"left\"><span style=\"font-family: Calibri, serif;\"><span style=\"font-size: small;\">70 g c\/u \/ 0,15 lb c\/u<\/span><\/span><\/p>\n<\/td>\n<\/tr>\n<\/tbody>\n<\/table>\n","protected":false},"excerpt":{"rendered":"<p>ORION RS-200 Cuando se trata de potencia y calidad, no encontrar\u00e1 una opci\u00f3n mejor para la iluminaci\u00f3n de aeronaves. \u00a1El Orion RS-200 lo tiene todo! Cubre todo el espectro de la iluminaci\u00f3n de aeronaves: navegaci\u00f3n, luz&#8230; <a class=\"more\" href=\"https:\/\/skyflar.com\/es\/product\/orion-rs-200\/\"> Wi\u0119cej &rarr;<\/a><\/p>\n","protected":false},"featured_media":25076,"comment_status":"open","ping_status":"closed","template":"","meta":[],"product_cat":[63],"product_tag":[],"acf":[],"aioseo_notices":[],"_links":{"self":[{"href":"https:\/\/skyflar.com\/es\/wp-json\/wp\/v2\/product\/24739"}],"collection":[{"href":"https:\/\/skyflar.com\/es\/wp-json\/wp\/v2\/product"}],"about":[{"href":"https:\/\/skyflar.com\/es\/wp-json\/wp\/v2\/types\/product"}],"replies":[{"embeddable":true,"href":"https:\/\/skyflar.com\/es\/wp-json\/wp\/v2\/comments?post=24739"}],"version-history":[{"count":1,"href":"https:\/\/skyflar.com\/es\/wp-json\/wp\/v2\/product\/24739\/revisions"}],"predecessor-version":[{"id":24747,"href":"https:\/\/skyflar.com\/es\/wp-json\/wp\/v2\/product\/24739\/revisions\/24747"}],"wp:featuredmedia":[{"embeddable":true,"href":"https:\/\/skyflar.com\/es\/wp-json\/wp\/v2\/media\/25076"}],"wp:attachment":[{"href":"https:\/\/skyflar.com\/es\/wp-json\/wp\/v2\/media?parent=24739"}],"wp:term":[{"taxonomy":"product_cat","embeddable":true,"href":"https:\/\/skyflar.com\/es\/wp-json\/wp\/v2\/product_cat?post=24739"},{"taxonomy":"product_tag","embeddable":true,"href":"https:\/\/skyflar.com\/es\/wp-json\/wp\/v2\/product_tag?post=24739"}],"curies":[{"name":"wp","href":"https:\/\/api.w.org\/{rel}","templated":true}]}}