{"id":25251,"date":"2024-07-19T15:11:57","date_gmt":"2024-07-19T13:15:25","guid":{"rendered":"https:\/\/skyflar.com\/?post_type=product&#038;p=25251"},"modified":"2024-11-15T15:30:19","modified_gmt":"2024-11-15T14:30:19","slug":"safestrobes-sf-nuevo","status":"publish","type":"product","link":"https:\/\/skyflar.com\/es\/product\/safestrobes-sf-nuevo\/","title":{"rendered":"SAFESTROBES SF NUEVO"},"content":{"rendered":"<p><strong>SAFESTROBES SF NUEVO<\/strong><\/p>\n<p>\u00bfQu\u00e9 vuelas ahora? \u00bfQu\u00e9 volar\u00e1s en el futuro? Nunca se sabe, pero sin duda tienes que ser visible y, por tanto, estar seguro. Por este motivo, hemos creado una nueva versi\u00f3n del emblem\u00e1tico producto Skyflar: SAFESTROBES SF NEW. Es un kit que crece con tu pasi\u00f3n por volar. En el coraz\u00f3n de SAFESTROBES SF NEW hay un controlador independiente (caja divisora), que se puede ampliar con l\u00e1mparas adicionales y que es multifuncional. Empezando con 1 luz estrobosc\u00f3pica, puede alojar hasta 4 luces LED simult\u00e1neamente. Puedes elegir entre una luz de navegaci\u00f3n blanca, una luz de navegaci\u00f3n roja y unas aletas laterales verdes\/rojas (luces de navegaci\u00f3n\/estrobosc\u00f3picas\/de posici\u00f3n). As\u00ed, si tienes una versi\u00f3n con luces simples o dobles, puedes a\u00f1adir wingips en el futuro sin tener que comprar un juego nuevo. Las tres ranuras est\u00e1n sincronizadas, la cuarta funciona alternativamente. Puedes cambiar la secuencia de parpadeo seg\u00fan tus necesidades o incluso dejar la luz constante para mejorar la visibilidad sobre el terreno.<br \/>\nSAFESTROBES SF NUEVO Es el doble de resistente y a\u00fan m\u00e1s f\u00e1cil de instalar. La fundici\u00f3n de poliuretano garantiza la robustez de las l\u00e1mparas. Es resistente a los golpes, al polvo y al agua, lo que hace que las l\u00e1mparas sean &#8220;indestructibles&#8221;. Esta resina \u00fanica no s\u00f3lo es extremadamente dura, sino que tambi\u00e9n tiene una excelente conductividad t\u00e9rmica, lo que permite a las l\u00e1mparas aprovechar el rendimiento de los \u00faltimos LED CREE, extremadamente potentes. Su alto rendimiento y bajo consumo energ\u00e9tico garantizan una larga vida \u00fatil, por lo que SAFESTROBES SF NEW es un producto para siempre.<\/p>\n<p>&nbsp;<\/p>\n<p class=\"western\"><strong>DATOS T\u00c9CNICOS :<\/strong><\/p>\n<table width=\"906\" cellspacing=\"0\" cellpadding=\"11\">\n<tbody>\n<tr valign=\"top\">\n<td width=\"331\">\n<p class=\"western\" align=\"left\"><span style=\"font-size: small;\"><span lang=\"pl-PL\">Tensi\u00f3n de alimentaci\u00f3n<\/span><\/span><\/p>\n<\/td>\n<td width=\"529\">\n<p class=\"western\" align=\"left\"><span style=\"color: #000000;\"><span style=\"font-size: small;\"><span lang=\"pl-PL\">9 -30 <\/span><\/span><\/span><span style=\"font-size: small;\"><span lang=\"pl-PL\">V CC<\/span><\/span><\/p>\n<\/td>\n<\/tr>\n<tr valign=\"top\">\n<td width=\"331\">\n<p class=\"western\" align=\"left\"><span style=\"font-size: small;\"><span lang=\"pl-PL\"> Luces estrobosc\u00f3picas intermitentes (2 luces)<\/span><\/span><\/p>\n<\/td>\n<td width=\"529\">\n<p class=\"western\" align=\"left\"><span style=\"font-size: small;\"><span lang=\"pl-PL\">6 W \/ 0,45 A a 14 V CC<\/span><\/span><\/p>\n<\/td>\n<\/tr>\n<tr valign=\"top\">\n<td width=\"331\">\n<p class=\"western\" align=\"left\">Luces estrobosc\u00f3picas intermitentes (2 luces)<\/p>\n<\/td>\n<td width=\"529\">\n<p class=\"western\" align=\"left\"><span style=\"font-size: small;\"><span lang=\"pl-PL\">120 W flash , 15000 l\u00famenes \/ 8 A a 14V CC<\/span><\/span><\/p>\n<\/td>\n<\/tr>\n<tr valign=\"top\">\n<td width=\"331\" height=\"28\">\n<p class=\"western\" align=\"left\">Velocidad del flash<\/p>\n<\/td>\n<td width=\"529\">\n<p class=\"western\" align=\"left\"><span style=\"color: #000000; font-size: small;\">45 ciclos por minuto<\/span><\/p>\n<\/td>\n<\/tr>\n<tr valign=\"top\">\n<td width=\"331\">\n<p class=\"western\" align=\"left\">Sincronizaci\u00f3n<\/p>\n<\/td>\n<td width=\"529\">\n<p class=\"western\" align=\"left\"><span style=\"font-size: small;\"><span lang=\"pl-PL\">S\u00ed<\/span><\/span><\/p>\n<\/td>\n<\/tr>\n<tr valign=\"top\">\n<td width=\"331\">\n<p class=\"western\" align=\"left\">Controlador LED<\/p>\n<\/td>\n<td width=\"529\">\n<p class=\"western\" align=\"left\"><span style=\"color: #000000; font-size: small;\">Separar <\/span><\/p>\n<\/td>\n<\/tr>\n<tr valign=\"top\">\n<td width=\"331\">\n<p class=\"western\" align=\"left\">Protecci\u00f3n<\/p>\n<\/td>\n<td width=\"529\">\n<p class=\"western\" align=\"left\">Choque , impacto , agua IP68 , polvo , vibraci\u00f3n<\/p>\n<\/td>\n<\/tr>\n<tr valign=\"top\">\n<td width=\"331\">\n<p class=\"western\" align=\"left\">Cobertura<\/p>\n<\/td>\n<td width=\"529\">\n<p class=\"western\" align=\"left\"><span style=\"font-size: small;\"><span lang=\"pl-PL\">unos 15 km en la oscuridad<\/span><\/span><\/p>\n<\/td>\n<\/tr>\n<tr valign=\"top\">\n<td width=\"331\">\n<p class=\"western\" align=\"left\">Protecci\u00f3n contra polaridad inversa<\/p>\n<\/td>\n<td width=\"529\">\n<p class=\"western\" align=\"left\"><span style=\"font-size: small;\"><span lang=\"pl-PL\">S\u00ed<\/span><\/span><\/p>\n<\/td>\n<\/tr>\n<tr valign=\"top\">\n<td width=\"331\">\n<p class=\"western\" align=\"left\"><span style=\"font-size: small;\"><span lang=\"pl-PL\">Temperatura ambiente<\/span><\/span><\/p>\n<\/td>\n<td width=\"529\">\n<p class=\"western\" align=\"left\"><span style=\"font-size: small;\"><span lang=\"pl-PL\">-55 C \/ +85 C -67F \/ +185F<\/span><\/span><\/p>\n<\/td>\n<\/tr>\n<tr valign=\"top\">\n<td width=\"331\">\n<p class=\"western\" align=\"left\"><span style=\"font-size: small;\"><span lang=\"pl-PL\">Peso :<\/span><\/span><\/p>\n<\/td>\n<td width=\"529\">\n<p class=\"western\" align=\"left\"><span style=\"font-size: small;\"><span lang=\"pl-PL\">Controlador : 230 g<\/span><\/span><\/p>\n<p class=\"western\" align=\"left\"><span style=\"font-size: small;\"><span lang=\"pl-PL\">Navegaci\u00f3n y estrobosc\u00f3pico : 80 g cada uno<\/span><\/span><\/p>\n<p class=\"western\" align=\"left\"><span style=\"font-size: small;\"><span lang=\"pl-PL\">Estrobosc\u00f3pico 60 g c\/u<\/span><\/span><\/p>\n<\/td>\n<\/tr>\n<tr valign=\"top\">\n<td width=\"331\"><\/td>\n<td width=\"529\"><\/td>\n<\/tr>\n<\/tbody>\n<\/table>\n<p class=\"western\" align=\"center\">\n","protected":false},"excerpt":{"rendered":"<p>SAFESTROBES SF NUEVO \u00bfQu\u00e9 vuelas ahora? \u00bfQu\u00e9 volar\u00e1s en el futuro? Nunca se sabe, pero sin duda tienes que ser visible y, por tanto, estar seguro. Por este motivo, hemos creado una nueva versi\u00f3n del emblem\u00e1tico&#8230; <a class=\"more\" href=\"https:\/\/skyflar.com\/es\/product\/safestrobes-sf-nuevo\/\"> Wi\u0119cej &rarr;<\/a><\/p>\n","protected":false},"featured_media":25153,"comment_status":"open","ping_status":"closed","template":"","meta":[],"product_cat":[63],"product_tag":[],"acf":[],"aioseo_notices":[],"_links":{"self":[{"href":"https:\/\/skyflar.com\/es\/wp-json\/wp\/v2\/product\/25251"}],"collection":[{"href":"https:\/\/skyflar.com\/es\/wp-json\/wp\/v2\/product"}],"about":[{"href":"https:\/\/skyflar.com\/es\/wp-json\/wp\/v2\/types\/product"}],"replies":[{"embeddable":true,"href":"https:\/\/skyflar.com\/es\/wp-json\/wp\/v2\/comments?post=25251"}],"version-history":[{"count":4,"href":"https:\/\/skyflar.com\/es\/wp-json\/wp\/v2\/product\/25251\/revisions"}],"predecessor-version":[{"id":25392,"href":"https:\/\/skyflar.com\/es\/wp-json\/wp\/v2\/product\/25251\/revisions\/25392"}],"wp:featuredmedia":[{"embeddable":true,"href":"https:\/\/skyflar.com\/es\/wp-json\/wp\/v2\/media\/25153"}],"wp:attachment":[{"href":"https:\/\/skyflar.com\/es\/wp-json\/wp\/v2\/media?parent=25251"}],"wp:term":[{"taxonomy":"product_cat","embeddable":true,"href":"https:\/\/skyflar.com\/es\/wp-json\/wp\/v2\/product_cat?post=25251"},{"taxonomy":"product_tag","embeddable":true,"href":"https:\/\/skyflar.com\/es\/wp-json\/wp\/v2\/product_tag?post=25251"}],"curies":[{"name":"wp","href":"https:\/\/api.w.org\/{rel}","templated":true}]}}