{"id":25537,"date":"2025-04-10T17:50:25","date_gmt":"2025-04-10T15:57:26","guid":{"rendered":"https:\/\/skyflar.com\/?post_type=product&#038;p=25537"},"modified":"2025-04-15T14:46:44","modified_gmt":"2025-04-15T12:46:44","slug":"orion-rs-100-tail-strobe-light","status":"publish","type":"product","link":"https:\/\/skyflar.com\/es\/product\/orion-rs-100-tail-strobe-light\/","title":{"rendered":"ORION RS-100 Luz estrobosc\u00f3pica trasera"},"content":{"rendered":"<p><strong>ORION RS-100 Luz estrobosc\u00f3pica trasera<\/strong><\/p>\n<p>\u00a1Experimenta una nueva calidad de seguridad en la aviaci\u00f3n ultraligera! La moderna luz estrobosc\u00f3pica\/de cola Orion RS-100 es una combinaci\u00f3n de tecnolog\u00eda de primera clase y dise\u00f1o compacto. Con una potente potencia luminosa , encerrada en una forma compacta, proporciona una excelente visibilidad y seguridad en todas las condiciones. Dise\u00f1ado con extrema precisi\u00f3n, utiliza la \u00faltima tecnolog\u00eda y componentes electr\u00f3nicos, garantizando la fiabilidad en cualquier situaci\u00f3n. Su durabilidad es impresionante: la resistencia al agua (IP68), al polvo, a las vibraciones y a los rayos UV hace que conserve su claridad cristalina y su plena funcionalidad durante a\u00f1os. La carcasa de poliuretano es una garant\u00eda de resistencia incluso en condiciones extremas. Fabricado en Polonia por la empresa SKYFLAR, en din\u00e1mico crecimiento, con pasi\u00f3n, orgullo y cuidado seg\u00fan los m\u00e1s altos est\u00e1ndares.      <\/p>\n<p><strong>Especificaci\u00f3n<\/strong><\/p>\n<table width=\"923\" cellspacing=\"0\" cellpadding=\"11\">\n<tbody>\n<tr valign=\"top\">\n<td width=\"338\">\n<p align=\"left\"><span style=\"font-family: Calibri, sans-serif;\"><span style=\"font-size: medium;\">Versiones de tensi\u00f3n de alimentaci\u00f3n<\/span><\/span><\/p>\n<\/td>\n<td width=\"540\">\n<p align=\"left\"><span style=\"font-family: Calibri, sans-serif;\"><span style=\"font-size: medium;\">S\u00f3lo 12 V CC<\/span><\/span><\/p>\n<\/td>\n<\/tr>\n<tr valign=\"top\">\n<td width=\"338\">\n<p align=\"left\"><span style=\"font-family: Calibri, sans-serif;\"><span style=\"font-size: medium;\"><span lang=\"pl-PL\">Alimentaci\u00f3n <\/span><span lang=\"pl-PL\">Estroboscopio<\/span><\/span><\/span><\/p>\n<p align=\"left\"><span style=\"font-family: Calibri, sans-serif;\"><span style=\"font-size: medium;\"><span lang=\"pl-PL\">Luz trasera el\u00e9ctrica<\/span><\/span><\/span><\/p>\n<\/td>\n<td width=\"540\">\n<p align=\"left\"><span style=\"font-family: Calibri, sans-serif;\"><span style=\"font-size: medium;\"><span lang=\"pl-PL\">3,<\/span><span lang=\"pl-PL\">5<\/span><span lang=\"pl-PL\">A<\/span><span lang=\"pl-PL\">(m\u00e1x.) <\/span><span lang=\"pl-PL\"> a 14 VCC <\/span> <\/span><\/span><\/p>\n<p align=\"left\"><span style=\"font-family: Calibri, sans-serif;\"><span style=\"font-size: medium;\"><span lang=\"pl-PL\">0,2<\/span><span lang=\"pl-PL\">A<\/span> <span lang=\"pl-PL\"> a 14VDC <\/span> <\/span><\/span><\/p>\n<\/td>\n<\/tr>\n<tr valign=\"top\">\n<td width=\"338\">\n<p align=\"left\"><span style=\"font-family: Calibri, sans-serif;\"><span style=\"font-size: medium;\">Luces estrobosc\u00f3picas en pico  <\/span><\/span><\/p>\n<p align=\"left\"><span style=\"font-family: Calibri, sans-serif;\"><span style=\"font-size: medium;\">Luz trasera<\/span><\/span><\/p>\n<\/td>\n<td width=\"540\">\n<p align=\"left\"><span style=\"font-family: Calibri, sans-serif;\"><span style=\"font-size: medium;\"><span lang=\"pl-PL\">49 <\/span><span lang=\"pl-PL\">W pico ,<\/span><span lang=\"pl-PL\">60<\/span><span lang=\"pl-PL\">00<\/span><span lang=\"pl-PL\"> l\u00famenes <\/span> <\/span><\/span><\/p>\n<p align=\"left\"><span style=\"font-family: Calibri, sans-serif;\"><span style=\"font-size: medium;\">3W , 400 l\u00famenes<\/span><\/span><\/p>\n<\/td>\n<\/tr>\n<tr valign=\"top\">\n<td width=\"338\">\n<p align=\"left\"><span style=\"font-family: Calibri, sans-serif;\"><span style=\"font-size: medium;\">Flash hora punta<\/span><\/span><\/p>\n<\/td>\n<td width=\"540\">\n<p align=\"left\"><span style=\"font-family: Calibri, sans-serif;\"><span style=\"font-size: medium;\">75 ms<\/span><\/span><\/p>\n<\/td>\n<\/tr>\n<tr valign=\"top\">\n<td width=\"338\">\n<p align=\"left\"><span style=\"font-family: Calibri, sans-serif;\"><span style=\"font-size: medium;\">Tasa de Estrobosc\u00f3pico<\/span><\/span><\/p>\n<\/td>\n<td width=\"540\">\n<p align=\"left\"><span style=\"font-family: Calibri, sans-serif;\"><span style=\"font-size: medium;\"><span lang=\"pl-PL\">Destellos simples , <\/span><span lang=\"pl-PL\">48<\/span><span lang=\"pl-PL\"> por minuto<\/span><\/span><\/span><\/p>\n<\/td>\n<\/tr>\n<tr valign=\"top\">\n<td width=\"338\">\n<p align=\"left\"><span style=\"font-family: Calibri, sans-serif;\"><span style=\"font-size: medium;\">Sincronizaci\u00f3n<\/span><\/span><\/p>\n<\/td>\n<td width=\"540\">\n<p align=\"left\"><span style=\"font-family: Calibri, sans-serif;\"><span style=\"font-size: medium;\"><span lang=\"pl-PL\">S\u00cd <\/span><span lang=\"pl-PL\">con<\/span><span lang=\"pl-PL\"> Orion RS-200 y RS-100 Estroboscopio blanco<\/span><\/span><\/span><\/p>\n<p align=\"left\"><span style=\"font-family: Calibri, sans-serif;\"><span style=\"font-size: medium;\"><span lang=\"pl-PL\">(<\/span><span lang=\"pl-PL\">A<\/span><span lang=\"pl-PL\">lternativa de sincronizaci\u00f3n con la luz estrobosc\u00f3pica roja Orion RS-100)<\/span><\/span><\/span><\/p>\n<\/td>\n<\/tr>\n<tr valign=\"top\">\n<td width=\"338\">\n<p align=\"left\"><span style=\"font-family: Calibri, sans-serif;\"><span style=\"font-size: medium;\">Controlador LED<\/span><\/span><\/p>\n<\/td>\n<td width=\"540\">\n<p align=\"left\"><span style=\"font-family: Calibri, sans-serif;\"><span style=\"font-size: medium;\">Dentro de las l\u00e1mparas<\/span><\/span><\/p>\n<\/td>\n<\/tr>\n<tr valign=\"top\">\n<td width=\"338\">\n<p align=\"left\"><span style=\"font-family: Calibri, sans-serif;\"><span style=\"font-size: medium;\">Protecci\u00f3n<\/span><\/span><\/p>\n<\/td>\n<td width=\"540\">\n<p align=\"left\"><span style=\"font-family: Calibri, sans-serif;\"><span style=\"font-size: medium;\">Choques , Impactos , Agua IP68 , Polvo , Vibraciones<\/span><\/span><\/p>\n<\/td>\n<\/tr>\n<tr valign=\"top\">\n<td width=\"338\">\n<p align=\"left\"><span style=\"font-family: Calibri, sans-serif;\"><span style=\"font-size: medium;\">Gama<\/span><\/span><\/p>\n<\/td>\n<td width=\"540\">\n<p align=\"left\"><span style=\"font-family: Calibri, sans-serif;\"><span style=\"font-size: medium;\"><span lang=\"pl-PL\">sobre <\/span><span lang=\"pl-PL\">7<\/span><span lang=\"pl-PL\"> km en la oscuridad<\/span><\/span><\/span><\/p>\n<\/td>\n<\/tr>\n<tr valign=\"top\">\n<td width=\"338\">\n<p align=\"left\"><span style=\"font-family: Calibri, sans-serif;\"><span style=\"font-size: medium;\">Protecci\u00f3n contra polaridad inversa<\/span><\/span><\/p>\n<\/td>\n<td width=\"540\">\n<p align=\"left\"><span style=\"font-family: Calibri, sans-serif;\"><span style=\"font-size: medium;\">S\u00cd<\/span><\/span><\/p>\n<\/td>\n<\/tr>\n<tr valign=\"top\">\n<td width=\"338\">\n<p align=\"left\"><span style=\"font-family: Calibri, sans-serif;\"><span style=\"font-size: medium;\">Sensor t\u00e9rmico<\/span><\/span><\/p>\n<\/td>\n<td width=\"540\">\n<p align=\"left\"><span style=\"font-family: Calibri, sans-serif;\"><span style=\"font-size: medium;\">S\u00cd<\/span><\/span><\/p>\n<\/td>\n<\/tr>\n<tr valign=\"top\">\n<td width=\"338\">\n<p align=\"left\"><span style=\"font-family: Calibri, sans-serif;\"><span style=\"font-size: medium;\">Protecci\u00f3n contra baja tensi\u00f3n<\/span><\/span><\/p>\n<\/td>\n<td width=\"540\">\n<p align=\"left\"><span style=\"font-family: Calibri, sans-serif;\"><span style=\"font-size: medium;\">S\u00cd<\/span><\/span><\/p>\n<\/td>\n<\/tr>\n<tr valign=\"top\">\n<td width=\"338\">\n<p align=\"left\"><span style=\"font-family: Calibri, sans-serif;\"><span style=\"font-size: medium;\">Protecci\u00f3n contra sobretensi\u00f3n<\/span><\/span><\/p>\n<\/td>\n<td width=\"540\">\n<p align=\"left\"><span style=\"font-family: Calibri, sans-serif;\"><span style=\"font-size: medium;\">NO<\/span><\/span><\/p>\n<\/td>\n<\/tr>\n<tr valign=\"top\">\n<td width=\"338\">\n<p align=\"left\"><span style=\"font-family: Calibri, sans-serif;\"><span style=\"font-size: medium;\"><span lang=\"pl-PL\">W<\/span><span lang=\"pl-PL\">i<\/span><span lang=\"pl-PL\">res Tipo \/ <\/span><span lang=\"pl-PL\">longitud<\/span><\/span><\/span><\/p>\n<\/td>\n<td width=\"540\">\n<p align=\"left\"><span style=\"font-family: Calibri, sans-serif;\"><span style=\"font-size: medium;\"><span lang=\"pl-PL\">20AWG \/ 0,5mm2 \/ <\/span><span lang=\"pl-PL\">22 cm<\/span><\/span><\/span><\/p>\n<\/td>\n<\/tr>\n<tr valign=\"top\">\n<td width=\"338\">\n<p align=\"left\"><span style=\"font-family: Calibri, sans-serif;\"><span style=\"font-size: medium;\">Recomendaci\u00f3n de fusibles<\/span><\/span><\/p>\n<\/td>\n<td width=\"540\">\n<p align=\"left\"><span style=\"font-family: Calibri, sans-serif;\"><span style=\"font-size: medium;\">Luz trasera 3A , estrobosc\u00f3pica 5A<\/span><\/span><\/p>\n<\/td>\n<\/tr>\n<tr valign=\"top\">\n<td width=\"338\">\n<p align=\"left\"><span style=\"font-family: Calibri, sans-serif;\"><span style=\"font-size: medium;\">Temperatura ambiente<\/span><\/span><\/p>\n<\/td>\n<td width=\"540\">\n<p align=\"left\"><span style=\"font-family: Calibri, sans-serif;\"><span style=\"font-size: medium;\">-55 C \/ +85 C -67F \/ +185F<\/span><\/span><\/p>\n<\/td>\n<\/tr>\n<tr valign=\"top\">\n<td width=\"338\">\n<p align=\"left\"><span style=\"font-family: Calibri, sans-serif;\"><span style=\"font-size: medium;\">Tama\u00f1o del tornillo de montaje<\/span><\/span><\/p>\n<\/td>\n<td width=\"540\">\n<p align=\"left\"><span style=\"font-family: Calibri, sans-serif;\"><span style=\"font-size: medium;\"><span lang=\"pl-PL\">M3 Acero Inoxidable \/ <\/span><span lang=\"pl-PL\">Central M<\/span><span lang=\"pl-PL\">8<\/span><span lang=\"pl-PL\">\/1<\/span><\/span><\/span><\/p>\n<\/td>\n<\/tr>\n<tr valign=\"top\">\n<td width=\"338\">\n<p align=\"left\"><span style=\"font-family: Calibri, sans-serif;\"><span style=\"font-size: medium;\">Par de apriete necesario para el tornillo<\/span><\/span><\/p>\n<\/td>\n<td width=\"540\">\n<p align=\"left\"><span style=\"font-family: Calibri, sans-serif;\"><span style=\"font-size: medium;\">M3-1,2Nm , M8-2Nm<\/span><\/span><\/p>\n<\/td>\n<\/tr>\n<tr valign=\"top\">\n<td width=\"338\">\n<p align=\"left\"><span style=\"font-family: Calibri, sans-serif;\"><span style=\"font-size: medium;\">Peso<\/span><\/span><\/p>\n<\/td>\n<td width=\"540\">\n<p align=\"left\"><span style=\"font-family: Calibri, sans-serif;\"><span style=\"font-size: medium;\"><span lang=\"pl-PL\">60<\/span><span lang=\"pl-PL\">g \/ <\/span><span lang=\"pl-PL\">0,13<\/span><span lang=\"pl-PL\">l<\/span><span lang=\"pl-PL\">b <\/span> <\/span><\/span><\/p>\n<\/td>\n<\/tr>\n<\/tbody>\n<\/table>\n","protected":false},"excerpt":{"rendered":"<p>ORION RS-100 Luz estrobosc\u00f3pica trasera \u00a1Experimenta una nueva calidad de seguridad en la aviaci\u00f3n ultraligera! La moderna luz estrobosc\u00f3pica\/de cola Orion RS-100 es una combinaci\u00f3n de tecnolog\u00eda de primera clase y dise\u00f1o compacto. Con una potente&#8230; <a class=\"more\" href=\"https:\/\/skyflar.com\/es\/product\/orion-rs-100-tail-strobe-light\/\"> Wi\u0119cej &rarr;<\/a><\/p>\n","protected":false},"featured_media":25515,"comment_status":"closed","ping_status":"closed","template":"","meta":[],"product_cat":[60],"product_tag":[],"acf":[],"aioseo_notices":[],"_links":{"self":[{"href":"https:\/\/skyflar.com\/es\/wp-json\/wp\/v2\/product\/25537"}],"collection":[{"href":"https:\/\/skyflar.com\/es\/wp-json\/wp\/v2\/product"}],"about":[{"href":"https:\/\/skyflar.com\/es\/wp-json\/wp\/v2\/types\/product"}],"replies":[{"embeddable":true,"href":"https:\/\/skyflar.com\/es\/wp-json\/wp\/v2\/comments?post=25537"}],"version-history":[{"count":3,"href":"https:\/\/skyflar.com\/es\/wp-json\/wp\/v2\/product\/25537\/revisions"}],"predecessor-version":[{"id":25646,"href":"https:\/\/skyflar.com\/es\/wp-json\/wp\/v2\/product\/25537\/revisions\/25646"}],"wp:featuredmedia":[{"embeddable":true,"href":"https:\/\/skyflar.com\/es\/wp-json\/wp\/v2\/media\/25515"}],"wp:attachment":[{"href":"https:\/\/skyflar.com\/es\/wp-json\/wp\/v2\/media?parent=25537"}],"wp:term":[{"taxonomy":"product_cat","embeddable":true,"href":"https:\/\/skyflar.com\/es\/wp-json\/wp\/v2\/product_cat?post=25537"},{"taxonomy":"product_tag","embeddable":true,"href":"https:\/\/skyflar.com\/es\/wp-json\/wp\/v2\/product_tag?post=25537"}],"curies":[{"name":"wp","href":"https:\/\/api.w.org\/{rel}","templated":true}]}}