{"id":682,"date":"2019-01-07T12:29:43","date_gmt":"2019-03-20T18:45:01","guid":{"rendered":"http:\/\/skyflar.clivio.pl\/produkt\/skyflar-led-strobe-light-st-102-17v\/"},"modified":"2021-09-30T15:03:59","modified_gmt":"2021-09-30T13:03:59","slug":"skyflar-led-strobe-light-st-102-17v","status":"publish","type":"product","link":"https:\/\/skyflar.com\/es\/product\/skyflar-led-strobe-light-st-102-17v\/","title":{"rendered":"SKYFLAR LED STROBE LIGHT ST-102 17V"},"content":{"rendered":"<h3>DATOS B\u00c1SICOS:<\/h3>\n<ul>\n<li>Fuente de alimentaci\u00f3n 14V &#8211; 20V DC.<\/li>\n<li>Potencia: 50W\/flash.<\/li>\n<li>Luminosidad: 5000 l\u00famens.<\/li>\n<li>Temperatura de luz: 5500-6000K.<\/li>\n<li>No interfiere con las ondas de radio.<\/li>\n<li>Resistencia a las vibraciones, choques.<\/li>\n<li>L\u00e1mpara LED : di\u00e1metro 40 mm (1,57 inch ). , peso 100 gr<\/li>\n<li>LED control : dimensiones: 50mm x 50mm x 27mm ( 1.96&#215;1.96&#215;1.06 inch. ). peso 70gr.<\/li>\n<li><strong>Alcance de unos 8 km despu\u00e9s de anochecer!!!<\/strong><\/li>\n<\/ul>\n<p><strong> Una funcion:<\/strong> Flashes individuales con frecuencia de 43 flashes por min.<\/p>\n<p><strong>Nuestras l\u00e1mparas est\u00e1n inundadas con resina de poliuretano especial resistente a temperaturas extremas (-40\u00b0C a 140\u00b0C), tienen una excelente resistencia mec\u00e1nica y son resistentes a los rayos UV!<\/strong><\/p>\n<p><strong>PRODUCTO PROTEGIDO POR LEY DE PATENTES.<\/strong><\/p>\n","protected":false},"excerpt":{"rendered":"<p>DATOS B\u00c1SICOS: Fuente de alimentaci\u00f3n 14V &#8211; 20V DC. Potencia: 50W\/flash. Luminosidad: 5000 l\u00famens. Temperatura de luz: 5500-6000K. No interfiere con las ondas de radio. Resistencia a las vibraciones, choques. L\u00e1mpara LED : di\u00e1metro 40 mm&#8230; <a class=\"more\" href=\"https:\/\/skyflar.com\/es\/product\/skyflar-led-strobe-light-st-102-17v\/\"> Wi\u0119cej &rarr;<\/a><\/p>\n","protected":false},"featured_media":216,"comment_status":"open","ping_status":"closed","template":"","meta":[],"product_cat":[60],"product_tag":[],"acf":[],"aioseo_notices":[],"_links":{"self":[{"href":"https:\/\/skyflar.com\/es\/wp-json\/wp\/v2\/product\/682"}],"collection":[{"href":"https:\/\/skyflar.com\/es\/wp-json\/wp\/v2\/product"}],"about":[{"href":"https:\/\/skyflar.com\/es\/wp-json\/wp\/v2\/types\/product"}],"replies":[{"embeddable":true,"href":"https:\/\/skyflar.com\/es\/wp-json\/wp\/v2\/comments?post=682"}],"version-history":[{"count":3,"href":"https:\/\/skyflar.com\/es\/wp-json\/wp\/v2\/product\/682\/revisions"}],"predecessor-version":[{"id":3317,"href":"https:\/\/skyflar.com\/es\/wp-json\/wp\/v2\/product\/682\/revisions\/3317"}],"wp:featuredmedia":[{"embeddable":true,"href":"https:\/\/skyflar.com\/es\/wp-json\/wp\/v2\/media\/216"}],"wp:attachment":[{"href":"https:\/\/skyflar.com\/es\/wp-json\/wp\/v2\/media?parent=682"}],"wp:term":[{"taxonomy":"product_cat","embeddable":true,"href":"https:\/\/skyflar.com\/es\/wp-json\/wp\/v2\/product_cat?post=682"},{"taxonomy":"product_tag","embeddable":true,"href":"https:\/\/skyflar.com\/es\/wp-json\/wp\/v2\/product_tag?post=682"}],"curies":[{"name":"wp","href":"https:\/\/api.w.org\/{rel}","templated":true}]}}