{"id":698,"date":"2019-01-01T11:50:31","date_gmt":"2019-03-20T23:51:23","guid":{"rendered":"http:\/\/skyflar.clivio.pl\/produkt\/set-de-alimentacion-li-ion-skyflar\/"},"modified":"2024-11-28T16:29:46","modified_gmt":"2024-11-28T15:29:46","slug":"set-de-alimentacion-li-ion-skyflar","status":"publish","type":"product","link":"https:\/\/skyflar.com\/es\/product\/set-de-alimentacion-li-ion-skyflar\/","title":{"rendered":"DOUBLE LI-ION POWER PACK KIT SKYFLAR"},"content":{"rendered":"<h3>DATOS B\u00c1SICOS:<\/h3>\n<ul>\n<li>Voltaje de salida: 12.6V.<\/li>\n<li>Protecci\u00f3n contra cortocircuitos.<\/li>\n<li>Protecci\u00f3n contra sobrecarga de bater\u00eda.<\/li>\n<li>Protecci\u00f3n contra descarga de bater\u00eda.<\/li>\n<li>Protecci\u00f3n contra corriente.<\/li>\n<li>M\u00e1xima corriente continua de descarga: 5-8 A.<\/li>\n<li>M\u00e1xima corriente instant\u00e1nea de descarga: 10A.<\/li>\n<li>Temperatura: -40\u00b0C &#8212;- +50\u00b0C.<\/li>\n<li>Peso : 160 gramos.<\/li>\n<li>Dimensiones (L\/A\/A): 13 cm\/8 cm\/5,5 cm.<\/li>\n<\/ul>\n<h3><span style=\"color: #ff0000;\">KIT DEDICADO A ST-101, ST-101 ROJO, SAFESTROBES SF NUEVO<\/span><\/h3>\n<h3>CONTENIDO DEL PACK:<\/h3>\n<ol>\n<li>Marco de seguridad para 6 pilas.<\/li>\n<li>Funda para el marco de seguridad.<\/li>\n<li>Cinta de velcro.<\/li>\n<li>Cargador Li-ion 12.6V 1A con diodo LED. **<\/li>\n<li>Manual de instrucciones.<\/li>\n<\/ol>\n<p><strong>Manejo de pilas Li-ion 18650 :<\/strong><\/p>\n<p><strong>SANYO NCR18650GA 3450mAh<\/strong><strong> LG INR18650 MH1 3200mAh , PANASONIC NCR18650PF 2900mAh , SONY US18650V3 2250mAh , SAMSUNG ICR 18650 22P 2150mah , SANYO NCR18650GA 3500mAh .<\/strong><\/p>\n<p>** (inf\u00f3rmanos sobre el enchufe: EU,US,UK. Si no hay informaci\u00f3n disponible, enviaremos seg\u00fan el pa\u00eds del pedido. ).<\/p>\n<p><strong>PRODUCTO PROTEGIDO POR LEY DE PATENTES.<\/strong><\/p>\n","protected":false},"excerpt":{"rendered":"<p>DATOS B\u00c1SICOS: Voltaje de salida: 12.6V. Protecci\u00f3n contra cortocircuitos. Protecci\u00f3n contra sobrecarga de bater\u00eda. Protecci\u00f3n contra descarga de bater\u00eda. Protecci\u00f3n contra corriente. M\u00e1xima corriente continua de descarga: 5-8 A. M\u00e1xima corriente instant\u00e1nea de descarga: 10A. Temperatura:&#8230; <a class=\"more\" href=\"https:\/\/skyflar.com\/es\/product\/set-de-alimentacion-li-ion-skyflar\/\"> Wi\u0119cej &rarr;<\/a><\/p>\n","protected":false},"featured_media":25404,"comment_status":"open","ping_status":"closed","template":"","meta":[],"product_cat":[62],"product_tag":[],"acf":[],"aioseo_notices":[],"_links":{"self":[{"href":"https:\/\/skyflar.com\/es\/wp-json\/wp\/v2\/product\/698"}],"collection":[{"href":"https:\/\/skyflar.com\/es\/wp-json\/wp\/v2\/product"}],"about":[{"href":"https:\/\/skyflar.com\/es\/wp-json\/wp\/v2\/types\/product"}],"replies":[{"embeddable":true,"href":"https:\/\/skyflar.com\/es\/wp-json\/wp\/v2\/comments?post=698"}],"version-history":[{"count":4,"href":"https:\/\/skyflar.com\/es\/wp-json\/wp\/v2\/product\/698\/revisions"}],"predecessor-version":[{"id":25447,"href":"https:\/\/skyflar.com\/es\/wp-json\/wp\/v2\/product\/698\/revisions\/25447"}],"wp:featuredmedia":[{"embeddable":true,"href":"https:\/\/skyflar.com\/es\/wp-json\/wp\/v2\/media\/25404"}],"wp:attachment":[{"href":"https:\/\/skyflar.com\/es\/wp-json\/wp\/v2\/media?parent=698"}],"wp:term":[{"taxonomy":"product_cat","embeddable":true,"href":"https:\/\/skyflar.com\/es\/wp-json\/wp\/v2\/product_cat?post=698"},{"taxonomy":"product_tag","embeddable":true,"href":"https:\/\/skyflar.com\/es\/wp-json\/wp\/v2\/product_tag?post=698"}],"curies":[{"name":"wp","href":"https:\/\/api.w.org\/{rel}","templated":true}]}}