{"id":751,"date":"2019-03-21T13:42:26","date_gmt":"2019-03-21T12:42:26","guid":{"rendered":"http:\/\/skyflar.clivio.pl\/?page_id=751"},"modified":"2019-03-21T13:42:26","modified_gmt":"2019-03-21T12:42:26","slug":"a-propos-de-nous","status":"publish","type":"page","link":"https:\/\/skyflar.com\/fr\/a-propos-de-nous\/","title":{"rendered":"\u00c0 propos de nous"},"content":{"rendered":"<div class=\"cms-block xs-100 sm-100 md-50 lg-50 xl-50\">\n<div class=\"editor-content\">\n<p>Nous nous sp\u00e9cialisons dans la production des syst\u00e8mes d\u2019\u00e9clairage a\u00e9rienne dans la technologie LED de la plus haute qualit\u00e9. Chaque ann\u00e9e, le nombre d\u2019usagers du transport a\u00e9rien augmente et c\u2019est pourquoi l\u2019espace a\u00e9rien devient de plus en plus dense. Pendant les heures du matin et du soir, les pilotes d\u2019avion sont expos\u00e9s au risque de collision \u00e0 cause de la mauvaise visibilit\u00e9. Notre \u00e9clairage am\u00e9liore consid\u00e9rablement une visibilit\u00e9 et \u00e0 la fois assure la s\u00e9curit\u00e9 de tous les a\u00e9ronefs.<\/p>\n<\/div>\n<\/div>\n<div class=\"cms-block xs-100 sm-100 md-50 lg-50 xl-50\">\n<div class=\"editor-content\">\n<p>La soci\u00e9t\u00e9 SKYFLAR est n\u00e9e de notre passion pour l\u2019aviation. Nos produits sont fabriqu\u00e9s avec la plus haute pr\u00e9cision et c\u2019est pourquoi ils sont tr\u00e8s appr\u00e9ci\u00e9s dans le monde entier. Ils sont bien pens\u00e9s de point de vue technique et pratique. Notre produit a \u00e9t\u00e9 r\u00e9compens\u00e9 pour l\u2019Innovation dans le Parc de Science et de Technique \u00e0 E\u0142k. Nous fournissons la coop\u00e9ration sur le plus haut niveau. Nous nous soucions du meilleur service \u00e0 la client\u00e8le. Nous sommes ouverts aux nouvelles id\u00e9es et \u00e0 leurs r\u00e9alisations.<\/p>\n<\/div>\n<\/div>\n","protected":false},"excerpt":{"rendered":"<p>Nous nous sp\u00e9cialisons dans la production des syst\u00e8mes d\u2019\u00e9clairage a\u00e9rienne dans la technologie LED de la plus haute qualit\u00e9. Chaque ann\u00e9e, le nombre d\u2019usagers du transport a\u00e9rien augmente et c\u2019est pourquoi l\u2019espace a\u00e9rien devient de plus&#8230; <a class=\"more\" href=\"https:\/\/skyflar.com\/fr\/a-propos-de-nous\/\"> Wi\u0119cej &rarr;<\/a><\/p>\n","protected":false},"author":1,"featured_media":0,"parent":0,"menu_order":0,"comment_status":"closed","ping_status":"closed","template":"page-about.php","meta":[],"acf":[],"aioseo_notices":[],"_links":{"self":[{"href":"https:\/\/skyflar.com\/fr\/wp-json\/wp\/v2\/pages\/751"}],"collection":[{"href":"https:\/\/skyflar.com\/fr\/wp-json\/wp\/v2\/pages"}],"about":[{"href":"https:\/\/skyflar.com\/fr\/wp-json\/wp\/v2\/types\/page"}],"author":[{"embeddable":true,"href":"https:\/\/skyflar.com\/fr\/wp-json\/wp\/v2\/users\/1"}],"replies":[{"embeddable":true,"href":"https:\/\/skyflar.com\/fr\/wp-json\/wp\/v2\/comments?post=751"}],"version-history":[{"count":1,"href":"https:\/\/skyflar.com\/fr\/wp-json\/wp\/v2\/pages\/751\/revisions"}],"predecessor-version":[{"id":752,"href":"https:\/\/skyflar.com\/fr\/wp-json\/wp\/v2\/pages\/751\/revisions\/752"}],"wp:attachment":[{"href":"https:\/\/skyflar.com\/fr\/wp-json\/wp\/v2\/media?parent=751"}],"curies":[{"name":"wp","href":"https:\/\/api.w.org\/{rel}","templated":true}]}}