{"id":23953,"date":"2018-01-26T13:53:44","date_gmt":"2021-04-26T11:54:24","guid":{"rendered":"https:\/\/skyflar.com\/?post_type=product&#038;p=23953"},"modified":"2021-04-26T14:02:39","modified_gmt":"2021-04-26T12:02:39","slug":"ligne-guides-pour-ppg-trike","status":"publish","type":"product","link":"https:\/\/skyflar.com\/fr\/product\/ligne-guides-pour-ppg-trike\/","title":{"rendered":"PARAMOTOR TRIKE LINE HOLDERS"},"content":{"rendered":"<p id=\"tw-target-text\" class=\"tw-data-text tw-text-large XcVN5d tw-ta\" dir=\"ltr\" data-placeholder=\"T\u0142umaczenie\"><span class=\"Y2IQFc\" lang=\"fr\">Jeu de supports de ligne de parapente mont\u00e9s sur la cage d&#8217;h\u00e9lice PPG \/ PPGG.<\/span><\/p>\n<p class=\"tw-data-text tw-text-large XcVN5d tw-ta\" dir=\"ltr\" data-placeholder=\"T\u0142umaczenie\"><span class=\"Y2IQFc\" lang=\"fr\"> Ils conviennent aux paniers \u00e0 deux ronds et \u00e0 un anneau d&#8217;un diam\u00e8tre de 120 cm \u00e0 160 cm. <\/span><span class=\"Y2IQFc\" lang=\"fr\">Installation facile avec du ruban adh\u00e9sif double face et des serre-c\u00e2bles.<\/span><\/p>\n<ul>\n<li class=\"tw-data-text tw-text-large XcVN5d tw-ta\" dir=\"ltr\" data-placeholder=\"T\u0142umaczenie\"><span class=\"Y2IQFc\" lang=\"fr\">dimensions: 115 mm x 55 mm x 26 mm <\/span><\/li>\n<li class=\"tw-data-text tw-text-large XcVN5d tw-ta\" dir=\"ltr\" data-placeholder=\"T\u0142umaczenie\"><span class=\"Y2IQFc\" lang=\"fr\">poids: <\/span><span class=\"Y2IQFc\" lang=\"fr\">40g (ensemble) <\/span><\/li>\n<li class=\"tw-data-text tw-text-large XcVN5d tw-ta\" dir=\"ltr\" data-placeholder=\"T\u0142umaczenie\"><span class=\"Y2IQFc\" lang=\"fr\">couleur noire <\/span><\/li>\n<li class=\"tw-data-text tw-text-large XcVN5d tw-ta\" dir=\"ltr\" data-placeholder=\"T\u0142umaczenie\"><span class=\"Y2IQFc\" lang=\"fr\">Mat\u00e9riel: PETG <\/span><\/li>\n<li class=\"tw-data-text tw-text-large XcVN5d tw-ta\" dir=\"ltr\" data-placeholder=\"T\u0142umaczenie\"><span class=\"Y2IQFc\" lang=\"fr\">pour un tuyau d&#8217;un diam\u00e8tre de 20 mm ou 22 mm <\/span><\/li>\n<\/ul>\n<p class=\"tw-data-text tw-text-large XcVN5d tw-ta\" dir=\"ltr\" data-placeholder=\"T\u0142umaczenie\"><span class=\"Y2IQFc\" lang=\"fr\">Prix \u200b\u200bpour une paire (ensemble). <\/span><\/p>\n<p class=\"tw-data-text tw-text-large XcVN5d tw-ta\" dir=\"ltr\" data-placeholder=\"T\u0142umaczenie\"><strong><span class=\"Y2IQFc\" lang=\"fr\" style=\"color: #ff0000;\">Lors de la commande, veuillez pr\u00e9ciser le diam\u00e8tre du tuyau du panier (20 mm ou 22 mm). Si vous ne sp\u00e9cifiez pas le diam\u00e8tre, nous envoyons des porte-tubes de 20 mm.<\/span><\/strong><\/p>\n","protected":false},"excerpt":{"rendered":"<p>Jeu de supports de ligne de parapente mont\u00e9s sur la cage d&#8217;h\u00e9lice PPG \/ PPGG. Ils conviennent aux paniers \u00e0 deux ronds et \u00e0 un anneau d&#8217;un diam\u00e8tre de 120 cm \u00e0 160 cm. Installation facile&#8230; <a class=\"more\" href=\"https:\/\/skyflar.com\/fr\/product\/ligne-guides-pour-ppg-trike\/\"> Wi\u0119cej &rarr;<\/a><\/p>\n","protected":false},"featured_media":24181,"comment_status":"open","ping_status":"closed","template":"","meta":[],"product_cat":[57],"product_tag":[],"acf":[],"aioseo_notices":[],"_links":{"self":[{"href":"https:\/\/skyflar.com\/fr\/wp-json\/wp\/v2\/product\/23953"}],"collection":[{"href":"https:\/\/skyflar.com\/fr\/wp-json\/wp\/v2\/product"}],"about":[{"href":"https:\/\/skyflar.com\/fr\/wp-json\/wp\/v2\/types\/product"}],"replies":[{"embeddable":true,"href":"https:\/\/skyflar.com\/fr\/wp-json\/wp\/v2\/comments?post=23953"}],"version-history":[{"count":4,"href":"https:\/\/skyflar.com\/fr\/wp-json\/wp\/v2\/product\/23953\/revisions"}],"predecessor-version":[{"id":24196,"href":"https:\/\/skyflar.com\/fr\/wp-json\/wp\/v2\/product\/23953\/revisions\/24196"}],"wp:featuredmedia":[{"embeddable":true,"href":"https:\/\/skyflar.com\/fr\/wp-json\/wp\/v2\/media\/24181"}],"wp:attachment":[{"href":"https:\/\/skyflar.com\/fr\/wp-json\/wp\/v2\/media?parent=23953"}],"wp:term":[{"taxonomy":"product_cat","embeddable":true,"href":"https:\/\/skyflar.com\/fr\/wp-json\/wp\/v2\/product_cat?post=23953"},{"taxonomy":"product_tag","embeddable":true,"href":"https:\/\/skyflar.com\/fr\/wp-json\/wp\/v2\/product_tag?post=23953"}],"curies":[{"name":"wp","href":"https:\/\/api.w.org\/{rel}","templated":true}]}}