{"id":24245,"date":"2018-01-24T12:28:32","date_gmt":"2021-05-25T11:27:39","guid":{"rendered":"https:\/\/skyflar.com\/?post_type=product&#038;p=24245"},"modified":"2021-05-25T13:27:39","modified_gmt":"2021-05-25T11:27:39","slug":"upgrade-set-from-st-201-white-to-st-202-white-white","status":"publish","type":"product","link":"https:\/\/skyflar.com\/fr\/product\/upgrade-set-from-st-201-white-to-st-202-white-white\/","title":{"rendered":"UPGRADE SET FROM ST-201 WHITE TO ST-202 WHITE\/WHITE"},"content":{"rendered":"<p id=\"tw-target-text\" class=\"tw-data-text tw-text-large XcVN5d tw-ta\" dir=\"ltr\" data-placeholder=\"T\u0142umaczenie\"><span class=\"Y2IQFc\" lang=\"fr\">Un ensemble de pi\u00e8ces d\u00e9di\u00e9 aux propri\u00e9taires du flash LED multifonction ST-201 qui souhaitent \u00e9tendre leur ensemble au mod\u00e8le ST-202.<\/span><\/p>\n<p>Composition du kit:<\/p>\n<ul>\n<li>Lampe LED 50W 6000lm avec le connecteur<\/li>\n<li>Kit de montage pour la lampe LED sur un tuyau de 20 mm<\/li>\n<li>S<span class=\"Y2IQFc\" lang=\"fr\">\u00e9<\/span>parateur \u00e0 led<\/li>\n<li>Colliers de serrage 10 pi<span class=\"Y2IQFc\" lang=\"fr\">\u00e8<\/span><span class=\"Y2IQFc\" lang=\"fr\">ces<\/span><\/li>\n<li>Mode d&#8217;emploi<\/li>\n<\/ul>\n","protected":false},"excerpt":{"rendered":"<p>Un ensemble de pi\u00e8ces d\u00e9di\u00e9 aux propri\u00e9taires du flash LED multifonction ST-201 qui souhaitent \u00e9tendre leur ensemble au mod\u00e8le ST-202. Composition du kit: Lampe LED 50W 6000lm avec le connecteur Kit de montage pour la lampe&#8230; <a class=\"more\" href=\"https:\/\/skyflar.com\/fr\/product\/upgrade-set-from-st-201-white-to-st-202-white-white\/\"> Wi\u0119cej &rarr;<\/a><\/p>\n","protected":false},"featured_media":24234,"comment_status":"open","ping_status":"closed","template":"","meta":[],"product_cat":[57],"product_tag":[],"acf":[],"aioseo_notices":[],"_links":{"self":[{"href":"https:\/\/skyflar.com\/fr\/wp-json\/wp\/v2\/product\/24245"}],"collection":[{"href":"https:\/\/skyflar.com\/fr\/wp-json\/wp\/v2\/product"}],"about":[{"href":"https:\/\/skyflar.com\/fr\/wp-json\/wp\/v2\/types\/product"}],"replies":[{"embeddable":true,"href":"https:\/\/skyflar.com\/fr\/wp-json\/wp\/v2\/comments?post=24245"}],"version-history":[{"count":1,"href":"https:\/\/skyflar.com\/fr\/wp-json\/wp\/v2\/product\/24245\/revisions"}],"predecessor-version":[{"id":24246,"href":"https:\/\/skyflar.com\/fr\/wp-json\/wp\/v2\/product\/24245\/revisions\/24246"}],"wp:featuredmedia":[{"embeddable":true,"href":"https:\/\/skyflar.com\/fr\/wp-json\/wp\/v2\/media\/24234"}],"wp:attachment":[{"href":"https:\/\/skyflar.com\/fr\/wp-json\/wp\/v2\/media?parent=24245"}],"wp:term":[{"taxonomy":"product_cat","embeddable":true,"href":"https:\/\/skyflar.com\/fr\/wp-json\/wp\/v2\/product_cat?post=24245"},{"taxonomy":"product_tag","embeddable":true,"href":"https:\/\/skyflar.com\/fr\/wp-json\/wp\/v2\/product_tag?post=24245"}],"curies":[{"name":"wp","href":"https:\/\/api.w.org\/{rel}","templated":true}]}}