{"id":24583,"date":"2023-01-13T16:10:48","date_gmt":"2023-01-13T15:17:49","guid":{"rendered":"https:\/\/skyflar.com\/?post_type=product&#038;p=24583"},"modified":"2023-05-16T17:21:56","modified_gmt":"2023-05-16T15:21:56","slug":"support-de-lampe-led-support-dedie-pour-le-cadre-de-parajet-maverick","status":"publish","type":"product","link":"https:\/\/skyflar.com\/fr\/product\/support-de-lampe-led-support-dedie-pour-le-cadre-de-parajet-maverick\/","title":{"rendered":"SUPPORT DE LAMPE LED \/ SUPPORT D\u00c9DI\u00c9 POUR LE CADRE DE PARAJET MAVERICK"},"content":{"rendered":"<p>Un support pour les lampes LED Skyflar ( ST-101 , ST-102 , ST-201 ,ST-202 ) d\u00e9di\u00e9 au montage sur le cadre Parajet Maverick . Fabriqu\u00e9 en PETG et aluminium pour le refroidissement.\u00a0 Facile \u00e0 installer et \u00e0 d\u00e9monter.<\/p>\n","protected":false},"excerpt":{"rendered":"<p>Un support pour les lampes LED Skyflar ( ST-101 , ST-102 , ST-201 ,ST-202 ) d\u00e9di\u00e9 au montage sur le cadre Parajet Maverick . Fabriqu\u00e9 en PETG et aluminium pour le refroidissement.\u00a0 Facile \u00e0 installer et&#8230; <a class=\"more\" href=\"https:\/\/skyflar.com\/fr\/product\/support-de-lampe-led-support-dedie-pour-le-cadre-de-parajet-maverick\/\"> Wi\u0119cej &rarr;<\/a><\/p>\n","protected":false},"featured_media":24565,"comment_status":"open","ping_status":"closed","template":"","meta":[],"product_cat":[57],"product_tag":[],"acf":[],"aioseo_notices":[],"_links":{"self":[{"href":"https:\/\/skyflar.com\/fr\/wp-json\/wp\/v2\/product\/24583"}],"collection":[{"href":"https:\/\/skyflar.com\/fr\/wp-json\/wp\/v2\/product"}],"about":[{"href":"https:\/\/skyflar.com\/fr\/wp-json\/wp\/v2\/types\/product"}],"replies":[{"embeddable":true,"href":"https:\/\/skyflar.com\/fr\/wp-json\/wp\/v2\/comments?post=24583"}],"version-history":[{"count":1,"href":"https:\/\/skyflar.com\/fr\/wp-json\/wp\/v2\/product\/24583\/revisions"}],"predecessor-version":[{"id":24584,"href":"https:\/\/skyflar.com\/fr\/wp-json\/wp\/v2\/product\/24583\/revisions\/24584"}],"wp:featuredmedia":[{"embeddable":true,"href":"https:\/\/skyflar.com\/fr\/wp-json\/wp\/v2\/media\/24565"}],"wp:attachment":[{"href":"https:\/\/skyflar.com\/fr\/wp-json\/wp\/v2\/media?parent=24583"}],"wp:term":[{"taxonomy":"product_cat","embeddable":true,"href":"https:\/\/skyflar.com\/fr\/wp-json\/wp\/v2\/product_cat?post=24583"},{"taxonomy":"product_tag","embeddable":true,"href":"https:\/\/skyflar.com\/fr\/wp-json\/wp\/v2\/product_tag?post=24583"}],"curies":[{"name":"wp","href":"https:\/\/api.w.org\/{rel}","templated":true}]}}