{"id":24654,"date":"2023-05-26T17:41:18","date_gmt":"2023-05-29T09:38:57","guid":{"rendered":"https:\/\/skyflar.com\/?post_type=product&#038;p=24654"},"modified":"2023-10-12T08:09:36","modified_gmt":"2023-10-12T06:09:36","slug":"feu-datterrissage-syrius-ll-85","status":"publish","type":"product","link":"https:\/\/skyflar.com\/fr\/product\/feu-datterrissage-syrius-ll-85\/","title":{"rendered":"FEU D&#8217;ATTERRISSAGE SYRIUS LL-85"},"content":{"rendered":"<p><strong>SYRIUS LL-85<\/strong><\/p>\n<p>L&#8217;atterrissage est une proc\u00e9dure o\u00f9 les mauvaises conditions d&#8217;\u00e9clairage n&#8217;ont pas leur place. Plus la visibilit\u00e9 est bonne, plus la s\u00e9curit\u00e9 est grande ! C&#8217;est pourquoi nous avons cr\u00e9\u00e9 les meilleurs phares d&#8217;atterrissage pour assurer un \u00e9clairage plus que suffisant. L&#8217;incroyable puissance de 110W permettra un atterrissage confortable m\u00eame sur un terrain non \u00e9clair\u00e9. Syrius peut \u00eatre adapt\u00e9 aux conditions de visibilit\u00e9 en le commutant en Lo Beam ou HI Beam + Taxi Light. Le corps de la lampe est enti\u00e8rement fabriqu\u00e9 en aluminium par usinage \u00e0 la cnc, ce qui le rend solide et durable. Gr\u00e2ce \u00e0 son \u00e9norme surface de refroidissement, Syrius peut supporter sa pleine puissance pendant une longue p\u00e9riode. Elle ne diminuera pas, m\u00eame en cas d&#8217;atterrissage tr\u00e8s long, comme cela peut arriver avec d&#8217;autres lampes disponibles sur le march\u00e9. L&#8217;\u00e9lectronique des lampes est con\u00e7ue selon la technologie la plus r\u00e9cente, ce qui permet d&#8217;obtenir un rendement \u00e9lev\u00e9. Les phares d&#8217;atterrissage sont pr\u00eats \u00e0 \u00eatre utilis\u00e9s avec notre module WIG-WAG\/PULSE. M\u00eame avec une telle puissance, il n&#8217;y a pas d&#8217;interf\u00e9rences avec la radio ! Syrius est le meilleur choix en mati\u00e8re de puissance et de qualit\u00e9.<\/p>\n<p><strong>DONN\u00c9ES TECHNIQUES:\u00a0<\/strong><\/p>\n<table width=\"604\" cellspacing=\"0\" cellpadding=\"7\">\n<tbody>\n<tr valign=\"top\">\n<td width=\"221\">\n<p class=\"western\" align=\"left\">Tension d&#8217;alimentation<\/p>\n<\/td>\n<td width=\"353\">\n<p class=\"western\" align=\"left\"><span style=\"font-family: Calibri, serif;\">10V DC -30V DC<\/span><\/p>\n<\/td>\n<\/tr>\n<tr valign=\"top\">\n<td width=\"221\">\n<p class=\"western\" align=\"left\">Puissance<\/p>\n<\/td>\n<td width=\"353\">\n<p class=\"western\" align=\"left\"><span style=\"font-family: Calibri, serif;\">-Hi Beam : 110W , 14000 Lumens<\/span><\/p>\n<p class=\"western\" align=\"left\"><span style=\"font-family: Calibri, serif;\">-Lo Beam : 42W, 5500 Lumens<\/span><\/p>\n<p class=\"western\" align=\"left\"><span style=\"font-family: Calibri, serif;\">-Taxi Light: 17W, 2300 Lumens<\/span><\/p>\n<\/td>\n<\/tr>\n<tr valign=\"top\">\n<td width=\"221\">\n<p class=\"western\" align=\"left\">Consommation de courant<\/p>\n<\/td>\n<td width=\"353\">\n<p class=\"western\" align=\"left\"><span style=\"font-family: Calibri, serif;\">-Taxi Light : 1,2A at 14V \/ 0,6A at 28V<\/span><\/p>\n<p class=\"western\" align=\"left\"><span style=\"font-family: Calibri, serif;\">-Lo Beam: 3A at 14V \/ 1,4A at 28V<\/span><\/p>\n<p class=\"western\" align=\"left\"><span style=\"font-family: Calibri, serif;\">-Hi Beam : 8A at 14V \/ 3.5 A at 28V<\/span><\/p>\n<\/td>\n<\/tr>\n<tr valign=\"top\">\n<td width=\"221\" height=\"20\">\n<p class=\"western\" align=\"left\">Temp\u00e9rature de couleur, Leds<\/p>\n<\/td>\n<td width=\"353\">\n<p class=\"western\" align=\"left\"><span style=\"font-family: Calibri, serif;\">5500 K, Cree Leds<\/span><\/p>\n<\/td>\n<\/tr>\n<tr valign=\"top\">\n<td width=\"221\" height=\"20\">\n<p class=\"western\" align=\"left\">Angle de l&#8217;objectif<\/p>\n<\/td>\n<td width=\"353\">\n<p class=\"western\" align=\"left\"><span style=\"font-family: Calibri, serif;\">LL-85 : 5 x 8 degr\u00e9s , 1x 30 degr\u00e9s<\/span><\/p>\n<\/td>\n<\/tr>\n<tr valign=\"top\">\n<td width=\"221\">\n<p class=\"western\" align=\"left\">Protection contre la surchauffe<\/p>\n<\/td>\n<td width=\"353\">\n<p class=\"western\" align=\"left\">Capteur de temp\u00e9rature \u00e0 l&#8217;int\u00e9rieur<\/p>\n<\/td>\n<\/tr>\n<tr valign=\"top\">\n<td width=\"221\">\n<p class=\"western\" align=\"left\">Protection contre<\/p>\n<\/td>\n<td width=\"353\">\n<p class=\"western\" align=\"left\">les chocs, les impacts, l&#8217;eau IP67, la poussi\u00e8re et les vibrations<\/p>\n<\/td>\n<\/tr>\n<tr valign=\"top\">\n<td width=\"221\">\n<p class=\"western\" align=\"left\">Protection contre l&#8217;inversion de polarit\u00e9<\/p>\n<\/td>\n<td width=\"353\">\n<p class=\"western\" align=\"left\">OUI<\/p>\n<\/td>\n<\/tr>\n<tr valign=\"top\">\n<td width=\"221\">\n<p class=\"western\" align=\"left\">Temp\u00e9rature ambiante<\/p>\n<\/td>\n<td width=\"353\">\n<p class=\"western\" align=\"left\"><span style=\"font-family: Calibri, serif;\">-55 C \/ +85 C -67F \/ +185F<\/span><\/p>\n<\/td>\n<\/tr>\n<tr valign=\"top\">\n<td width=\"221\">\n<p class=\"western\" align=\"left\">Port\u00e9e<\/p>\n<\/td>\n<td width=\"353\">\n<p class=\"western\" align=\"left\">Jusqu&#8217;\u00e0 400 m<\/p>\n<\/td>\n<\/tr>\n<tr valign=\"top\">\n<td width=\"221\">\n<p class=\"western\" align=\"left\">Poids<\/p>\n<\/td>\n<td width=\"353\">\n<p class=\"western\" align=\"left\"><span style=\"font-family: Calibri, serif;\">LL-85: 550g , 1,32 lb\u00a0<\/span><\/p>\n<\/td>\n<\/tr>\n<\/tbody>\n<\/table>\n","protected":false},"excerpt":{"rendered":"<p>SYRIUS LL-85 L&#8217;atterrissage est une proc\u00e9dure o\u00f9 les mauvaises conditions d&#8217;\u00e9clairage n&#8217;ont pas leur place. Plus la visibilit\u00e9 est bonne, plus la s\u00e9curit\u00e9 est grande ! C&#8217;est pourquoi nous avons cr\u00e9\u00e9 les meilleurs phares d&#8217;atterrissage pour&#8230; <a class=\"more\" href=\"https:\/\/skyflar.com\/fr\/product\/feu-datterrissage-syrius-ll-85\/\"> Wi\u0119cej &rarr;<\/a><\/p>\n","protected":false},"featured_media":25017,"comment_status":"open","ping_status":"closed","template":"","meta":[],"product_cat":[170],"product_tag":[],"acf":[],"aioseo_notices":[],"_links":{"self":[{"href":"https:\/\/skyflar.com\/fr\/wp-json\/wp\/v2\/product\/24654"}],"collection":[{"href":"https:\/\/skyflar.com\/fr\/wp-json\/wp\/v2\/product"}],"about":[{"href":"https:\/\/skyflar.com\/fr\/wp-json\/wp\/v2\/types\/product"}],"replies":[{"embeddable":true,"href":"https:\/\/skyflar.com\/fr\/wp-json\/wp\/v2\/comments?post=24654"}],"version-history":[{"count":2,"href":"https:\/\/skyflar.com\/fr\/wp-json\/wp\/v2\/product\/24654\/revisions"}],"predecessor-version":[{"id":24686,"href":"https:\/\/skyflar.com\/fr\/wp-json\/wp\/v2\/product\/24654\/revisions\/24686"}],"wp:featuredmedia":[{"embeddable":true,"href":"https:\/\/skyflar.com\/fr\/wp-json\/wp\/v2\/media\/25017"}],"wp:attachment":[{"href":"https:\/\/skyflar.com\/fr\/wp-json\/wp\/v2\/media?parent=24654"}],"wp:term":[{"taxonomy":"product_cat","embeddable":true,"href":"https:\/\/skyflar.com\/fr\/wp-json\/wp\/v2\/product_cat?post=24654"},{"taxonomy":"product_tag","embeddable":true,"href":"https:\/\/skyflar.com\/fr\/wp-json\/wp\/v2\/product_tag?post=24654"}],"curies":[{"name":"wp","href":"https:\/\/api.w.org\/{rel}","templated":true}]}}