{"id":24740,"date":"2023-05-30T16:58:37","date_gmt":"2023-05-31T11:17:50","guid":{"rendered":"https:\/\/skyflar.com\/?post_type=product&#038;p=24740"},"modified":"2023-05-31T13:17:50","modified_gmt":"2023-05-31T11:17:50","slug":"orion-rs-200","status":"publish","type":"product","link":"https:\/\/skyflar.com\/fr\/product\/orion-rs-200\/","title":{"rendered":"ORION RS-200"},"content":{"rendered":"<p><strong>ORION RS-200<\/strong><\/p>\n<p>En termes de puissance et de qualit\u00e9, il n&#8217;existe pas de meilleure option pour l&#8217;\u00e9clairage des avions. L&#8217;Orion RS-200 a tout pour plaire ! Il couvre l&#8217;ensemble du spectre de l&#8217;\u00e9clairage a\u00e9ronautique &#8211; navigation, feux de position et feux stroboscopiques. D&#8217;une taille compacte et d&#8217;un design \u00e9pur\u00e9, il fournit une impressionnante lumi\u00e8re stroboscopique de 100 W, ce qui en fait le plus petit et le plus puissant du march\u00e9. Le moulage en polyur\u00e9thane assure une construction robuste qui r\u00e9siste aux chocs, \u00e0 la poussi\u00e8re et \u00e0 l&#8217;eau et rend les lampes indestructibles. Cette r\u00e9sine unique est non seulement extr\u00eamement dure, mais elle pr\u00e9sente \u00e9galement une excellente conductivit\u00e9 thermique. Cela permet aux lampes d&#8217;exploiter les performances des derni\u00e8res LED CREE, extr\u00eamement puissantes. Leur efficacit\u00e9 et leur faible consommation d&#8217;\u00e9nergie garantissent une longue dur\u00e9e de vie, de sorte que l&#8217;Orion RS-200 peut \u00eatre utilis\u00e9 pendant des ann\u00e9es. De plus, ce polyur\u00e9thane sp\u00e9cial est extr\u00eamement r\u00e9sistant aux UV, de sorte que les lampes conservent leur aspect neuf m\u00eame au fil du temps.<\/p>\n<p><strong>DONN\u00c9ES TECHNIQUES <\/strong><\/p>\n<table width=\"604\" cellspacing=\"0\" cellpadding=\"7\">\n<tbody>\n<tr valign=\"top\">\n<td width=\"221\">\n<p align=\"left\">Tension d&#8217;alimentation<\/p>\n<\/td>\n<td width=\"353\">\n<p align=\"left\"><span style=\"font-family: Calibri, serif;\"><span style=\"font-size: small;\">12 V DC ou 24 V DC<\/span><\/span><\/p>\n<\/td>\n<\/tr>\n<tr valign=\"top\">\n<td width=\"221\">\n<p align=\"left\"><span style=\"font-family: Calibri, serif;\"><span style=\"font-size: small;\">Position\/navigation (2 lampes)<\/span><\/span><\/p>\n<\/td>\n<td width=\"353\">\n<p align=\"left\"><span style=\"font-family: Calibri, serif;\"><span style=\"font-size: small;\">6W \/ 0,45A \u00e0 14VDC<\/span><\/span><\/p>\n<\/td>\n<\/tr>\n<tr valign=\"top\">\n<td width=\"221\">\n<p align=\"left\"><span style=\"font-family: Calibri, serif;\"><span style=\"font-size: small;\">Feux stroboscopiques clignotants (2 feux)<\/span><\/span><\/p>\n<\/td>\n<td width=\"353\">\n<p align=\"left\"><span style=\"font-family: Calibri, serif;\"><span style=\"font-size: small;\">100W flash, 12000 lumens \/ 7 A ana14VDC<\/span><\/span><\/p>\n<\/td>\n<\/tr>\n<tr valign=\"top\">\n<td width=\"221\" height=\"20\">\n<p align=\"left\"><span style=\"font-family: Calibri, serif;\"><span style=\"font-size: small;\">Taux d&#8217;\u00e9clair<\/span><\/span><\/p>\n<\/td>\n<td width=\"353\">\n<p align=\"left\"><span style=\"font-family: Calibri, serif;\"><span style=\"font-size: small;\">50 cycles\/min.<\/span><\/span><\/p>\n<\/td>\n<\/tr>\n<tr valign=\"top\">\n<td width=\"221\">\n<p align=\"left\"><span style=\"font-family: Calibri, serif;\"><span style=\"font-size: small;\">Synchronisation<\/span><\/span><\/p>\n<\/td>\n<td width=\"353\">\n<p align=\"left\"><span style=\"font-family: Calibri, serif;\"><span style=\"font-size: small;\">Oui<\/span><\/span><\/p>\n<\/td>\n<\/tr>\n<tr valign=\"top\">\n<td width=\"221\">\n<p align=\"left\"><span style=\"font-family: Calibri, serif;\"><span style=\"font-size: small;\">Pilote de LED<\/span><\/span><\/p>\n<\/td>\n<td width=\"353\">\n<p align=\"left\"><span style=\"font-family: Calibri, serif;\"><span style=\"font-size: small;\">Dans les lampes<\/span><\/span><\/p>\n<\/td>\n<\/tr>\n<tr valign=\"top\">\n<td width=\"221\">\n<p align=\"left\"><span style=\"font-family: Calibri, serif;\"><span style=\"font-size: small;\">Protection de l&#8217;environnement<\/span><\/span><\/p>\n<\/td>\n<td width=\"353\">\n<p align=\"left\"><span style=\"font-family: Calibri, serif;\"><span style=\"font-size: small;\">Choc, Choc, Eau IP67, Poussi\u00e8re, Vibration<\/span><\/span><\/p>\n<\/td>\n<\/tr>\n<tr valign=\"top\">\n<td width=\"221\">\n<p align=\"left\"><span style=\"font-family: Calibri, serif;\"><span style=\"font-size: small;\">Couverture<\/span><\/span><\/p>\n<\/td>\n<td width=\"353\">\n<p align=\"left\"><span style=\"font-family: Calibri, serif;\"><span style=\"font-size: small;\">Environ 10 km dans l&#8217;obscurit\u00e9<\/span><\/span><\/p>\n<\/td>\n<\/tr>\n<tr valign=\"top\">\n<td width=\"221\">\n<p align=\"left\"><span style=\"font-family: Calibri, serif;\"><span style=\"font-size: small;\">Protection contre l&#8217;inversion de polarit\u00e9<\/span><\/span><\/p>\n<\/td>\n<td width=\"353\">\n<p align=\"left\"><span style=\"font-family: Calibri, serif;\"><span style=\"font-size: small;\">Oui<\/span><\/span><\/p>\n<\/td>\n<\/tr>\n<tr valign=\"top\">\n<td width=\"221\">\n<p align=\"left\"><span style=\"font-family: Calibri, serif;\"><span style=\"font-size: small;\">Temp\u00e9rature ambiante<\/span><\/span><\/p>\n<\/td>\n<td width=\"353\">\n<p align=\"left\"><span style=\"font-family: Calibri, serif;\"><span style=\"font-size: small;\">-55 C \/ +85 C -67F \/ +185F<\/span><\/span><\/p>\n<\/td>\n<\/tr>\n<tr valign=\"top\">\n<td width=\"221\">\n<p align=\"left\"><span style=\"font-family: Calibri, serif;\"><span style=\"font-size: small;\">Type de vis<\/span><\/span><\/p>\n<\/td>\n<td width=\"353\">\n<p align=\"left\"><span style=\"font-family: Calibri, serif;\"><span style=\"font-size: small;\">M3 Acier inoxydable<\/span><\/span><\/p>\n<\/td>\n<\/tr>\n<tr valign=\"top\">\n<td width=\"221\">\n<p align=\"left\"><span style=\"font-family: Calibri, serif;\"><span style=\"font-size: small;\">Poids<\/span><\/span><\/p>\n<\/td>\n<td width=\"353\">\n<p align=\"left\"><span style=\"font-family: Calibri, serif;\"><span style=\"font-size: small;\">70g par pi\u00e8ce \/ 0.15lb par pi\u00e8ce<\/span><\/span><\/p>\n<\/td>\n<\/tr>\n<\/tbody>\n<\/table>\n","protected":false},"excerpt":{"rendered":"<p>ORION RS-200 En termes de puissance et de qualit\u00e9, il n&#8217;existe pas de meilleure option pour l&#8217;\u00e9clairage des avions. L&#8217;Orion RS-200 a tout pour plaire ! Il couvre l&#8217;ensemble du spectre de l&#8217;\u00e9clairage a\u00e9ronautique &#8211; navigation,&#8230; <a class=\"more\" href=\"https:\/\/skyflar.com\/fr\/product\/orion-rs-200\/\"> Wi\u0119cej &rarr;<\/a><\/p>\n","protected":false},"featured_media":25074,"comment_status":"open","ping_status":"closed","template":"","meta":[],"product_cat":[64],"product_tag":[],"acf":[],"aioseo_notices":[],"_links":{"self":[{"href":"https:\/\/skyflar.com\/fr\/wp-json\/wp\/v2\/product\/24740"}],"collection":[{"href":"https:\/\/skyflar.com\/fr\/wp-json\/wp\/v2\/product"}],"about":[{"href":"https:\/\/skyflar.com\/fr\/wp-json\/wp\/v2\/types\/product"}],"replies":[{"embeddable":true,"href":"https:\/\/skyflar.com\/fr\/wp-json\/wp\/v2\/comments?post=24740"}],"version-history":[{"count":2,"href":"https:\/\/skyflar.com\/fr\/wp-json\/wp\/v2\/product\/24740\/revisions"}],"predecessor-version":[{"id":24746,"href":"https:\/\/skyflar.com\/fr\/wp-json\/wp\/v2\/product\/24740\/revisions\/24746"}],"wp:featuredmedia":[{"embeddable":true,"href":"https:\/\/skyflar.com\/fr\/wp-json\/wp\/v2\/media\/25074"}],"wp:attachment":[{"href":"https:\/\/skyflar.com\/fr\/wp-json\/wp\/v2\/media?parent=24740"}],"wp:term":[{"taxonomy":"product_cat","embeddable":true,"href":"https:\/\/skyflar.com\/fr\/wp-json\/wp\/v2\/product_cat?post=24740"},{"taxonomy":"product_tag","embeddable":true,"href":"https:\/\/skyflar.com\/fr\/wp-json\/wp\/v2\/product_tag?post=24740"}],"curies":[{"name":"wp","href":"https:\/\/api.w.org\/{rel}","templated":true}]}}