{"id":24921,"date":"2024-02-23T11:40:10","date_gmt":"2024-06-07T09:47:33","guid":{"rendered":"https:\/\/skyflar.com\/?post_type=product&#038;p=24921"},"modified":"2024-06-07T11:47:33","modified_gmt":"2024-06-07T09:47:33","slug":"lumiere-datterrissage-altair-ll-64","status":"publish","type":"product","link":"https:\/\/skyflar.com\/fr\/product\/lumiere-datterrissage-altair-ll-64\/","title":{"rendered":"FEU D&#8217;ATTERRISSAGE ALTAIR LL-64"},"content":{"rendered":"<p><strong>ALTAIR LL-64<\/strong><\/p>\n<p>Chaque vol est unique. Cependant, il arrive que le cr\u00e9puscule tombe plus t\u00f4t ou que la couverture nuageuse soit si importante que la visibilit\u00e9 est tr\u00e8s mauvaise, m\u00eame s&#8217;il fait encore jour. Dans le domaine de l&#8217;aviation, la mauvaise visibilit\u00e9 n&#8217;a pas sa place, c&#8217;est pourquoi il faut toujours \u00eatre pr\u00eat. Le phare d&#8217;atterrissage Altair LL-64 30W LED \u00e9clairera parfaitement les atterrissages dans des conditions d\u00e9favorables. Sa l\u00e9g\u00e8ret\u00e9 et sa taille lui permettent d&#8217;\u00eatre install\u00e9 presque partout dans l&#8217;avion. La poign\u00e9e pratique ou la possibilit\u00e9 de monter la lampe \u00e0 l&#8217;avant y contribuent. Cette lampe d&#8217;atterrissage compacte et efficace est indispensable \u00e0 toute personne qui prend l&#8217;avion.<\/p>\n<p>Compatible avec le module WIG-WAG\/PULSE.<\/p>\n<p><strong>DONN\u00c9ES TECHNIQUES :<\/strong><\/p>\n<table width=\"1057\" cellspacing=\"0\" cellpadding=\"13\">\n<tbody>\n<tr valign=\"top\">\n<td width=\"386\">\n<p align=\"left\">Tension d&#8217;alimentation<\/p>\n<\/td>\n<td width=\"618\">\n<p align=\"left\"><span lang=\"pl-PL\">1<\/span><span lang=\"pl-PL\">2<\/span><span lang=\"pl-PL\">V DC &#8211;<\/span><span lang=\"pl-PL\">15<\/span><span lang=\"pl-PL\">V DC<\/span><\/p>\n<\/td>\n<\/tr>\n<tr valign=\"top\">\n<td width=\"386\">\n<p align=\"left\">Puissance<\/p>\n<\/td>\n<td width=\"618\">\n<p align=\"left\"><span lang=\"pl-PL\">30 W , 4<\/span><span lang=\"pl-PL\">000 lumens<\/span><\/p>\n<\/td>\n<\/tr>\n<tr valign=\"top\">\n<td width=\"386\">\n<p align=\"left\">Consommation de courant<\/p>\n<\/td>\n<td width=\"618\">\n<p align=\"left\"><span lang=\"pl-PL\">2,4 <\/span><span lang=\"pl-PL\">A \u00e0 <\/span><span lang=\"pl-PL\">12<\/span><span lang=\"pl-PL\">V<\/span><\/p>\n<\/td>\n<\/tr>\n<tr valign=\"top\">\n<td width=\"386\" height=\"33\">\n<p align=\"left\">Temp\u00e9rature de couleur, Leds<\/p>\n<\/td>\n<td width=\"618\">\n<p align=\"left\">5500 K, Leds Cree<\/p>\n<\/td>\n<\/tr>\n<tr valign=\"top\">\n<td width=\"386\" height=\"33\">\n<p align=\"left\">Diodes<\/p>\n<\/td>\n<td width=\"618\">\n<p align=\"left\">XHP 70.2<\/p>\n<\/td>\n<\/tr>\n<tr valign=\"top\">\n<td width=\"386\" height=\"33\">\n<p align=\"left\">Angle d&#8217;incidence de la lumi\u00e8re<\/p>\n<\/td>\n<td width=\"618\">\n<p align=\"left\">8 degr\u00e9s<\/p>\n<\/td>\n<\/tr>\n<tr valign=\"top\">\n<td width=\"386\">\n<p align=\"left\">Protection thermique<\/p>\n<\/td>\n<td width=\"618\">\n<p align=\"left\">Capteur de temp\u00e9rature int\u00e9gr\u00e9<\/p>\n<\/td>\n<\/tr>\n<tr valign=\"top\">\n<td width=\"386\">\n<p align=\"left\">Protection de l&#8217;environnement<\/p>\n<\/td>\n<td width=\"618\">\n<p align=\"left\">Choc, Choc, Eau IP68, Poussi\u00e8re, Vibration<\/p>\n<\/td>\n<\/tr>\n<tr valign=\"top\">\n<td width=\"386\">\n<p align=\"left\">Protection contre l&#8217;inversion de polarit\u00e9<\/p>\n<\/td>\n<td width=\"618\">\n<p align=\"left\">OUI<\/p>\n<\/td>\n<\/tr>\n<tr valign=\"top\">\n<td width=\"386\">\n<p align=\"left\">Temp\u00e9rature ambiante<\/p>\n<\/td>\n<td width=\"618\">\n<p align=\"left\">-55 C \/ +85 C -67F \/ +185F<\/p>\n<\/td>\n<\/tr>\n<tr valign=\"top\">\n<td width=\"386\">\n<p align=\"left\">Couverture<\/p>\n<\/td>\n<td width=\"618\">\n<p align=\"left\">Environ 150 m<\/p>\n<\/td>\n<\/tr>\n<tr valign=\"top\">\n<td width=\"386\">\n<p align=\"left\">Poids<\/p>\n<\/td>\n<td width=\"618\">\n<p align=\"left\">250 g \/ 0.55 lb<\/p>\n<\/td>\n<\/tr>\n<\/tbody>\n<\/table>\n","protected":false},"excerpt":{"rendered":"<p>ALTAIR LL-64 Chaque vol est unique. Cependant, il arrive que le cr\u00e9puscule tombe plus t\u00f4t ou que la couverture nuageuse soit si importante que la visibilit\u00e9 est tr\u00e8s mauvaise, m\u00eame s&#8217;il fait encore jour. Dans le&#8230; <a class=\"more\" href=\"https:\/\/skyflar.com\/fr\/product\/lumiere-datterrissage-altair-ll-64\/\"> Wi\u0119cej &rarr;<\/a><\/p>\n","protected":false},"featured_media":24981,"comment_status":"open","ping_status":"closed","template":"","meta":[],"product_cat":[170],"product_tag":[],"acf":[],"aioseo_notices":[],"_links":{"self":[{"href":"https:\/\/skyflar.com\/fr\/wp-json\/wp\/v2\/product\/24921"}],"collection":[{"href":"https:\/\/skyflar.com\/fr\/wp-json\/wp\/v2\/product"}],"about":[{"href":"https:\/\/skyflar.com\/fr\/wp-json\/wp\/v2\/types\/product"}],"replies":[{"embeddable":true,"href":"https:\/\/skyflar.com\/fr\/wp-json\/wp\/v2\/comments?post=24921"}],"version-history":[{"count":1,"href":"https:\/\/skyflar.com\/fr\/wp-json\/wp\/v2\/product\/24921\/revisions"}],"predecessor-version":[{"id":24992,"href":"https:\/\/skyflar.com\/fr\/wp-json\/wp\/v2\/product\/24921\/revisions\/24992"}],"wp:featuredmedia":[{"embeddable":true,"href":"https:\/\/skyflar.com\/fr\/wp-json\/wp\/v2\/media\/24981"}],"wp:attachment":[{"href":"https:\/\/skyflar.com\/fr\/wp-json\/wp\/v2\/media?parent=24921"}],"wp:term":[{"taxonomy":"product_cat","embeddable":true,"href":"https:\/\/skyflar.com\/fr\/wp-json\/wp\/v2\/product_cat?post=24921"},{"taxonomy":"product_tag","embeddable":true,"href":"https:\/\/skyflar.com\/fr\/wp-json\/wp\/v2\/product_tag?post=24921"}],"curies":[{"name":"wp","href":"https:\/\/api.w.org\/{rel}","templated":true}]}}