{"id":24961,"date":"2024-03-01T19:36:57","date_gmt":"2024-03-01T18:54:24","guid":{"rendered":"https:\/\/skyflar.com\/?post_type=product&#038;p=24961"},"modified":"2024-03-01T19:54:24","modified_gmt":"2024-03-01T18:54:24","slug":"module-wig-wag-pulse","status":"publish","type":"product","link":"https:\/\/skyflar.com\/fr\/product\/module-wig-wag-pulse\/","title":{"rendered":"Module WIG-WAG \/ PULSE"},"content":{"rendered":"<p>Si votre avion est \u00e9quip\u00e9 de feux ou de balises d&#8217;atterrissage, vous pouvez les \u00e9quiper de notre syst\u00e8me d&#8217;\u00e9clairage.<br \/>\nqui vous apportera encore plus de s\u00e9curit\u00e9 dans le trafic a\u00e9rien.<br \/>\npeuvent clignoter alternativement ou fonctionner en mode impulsionnel. Gr\u00e2ce \u00e0 ses dimensions r\u00e9duites,<\/p>\n<p>le module s&#8217;adapte \u00e0 n&#8217;importe quel panneau de contr\u00f4le.<\/p>\n<p><strong>DONN\u00c9ES TECHNIQUES :<\/strong><\/p>\n<table>\n<tbody>\n<tr>\n<td width=\"302\">Tension d&#8217;alimentation<\/td>\n<td width=\"302\">10V DC -30V DC<\/td>\n<\/tr>\n<tr>\n<td width=\"302\">Puissance maximale par c\u00f4t\u00e9<\/td>\n<td width=\"302\">2 x 10A<\/td>\n<\/tr>\n<tr>\n<td width=\"302\">Protection contre les surintensit\u00e9s<\/td>\n<td width=\"302\">Oui<\/td>\n<\/tr>\n<tr>\n<td width=\"302\">Protection contre l&#8217;inversion de polarit\u00e9<\/td>\n<td width=\"302\">Oui<\/td>\n<\/tr>\n<tr>\n<td width=\"302\">Poids<\/td>\n<td width=\"302\">20g \/ 0.04lb<\/td>\n<\/tr>\n<tr>\n<td width=\"302\">Temp\u00e9rature ambiante<\/td>\n<td width=\"302\">-30 C \/ +85 C -22F \/ +185F<\/td>\n<\/tr>\n<\/tbody>\n<\/table>\n","protected":false},"excerpt":{"rendered":"<p>Si votre avion est \u00e9quip\u00e9 de feux ou de balises d&#8217;atterrissage, vous pouvez les \u00e9quiper de notre syst\u00e8me d&#8217;\u00e9clairage. qui vous apportera encore plus de s\u00e9curit\u00e9 dans le trafic a\u00e9rien. peuvent clignoter alternativement ou fonctionner en&#8230; <a class=\"more\" href=\"https:\/\/skyflar.com\/fr\/product\/module-wig-wag-pulse\/\"> Wi\u0119cej &rarr;<\/a><\/p>\n","protected":false},"featured_media":25059,"comment_status":"open","ping_status":"closed","template":"","meta":[],"product_cat":[170],"product_tag":[],"acf":[],"aioseo_notices":[],"_links":{"self":[{"href":"https:\/\/skyflar.com\/fr\/wp-json\/wp\/v2\/product\/24961"}],"collection":[{"href":"https:\/\/skyflar.com\/fr\/wp-json\/wp\/v2\/product"}],"about":[{"href":"https:\/\/skyflar.com\/fr\/wp-json\/wp\/v2\/types\/product"}],"replies":[{"embeddable":true,"href":"https:\/\/skyflar.com\/fr\/wp-json\/wp\/v2\/comments?post=24961"}],"version-history":[{"count":1,"href":"https:\/\/skyflar.com\/fr\/wp-json\/wp\/v2\/product\/24961\/revisions"}],"predecessor-version":[{"id":24970,"href":"https:\/\/skyflar.com\/fr\/wp-json\/wp\/v2\/product\/24961\/revisions\/24970"}],"wp:featuredmedia":[{"embeddable":true,"href":"https:\/\/skyflar.com\/fr\/wp-json\/wp\/v2\/media\/25059"}],"wp:attachment":[{"href":"https:\/\/skyflar.com\/fr\/wp-json\/wp\/v2\/media?parent=24961"}],"wp:term":[{"taxonomy":"product_cat","embeddable":true,"href":"https:\/\/skyflar.com\/fr\/wp-json\/wp\/v2\/product_cat?post=24961"},{"taxonomy":"product_tag","embeddable":true,"href":"https:\/\/skyflar.com\/fr\/wp-json\/wp\/v2\/product_tag?post=24961"}],"curies":[{"name":"wp","href":"https:\/\/api.w.org\/{rel}","templated":true}]}}