{"id":25249,"date":"2024-07-19T15:11:57","date_gmt":"2024-07-19T13:14:13","guid":{"rendered":"https:\/\/skyflar.com\/?post_type=product&#038;p=25249"},"modified":"2024-11-15T15:29:27","modified_gmt":"2024-11-15T14:29:27","slug":"safestrobes-sf-nouveau","status":"publish","type":"product","link":"https:\/\/skyflar.com\/fr\/product\/safestrobes-sf-nouveau\/","title":{"rendered":"SAFESTROBES SF NOUVEAU"},"content":{"rendered":"<p><strong>SAFESTROBES SF NOUVEAU<\/strong><\/p>\n<p>Que pilotez-vous maintenant ? Que ferez-vous voler \u00e0 l&#8217;avenir ? On ne sait jamais, mais vous devez absolument \u00eatre visible et donc en s\u00e9curit\u00e9. C&#8217;est pourquoi nous avons cr\u00e9\u00e9 une nouvelle version du produit embl\u00e9matique Skyflar &#8211; SAFESTROBES SF NEW. C&#8217;est un kit qui grandit avec votre passion pour le vol. Au c\u0153ur de SAFESTROBES SF NEW se trouve un contr\u00f4leur s\u00e9par\u00e9 (splitter box), qui peut \u00eatre compl\u00e9t\u00e9 par des lampes suppl\u00e9mentaires et qui est multifonctionnel. Commen\u00e7ant par une lumi\u00e8re stroboscopique, il peut accueillir jusqu&#8217;\u00e0 4 lumi\u00e8res LED simultan\u00e9ment. Vous pouvez choisir entre un feu de navigation blanc, un feu de navigation rouge et des feux lat\u00e9raux verts\/rouges (feux de navigation\/stroboscopiques\/de position). Ainsi, si vous disposez d&#8217;une version avec des lumi\u00e8res simples ou doubles, vous pouvez ajouter des wingips \u00e0 l&#8217;avenir sans avoir \u00e0 acheter un nouveau jeu. Les trois emplacements sont synchronis\u00e9s, le quatri\u00e8me fonctionne en alternance. Vous pouvez modifier la s\u00e9quence de clignotement en fonction de vos besoins ou m\u00eame laisser la lumi\u00e8re constante pour une meilleure visibilit\u00e9 au sol.<br \/>\nSAFESTROBES SF NEW Il est deux fois plus r\u00e9sistant et encore plus facile \u00e0 installer. Le moulage en polyur\u00e9thane assure la robustesse des lampes. Elle est r\u00e9sistante aux chocs, \u00e0 la poussi\u00e8re et \u00e0 l&#8217;eau, ce qui rend les lampes &#8220;indestructibles&#8221;. Cette r\u00e9sine unique est non seulement extr\u00eamement dure, mais elle pr\u00e9sente \u00e9galement une excellente conductivit\u00e9 thermique, ce qui permet aux lampes d&#8217;utiliser les performances des derni\u00e8res LED CREE, extr\u00eamement puissantes. Les performances \u00e9lev\u00e9es et la faible consommation d&#8217;\u00e9nergie du produit garantissent une longue dur\u00e9e de vie. SAFESTROBES SF NEW est donc un produit pour l&#8217;\u00e9ternit\u00e9 !<\/p>\n<p>&nbsp;<\/p>\n<p class=\"western\"><strong>DONN\u00c9ES TECHNIQUES :<\/strong><\/p>\n<table width=\"906\" cellspacing=\"0\" cellpadding=\"11\">\n<tbody>\n<tr valign=\"top\">\n<td width=\"331\">\n<p class=\"western\" align=\"left\"><span style=\"font-size: small;\"><span lang=\"pl-PL\">Tension d&#8217;alimentation<\/span><\/span><\/p>\n<\/td>\n<td width=\"529\">\n<p class=\"western\" align=\"left\"><span style=\"color: #000000;\"><span style=\"font-size: small;\"><span lang=\"pl-PL\">9 -30 <\/span><\/span><\/span><span style=\"font-size: small;\"><span lang=\"pl-PL\">V DC<\/span><\/span><\/p>\n<\/td>\n<\/tr>\n<tr valign=\"top\">\n<td width=\"331\">\n<p class=\"western\" align=\"left\"><span style=\"font-size: small;\"><span lang=\"pl-PL\"> Feux stroboscopiques clignotants (2 feux)<\/span><\/span><\/p>\n<\/td>\n<td width=\"529\">\n<p class=\"western\" align=\"left\"><span style=\"font-size: small;\"><span lang=\"pl-PL\">6W \/ 0,45A \u00e0 14V DC<\/span><\/span><\/p>\n<\/td>\n<\/tr>\n<tr valign=\"top\">\n<td width=\"331\">\n<p class=\"western\" align=\"left\">Feux stroboscopiques clignotants (2 feux)<\/p>\n<\/td>\n<td width=\"529\">\n<p class=\"western\" align=\"left\"><span style=\"font-size: small;\"><span lang=\"pl-PL\">Flash 120 W, 15000 lumens \/ 8 A \u00e0 14V DC<\/span><\/span><\/p>\n<\/td>\n<\/tr>\n<tr valign=\"top\">\n<td width=\"331\" height=\"28\">\n<p class=\"western\" align=\"left\">Taux d&#8217;\u00e9clair<\/p>\n<\/td>\n<td width=\"529\">\n<p class=\"western\" align=\"left\"><span style=\"color: #000000; font-size: small;\">45 cycles par minute<\/span><\/p>\n<\/td>\n<\/tr>\n<tr valign=\"top\">\n<td width=\"331\">\n<p class=\"western\" align=\"left\">Synchronisation<\/p>\n<\/td>\n<td width=\"529\">\n<p class=\"western\" align=\"left\"><span style=\"font-size: small;\"><span lang=\"pl-PL\">Oui<\/span><\/span><\/p>\n<\/td>\n<\/tr>\n<tr valign=\"top\">\n<td width=\"331\">\n<p class=\"western\" align=\"left\">Pilote de LED<\/p>\n<\/td>\n<td width=\"529\">\n<p class=\"western\" align=\"left\"><span style=\"color: #000000; font-size: small;\">S\u00e9parer <\/span><\/p>\n<\/td>\n<\/tr>\n<tr valign=\"top\">\n<td width=\"331\">\n<p class=\"western\" align=\"left\">Protection de l&#8217;environnement<\/p>\n<\/td>\n<td width=\"529\">\n<p class=\"western\" align=\"left\">Chocs, impacts, eau IP68, poussi\u00e8re, vibrations<\/p>\n<\/td>\n<\/tr>\n<tr valign=\"top\">\n<td width=\"331\">\n<p class=\"western\" align=\"left\">Couverture<\/p>\n<\/td>\n<td width=\"529\">\n<p class=\"western\" align=\"left\"><span style=\"font-size: small;\"><span lang=\"pl-PL\">environ 15 km dans l&#8217;obscurit\u00e9<\/span><\/span><\/p>\n<\/td>\n<\/tr>\n<tr valign=\"top\">\n<td width=\"331\">\n<p class=\"western\" align=\"left\">Protection contre l&#8217;inversion de polarit\u00e9<\/p>\n<\/td>\n<td width=\"529\">\n<p class=\"western\" align=\"left\"><span style=\"font-size: small;\"><span lang=\"pl-PL\">Oui<\/span><\/span><\/p>\n<\/td>\n<\/tr>\n<tr valign=\"top\">\n<td width=\"331\">\n<p class=\"western\" align=\"left\"><span style=\"font-size: small;\"><span lang=\"pl-PL\">Temp\u00e9rature ambiante<\/span><\/span><\/p>\n<\/td>\n<td width=\"529\">\n<p class=\"western\" align=\"left\"><span style=\"font-size: small;\"><span lang=\"pl-PL\">-55 C \/ +85 C -67F \/ +185F<\/span><\/span><\/p>\n<\/td>\n<\/tr>\n<tr valign=\"top\">\n<td width=\"331\">\n<p class=\"western\" align=\"left\"><span style=\"font-size: small;\"><span lang=\"pl-PL\">Poids :<\/span><\/span><\/p>\n<\/td>\n<td width=\"529\">\n<p class=\"western\" align=\"left\"><span style=\"font-size: small;\"><span lang=\"pl-PL\">Contr\u00f4leur : 230 g<\/span><\/span><\/p>\n<p class=\"western\" align=\"left\"><span style=\"font-size: small;\"><span lang=\"pl-PL\">Navigation et stroboscopie : 80 g chacun<\/span><\/span><\/p>\n<p class=\"western\" align=\"left\"><span style=\"font-size: small;\"><span lang=\"pl-PL\">Strobe 60 g chacun<\/span><\/span><\/p>\n<\/td>\n<\/tr>\n<tr valign=\"top\">\n<td width=\"331\"><\/td>\n<td width=\"529\"><\/td>\n<\/tr>\n<\/tbody>\n<\/table>\n<p class=\"western\" align=\"center\">\n","protected":false},"excerpt":{"rendered":"<p>SAFESTROBES SF NOUVEAU Que pilotez-vous maintenant ? Que ferez-vous voler \u00e0 l&#8217;avenir ? On ne sait jamais, mais vous devez absolument \u00eatre visible et donc en s\u00e9curit\u00e9. C&#8217;est pourquoi nous avons cr\u00e9\u00e9 une nouvelle version du&#8230; <a class=\"more\" href=\"https:\/\/skyflar.com\/fr\/product\/safestrobes-sf-nouveau\/\"> Wi\u0119cej &rarr;<\/a><\/p>\n","protected":false},"featured_media":25150,"comment_status":"open","ping_status":"closed","template":"","meta":[],"product_cat":[64],"product_tag":[],"acf":[],"aioseo_notices":[],"_links":{"self":[{"href":"https:\/\/skyflar.com\/fr\/wp-json\/wp\/v2\/product\/25249"}],"collection":[{"href":"https:\/\/skyflar.com\/fr\/wp-json\/wp\/v2\/product"}],"about":[{"href":"https:\/\/skyflar.com\/fr\/wp-json\/wp\/v2\/types\/product"}],"replies":[{"embeddable":true,"href":"https:\/\/skyflar.com\/fr\/wp-json\/wp\/v2\/comments?post=25249"}],"version-history":[{"count":3,"href":"https:\/\/skyflar.com\/fr\/wp-json\/wp\/v2\/product\/25249\/revisions"}],"predecessor-version":[{"id":25390,"href":"https:\/\/skyflar.com\/fr\/wp-json\/wp\/v2\/product\/25249\/revisions\/25390"}],"wp:featuredmedia":[{"embeddable":true,"href":"https:\/\/skyflar.com\/fr\/wp-json\/wp\/v2\/media\/25150"}],"wp:attachment":[{"href":"https:\/\/skyflar.com\/fr\/wp-json\/wp\/v2\/media?parent=25249"}],"wp:term":[{"taxonomy":"product_cat","embeddable":true,"href":"https:\/\/skyflar.com\/fr\/wp-json\/wp\/v2\/product_cat?post=25249"},{"taxonomy":"product_tag","embeddable":true,"href":"https:\/\/skyflar.com\/fr\/wp-json\/wp\/v2\/product_tag?post=25249"}],"curies":[{"name":"wp","href":"https:\/\/api.w.org\/{rel}","templated":true}]}}