{"id":25527,"date":"2025-04-10T17:50:25","date_gmt":"2025-04-10T16:00:14","guid":{"rendered":"https:\/\/skyflar.com\/?post_type=product&#038;p=25527"},"modified":"2025-04-15T14:44:34","modified_gmt":"2025-04-15T12:44:34","slug":"orion-rs-100-tail-strobe-light","status":"publish","type":"product","link":"https:\/\/skyflar.com\/fr\/product\/orion-rs-100-tail-strobe-light\/","title":{"rendered":"ORION RS-100 Feu stroboscopique arri\u00e8re"},"content":{"rendered":"<p><strong>ORION RS-100 Feu stroboscopique arri\u00e8re<\/strong><\/p>\n<p>Faites l&#8217;exp\u00e9rience d&#8217;une nouvelle qualit\u00e9 de s\u00e9curit\u00e9 dans l&#8217;aviation ultral\u00e9g\u00e8re ! Le feu stroboscopique moderne Orion RS-100 est la combinaison d&#8217;une technologie de pointe et d&#8217;un design compact. Avec une puissance lumineuse \u00e9lev\u00e9e, dans une forme compacte, il offre une excellente visibilit\u00e9 et une grande s\u00e9curit\u00e9 dans toutes les conditions. Con\u00e7u avec une extr\u00eame pr\u00e9cision, il utilise les technologies et les composants \u00e9lectroniques les plus r\u00e9cents, ce qui garantit sa fiabilit\u00e9 dans toutes les situations. Sa durabilit\u00e9 est impressionnante : sa r\u00e9sistance \u00e0 l&#8217;eau (IP68), \u00e0 la poussi\u00e8re, aux vibrations et aux rayons UV lui permet de conserver sa clart\u00e9 cristalline et sa pleine fonctionnalit\u00e9 pendant des ann\u00e9es. Le bo\u00eetier en polyur\u00e9thane est une garantie d&#8217;endurance, m\u00eame dans des conditions extr\u00eames. Fabriqu\u00e9 en Pologne par la soci\u00e9t\u00e9 SKYFLAR, qui conna\u00eet une croissance dynamique, avec passion, fiert\u00e9 et soin, selon les normes les plus strictes.      <\/p>\n<p><strong>Sp\u00e9cifications<\/strong><\/p>\n<table width=\"923\" cellspacing=\"0\" cellpadding=\"11\">\n<tbody>\n<tr valign=\"top\">\n<td width=\"338\">\n<p align=\"left\"><span style=\"font-family: Calibri, sans-serif;\"><span style=\"font-size: medium;\">Versions de tension d&#8217;alimentation<\/span><\/span><\/p>\n<\/td>\n<td width=\"540\">\n<p align=\"left\"><span style=\"font-family: Calibri, sans-serif;\"><span style=\"font-size: medium;\">12 VDC seulement<\/span><\/span><\/p>\n<\/td>\n<\/tr>\n<tr valign=\"top\">\n<td width=\"338\">\n<p align=\"left\"><span style=\"font-family: Calibri, sans-serif;\"><span style=\"font-size: medium;\"><span lang=\"pl-PL\">Puissance <\/span><span lang=\"pl-PL\">Strobe<\/span><\/span><\/span><\/p>\n<p align=\"left\"><span style=\"font-family: Calibri, sans-serif;\"><span style=\"font-size: medium;\"><span lang=\"pl-PL\">Feu arri\u00e8re \u00e9lectrique<\/span><\/span><\/span><\/p>\n<\/td>\n<td width=\"540\">\n<p align=\"left\"><span style=\"font-family: Calibri, sans-serif;\"><span style=\"font-size: medium;\"><span lang=\"pl-PL\">3,<\/span><span lang=\"pl-PL\">5<\/span><span lang=\"pl-PL\">A<\/span><span lang=\"pl-PL\">(max.) <\/span><span lang=\"pl-PL\"> \u00e0 14VDC <\/span> <\/span><\/span><\/p>\n<p align=\"left\"><span style=\"font-family: Calibri, sans-serif;\"><span style=\"font-size: medium;\"><span lang=\"pl-PL\">0,2<\/span><span lang=\"pl-PL\">A<\/span> <span lang=\"pl-PL\"> \u00e0 14VDC <\/span> <\/span><\/span><\/p>\n<\/td>\n<\/tr>\n<tr valign=\"top\">\n<td width=\"338\">\n<p align=\"left\"><span style=\"font-family: Calibri, sans-serif;\"><span style=\"font-size: medium;\">Lumi\u00e8res stroboscopiques en pointe  <\/span><\/span><\/p>\n<p align=\"left\"><span style=\"font-family: Calibri, sans-serif;\"><span style=\"font-size: medium;\">Feu arri\u00e8re<\/span><\/span><\/p>\n<\/td>\n<td width=\"540\">\n<p align=\"left\"><span style=\"font-family: Calibri, sans-serif;\"><span style=\"font-size: medium;\"><span lang=\"pl-PL\">49 <\/span><span lang=\"pl-PL\">W peak ,<\/span><span lang=\"pl-PL\">60<\/span><span lang=\"pl-PL\">00<\/span><span lang=\"pl-PL\"> lumens <\/span> <\/span><\/span><\/p>\n<p align=\"left\"><span style=\"font-family: Calibri, sans-serif;\"><span style=\"font-size: medium;\">3W, 400 lumens<\/span><\/span><\/p>\n<\/td>\n<\/tr>\n<tr valign=\"top\">\n<td width=\"338\">\n<p align=\"left\"><span style=\"font-family: Calibri, sans-serif;\"><span style=\"font-size: medium;\">Heure de pointe de l&#8217;\u00e9clair<\/span><\/span><\/p>\n<\/td>\n<td width=\"540\">\n<p align=\"left\"><span style=\"font-family: Calibri, sans-serif;\"><span style=\"font-size: medium;\">75 ms<\/span><\/span><\/p>\n<\/td>\n<\/tr>\n<tr valign=\"top\">\n<td width=\"338\">\n<p align=\"left\"><span style=\"font-family: Calibri, sans-serif;\"><span style=\"font-size: medium;\">Vitesse du stroboscope<\/span><\/span><\/p>\n<\/td>\n<td width=\"540\">\n<p align=\"left\"><span style=\"font-family: Calibri, sans-serif;\"><span style=\"font-size: medium;\"><span lang=\"pl-PL\">\u00c9clairs simples , <\/span><span lang=\"pl-PL\">48<\/span><span lang=\"pl-PL\"> par minute<\/span><\/span><\/span><\/p>\n<\/td>\n<\/tr>\n<tr valign=\"top\">\n<td width=\"338\">\n<p align=\"left\"><span style=\"font-family: Calibri, sans-serif;\"><span style=\"font-size: medium;\">Synchronisation<\/span><\/span><\/p>\n<\/td>\n<td width=\"540\">\n<p align=\"left\"><span style=\"font-family: Calibri, sans-serif;\"><span style=\"font-size: medium;\"><span lang=\"pl-PL\">OUI <\/span><span lang=\"pl-PL\">avec<\/span><span lang=\"pl-PL\"> Orion RS-200 et RS-100 stroboscope blanc<\/span><\/span><\/span><\/p>\n<p align=\"left\"><span style=\"font-family: Calibri, sans-serif;\"><span style=\"font-size: medium;\"><span lang=\"pl-PL\">(<\/span><span lang=\"pl-PL\">A<\/span><span lang=\"pl-PL\">lternative de synchronisation avec le stroboscope rouge Orion RS-100)<\/span><\/span><\/span><\/p>\n<\/td>\n<\/tr>\n<tr valign=\"top\">\n<td width=\"338\">\n<p align=\"left\"><span style=\"font-family: Calibri, sans-serif;\"><span style=\"font-size: medium;\">Contr\u00f4leur de LED<\/span><\/span><\/p>\n<\/td>\n<td width=\"540\">\n<p align=\"left\"><span style=\"font-family: Calibri, sans-serif;\"><span style=\"font-size: medium;\">L&#8217;int\u00e9rieur des lampes<\/span><\/span><\/p>\n<\/td>\n<\/tr>\n<tr valign=\"top\">\n<td width=\"338\">\n<p align=\"left\"><span style=\"font-family: Calibri, sans-serif;\"><span style=\"font-size: medium;\">Protection de l&#8217;environnement<\/span><\/span><\/p>\n<\/td>\n<td width=\"540\">\n<p align=\"left\"><span style=\"font-family: Calibri, sans-serif;\"><span style=\"font-size: medium;\">Chocs , Impacts , Eau IP68 , Poussi\u00e8re , Vibrations<\/span><\/span><\/p>\n<\/td>\n<\/tr>\n<tr valign=\"top\">\n<td width=\"338\">\n<p align=\"left\"><span style=\"font-family: Calibri, sans-serif;\"><span style=\"font-size: medium;\">Gamme<\/span><\/span><\/p>\n<\/td>\n<td width=\"540\">\n<p align=\"left\"><span style=\"font-family: Calibri, sans-serif;\"><span style=\"font-size: medium;\"><span lang=\"pl-PL\">environ <\/span><span lang=\"pl-PL\">7<\/span><span lang=\"pl-PL\"> km dans l&#8217;obscurit\u00e9<\/span><\/span><\/span><\/p>\n<\/td>\n<\/tr>\n<tr valign=\"top\">\n<td width=\"338\">\n<p align=\"left\"><span style=\"font-family: Calibri, sans-serif;\"><span style=\"font-size: medium;\">Protection contre l&#8217;inversion de polarit\u00e9<\/span><\/span><\/p>\n<\/td>\n<td width=\"540\">\n<p align=\"left\"><span style=\"font-family: Calibri, sans-serif;\"><span style=\"font-size: medium;\">OUI<\/span><\/span><\/p>\n<\/td>\n<\/tr>\n<tr valign=\"top\">\n<td width=\"338\">\n<p align=\"left\"><span style=\"font-family: Calibri, sans-serif;\"><span style=\"font-size: medium;\">Capteur thermique<\/span><\/span><\/p>\n<\/td>\n<td width=\"540\">\n<p align=\"left\"><span style=\"font-family: Calibri, sans-serif;\"><span style=\"font-size: medium;\">OUI<\/span><\/span><\/p>\n<\/td>\n<\/tr>\n<tr valign=\"top\">\n<td width=\"338\">\n<p align=\"left\"><span style=\"font-family: Calibri, sans-serif;\"><span style=\"font-size: medium;\">Protection contre les sous-tensions<\/span><\/span><\/p>\n<\/td>\n<td width=\"540\">\n<p align=\"left\"><span style=\"font-family: Calibri, sans-serif;\"><span style=\"font-size: medium;\">OUI<\/span><\/span><\/p>\n<\/td>\n<\/tr>\n<tr valign=\"top\">\n<td width=\"338\">\n<p align=\"left\"><span style=\"font-family: Calibri, sans-serif;\"><span style=\"font-size: medium;\">Protection contre les surtensions<\/span><\/span><\/p>\n<\/td>\n<td width=\"540\">\n<p align=\"left\"><span style=\"font-family: Calibri, sans-serif;\"><span style=\"font-size: medium;\">NON<\/span><\/span><\/p>\n<\/td>\n<\/tr>\n<tr valign=\"top\">\n<td width=\"338\">\n<p align=\"left\"><span style=\"font-family: Calibri, sans-serif;\"><span style=\"font-size: medium;\"><span lang=\"pl-PL\">W<\/span><span lang=\"pl-PL\">i<\/span><span lang=\"pl-PL\">res Type \/ <\/span><span lang=\"pl-PL\">longueur<\/span><\/span><\/span><\/p>\n<\/td>\n<td width=\"540\">\n<p align=\"left\"><span style=\"font-family: Calibri, sans-serif;\"><span style=\"font-size: medium;\"><span lang=\"pl-PL\">20AWG \/ 0,5mm2 \/ <\/span><span lang=\"pl-PL\">22 cm<\/span><\/span><\/span><\/p>\n<\/td>\n<\/tr>\n<tr valign=\"top\">\n<td width=\"338\">\n<p align=\"left\"><span style=\"font-family: Calibri, sans-serif;\"><span style=\"font-size: medium;\">Recommandation de fusible<\/span><\/span><\/p>\n<\/td>\n<td width=\"540\">\n<p align=\"left\"><span style=\"font-family: Calibri, sans-serif;\"><span style=\"font-size: medium;\">Feu arri\u00e8re 3A, stroboscope 5A<\/span><\/span><\/p>\n<\/td>\n<\/tr>\n<tr valign=\"top\">\n<td width=\"338\">\n<p align=\"left\"><span style=\"font-family: Calibri, sans-serif;\"><span style=\"font-size: medium;\">Temp\u00e9rature ambiante<\/span><\/span><\/p>\n<\/td>\n<td width=\"540\">\n<p align=\"left\"><span style=\"font-family: Calibri, sans-serif;\"><span style=\"font-size: medium;\">-55 C \/ +85 C -67F \/ +185F<\/span><\/span><\/p>\n<\/td>\n<\/tr>\n<tr valign=\"top\">\n<td width=\"338\">\n<p align=\"left\"><span style=\"font-family: Calibri, sans-serif;\"><span style=\"font-size: medium;\">Taille de la vis de montage<\/span><\/span><\/p>\n<\/td>\n<td width=\"540\">\n<p align=\"left\"><span style=\"font-family: Calibri, sans-serif;\"><span style=\"font-size: medium;\"><span lang=\"pl-PL\">M3 Acier inoxydable \/ <\/span><span lang=\"pl-PL\">Central M<\/span><span lang=\"pl-PL\">8<\/span><span lang=\"pl-PL\">\/1<\/span><\/span><\/span><\/p>\n<\/td>\n<\/tr>\n<tr valign=\"top\">\n<td width=\"338\">\n<p align=\"left\"><span style=\"font-family: Calibri, sans-serif;\"><span style=\"font-size: medium;\">Couple requis pour la vis<\/span><\/span><\/p>\n<\/td>\n<td width=\"540\">\n<p align=\"left\"><span style=\"font-family: Calibri, sans-serif;\"><span style=\"font-size: medium;\">M3-1,2Nm , M8-2Nm<\/span><\/span><\/p>\n<\/td>\n<\/tr>\n<tr valign=\"top\">\n<td width=\"338\">\n<p align=\"left\"><span style=\"font-family: Calibri, sans-serif;\"><span style=\"font-size: medium;\">Poids<\/span><\/span><\/p>\n<\/td>\n<td width=\"540\">\n<p align=\"left\"><span style=\"font-family: Calibri, sans-serif;\"><span style=\"font-size: medium;\"><span lang=\"pl-PL\">60<\/span><span lang=\"pl-PL\">g \/ <\/span><span lang=\"pl-PL\">0,13<\/span><span lang=\"pl-PL\">l<\/span><span lang=\"pl-PL\">b <\/span> <\/span><\/span><\/p>\n<\/td>\n<\/tr>\n<\/tbody>\n<\/table>\n","protected":false},"excerpt":{"rendered":"<p>ORION RS-100 Feu stroboscopique arri\u00e8re Faites l&#8217;exp\u00e9rience d&#8217;une nouvelle qualit\u00e9 de s\u00e9curit\u00e9 dans l&#8217;aviation ultral\u00e9g\u00e8re ! Le feu stroboscopique moderne Orion RS-100 est la combinaison d&#8217;une technologie de pointe et d&#8217;un design compact. Avec une puissance&#8230; <a class=\"more\" href=\"https:\/\/skyflar.com\/fr\/product\/orion-rs-100-tail-strobe-light\/\"> Wi\u0119cej &rarr;<\/a><\/p>\n","protected":false},"featured_media":25512,"comment_status":"closed","ping_status":"closed","template":"","meta":[],"product_cat":[58],"product_tag":[],"acf":[],"aioseo_notices":[],"_links":{"self":[{"href":"https:\/\/skyflar.com\/fr\/wp-json\/wp\/v2\/product\/25527"}],"collection":[{"href":"https:\/\/skyflar.com\/fr\/wp-json\/wp\/v2\/product"}],"about":[{"href":"https:\/\/skyflar.com\/fr\/wp-json\/wp\/v2\/types\/product"}],"replies":[{"embeddable":true,"href":"https:\/\/skyflar.com\/fr\/wp-json\/wp\/v2\/comments?post=25527"}],"version-history":[{"count":2,"href":"https:\/\/skyflar.com\/fr\/wp-json\/wp\/v2\/product\/25527\/revisions"}],"predecessor-version":[{"id":25643,"href":"https:\/\/skyflar.com\/fr\/wp-json\/wp\/v2\/product\/25527\/revisions\/25643"}],"wp:featuredmedia":[{"embeddable":true,"href":"https:\/\/skyflar.com\/fr\/wp-json\/wp\/v2\/media\/25512"}],"wp:attachment":[{"href":"https:\/\/skyflar.com\/fr\/wp-json\/wp\/v2\/media?parent=25527"}],"wp:term":[{"taxonomy":"product_cat","embeddable":true,"href":"https:\/\/skyflar.com\/fr\/wp-json\/wp\/v2\/product_cat?post=25527"},{"taxonomy":"product_tag","embeddable":true,"href":"https:\/\/skyflar.com\/fr\/wp-json\/wp\/v2\/product_tag?post=25527"}],"curies":[{"name":"wp","href":"https:\/\/api.w.org\/{rel}","templated":true}]}}