{"id":674,"date":"2019-01-09T12:10:58","date_gmt":"2019-01-08T17:09:29","guid":{"rendered":"http:\/\/skyflar.clivio.pl\/produkt\/skyflar-led-strobe-light-st-101-12v\/"},"modified":"2025-01-03T21:21:18","modified_gmt":"2025-01-03T20:21:18","slug":"skyflar-led-strobe-light-st-101-12v","status":"publish","type":"product","link":"https:\/\/skyflar.com\/fr\/product\/skyflar-led-strobe-light-st-101-12v\/","title":{"rendered":"SKYFLAR LED STROBE LIGHT ST-101 12V"},"content":{"rendered":"<p><strong>DONNEES DE BASE:<\/strong><\/p>\n<ul>\n<li>Tension d\u2019alimentation 10,5V \u2013 14,5V DC<\/li>\n<li>Puissance : 50 W flash.<\/li>\n<li>Flux lumineux 5000 lumens.<\/li>\n<li>Temp\u00e9rature du couleur 5500-6000 K.<\/li>\n<li>Elle n\u2019interf\u00e8re pas avec les ondes radiophoniques.<\/li>\n<li>R\u00e9sistance a l\u2019eau, vibrations et chocs.<\/li>\n<li>LED Lampe: diam\u00e8tre 40 mm, poids 100g.<\/li>\n<li>LED Contr\u00f4leur: dimensions 20 mm x 20 mm x 115 mm ( 0,8 x 0,8 x 2 inch. ), poids 100g.<\/li>\n<li><strong>Port\u00e9e pendant le cr\u00e9puscule environ 8km !!!<\/strong><\/li>\n<\/ul>\n<p><strong>Une mode de fonctionnement:<\/strong> Clignotants singuliers avec une fr\u00e9quence de 43 clignotants par minute.<\/p>\n<p><strong>EN OUTRE<\/strong><\/p>\n<ul>\n<li>Bouton LED \u00e9clair\u00e9 sur l&#8217;interrupteur qui signale que l&#8217;appareil est allum\u00e9.<\/li>\n<\/ul>\n<p><strong>Nos lampes sont inond\u00e9es de r\u00e9sine de polyur\u00e9thane sp\u00e9ciale r\u00e9sistante aux temp\u00e9ratures extr\u00eames (-40\u00b0C\u00a0 <\/strong><strong>\u00e0 <\/strong><strong>140\u00b0C), ont une excellente r\u00e9sistance m\u00e9canique et sont r\u00e9sistantes aux UV!<\/strong><\/p>\n<p><strong>LE PRODUIT PROT\u00c9G\u00c9 PAR UN BREVET.<\/strong><\/p>\n","protected":false},"excerpt":{"rendered":"<p>DONNEES DE BASE: Tension d\u2019alimentation 10,5V \u2013 14,5V DC Puissance : 50 W flash. Flux lumineux 5000 lumens. Temp\u00e9rature du couleur 5500-6000 K. Elle n\u2019interf\u00e8re pas avec les ondes radiophoniques. R\u00e9sistance a l\u2019eau, vibrations et chocs&#8230;. <a class=\"more\" href=\"https:\/\/skyflar.com\/fr\/product\/skyflar-led-strobe-light-st-101-12v\/\"> Wi\u0119cej &rarr;<\/a><\/p>\n","protected":false},"featured_media":23987,"comment_status":"open","ping_status":"closed","template":"","meta":[],"product_cat":[58],"product_tag":[],"acf":[],"aioseo_notices":[],"_links":{"self":[{"href":"https:\/\/skyflar.com\/fr\/wp-json\/wp\/v2\/product\/674"}],"collection":[{"href":"https:\/\/skyflar.com\/fr\/wp-json\/wp\/v2\/product"}],"about":[{"href":"https:\/\/skyflar.com\/fr\/wp-json\/wp\/v2\/types\/product"}],"replies":[{"embeddable":true,"href":"https:\/\/skyflar.com\/fr\/wp-json\/wp\/v2\/comments?post=674"}],"version-history":[{"count":4,"href":"https:\/\/skyflar.com\/fr\/wp-json\/wp\/v2\/product\/674\/revisions"}],"predecessor-version":[{"id":17180,"href":"https:\/\/skyflar.com\/fr\/wp-json\/wp\/v2\/product\/674\/revisions\/17180"}],"wp:featuredmedia":[{"embeddable":true,"href":"https:\/\/skyflar.com\/fr\/wp-json\/wp\/v2\/media\/23987"}],"wp:attachment":[{"href":"https:\/\/skyflar.com\/fr\/wp-json\/wp\/v2\/media?parent=674"}],"wp:term":[{"taxonomy":"product_cat","embeddable":true,"href":"https:\/\/skyflar.com\/fr\/wp-json\/wp\/v2\/product_cat?post=674"},{"taxonomy":"product_tag","embeddable":true,"href":"https:\/\/skyflar.com\/fr\/wp-json\/wp\/v2\/product_tag?post=674"}],"curies":[{"name":"wp","href":"https:\/\/api.w.org\/{rel}","templated":true}]}}