{"id":680,"date":"2019-01-07T12:29:43","date_gmt":"2019-01-06T18:42:08","guid":{"rendered":"http:\/\/skyflar.clivio.pl\/produkt\/skyflar-led-strobe-light-st-102-17v\/"},"modified":"2021-09-30T15:03:59","modified_gmt":"2021-09-30T13:03:59","slug":"skyflar-led-strobe-light-st-102-17v","status":"publish","type":"product","link":"https:\/\/skyflar.com\/fr\/product\/skyflar-led-strobe-light-st-102-17v\/","title":{"rendered":"SKYFLAR LED STROBE LIGHT ST-102 17V"},"content":{"rendered":"<h3>DONNEES DE BASE:<\/h3>\n<ul>\n<li>Tension d\u2019alimentation 14V \u2013 20V DC<\/li>\n<li>Puissance : 50 W flash.<\/li>\n<li>Flux lumineux 5000 lumens.<\/li>\n<li>Temp\u00e9rature du couleur 5500-6000 K.<\/li>\n<li>Elle n\u2019interf\u00e8re pas avec les ondes radiophoniques.<\/li>\n<li>R\u00e9sistance a l\u2019eau, vibrations et chocs.<\/li>\n<li>LED Lampe: diam\u00e8tre 40 mm, poids 100g.<\/li>\n<li>LED Contr\u00f4leur: dimensions 50mm x 50mm x 27mm ( 1.96&#215;1.96&#215;1.06 inch. ) ,poids 70g.<\/li>\n<li><strong>Port\u00e9e pendant le cr\u00e9puscule environ 8km !!!<\/strong><\/li>\n<\/ul>\n<p><strong> Une mode de fonctionnement:<\/strong> Clignotants singuliers avec une fr\u00e9quence de 43 clignotants par minute.<\/p>\n<p><strong>Nos lampes sont inond\u00e9es de r\u00e9sine de polyur\u00e9thane sp\u00e9ciale r\u00e9sistante aux temp\u00e9ratures extr\u00eames (-40\u00b0C\u00a0 <\/strong><strong>\u00e0 <\/strong><strong>140\u00b0C), ont une excellente r\u00e9sistance m\u00e9canique et sont r\u00e9sistantes aux UV!<\/strong><\/p>\n<p><strong>LE PRODUIT PROT\u00c9G\u00c9 PAR UN BREVET.<\/strong><\/p>\n","protected":false},"excerpt":{"rendered":"<p>DONNEES DE BASE: Tension d\u2019alimentation 14V \u2013 20V DC Puissance : 50 W flash. Flux lumineux 5000 lumens. Temp\u00e9rature du couleur 5500-6000 K. Elle n\u2019interf\u00e8re pas avec les ondes radiophoniques. R\u00e9sistance a l\u2019eau, vibrations et chocs&#8230;. <a class=\"more\" href=\"https:\/\/skyflar.com\/fr\/product\/skyflar-led-strobe-light-st-102-17v\/\"> Wi\u0119cej &rarr;<\/a><\/p>\n","protected":false},"featured_media":214,"comment_status":"open","ping_status":"closed","template":"","meta":[],"product_cat":[58],"product_tag":[],"acf":[],"aioseo_notices":[],"_links":{"self":[{"href":"https:\/\/skyflar.com\/fr\/wp-json\/wp\/v2\/product\/680"}],"collection":[{"href":"https:\/\/skyflar.com\/fr\/wp-json\/wp\/v2\/product"}],"about":[{"href":"https:\/\/skyflar.com\/fr\/wp-json\/wp\/v2\/types\/product"}],"replies":[{"embeddable":true,"href":"https:\/\/skyflar.com\/fr\/wp-json\/wp\/v2\/comments?post=680"}],"version-history":[{"count":4,"href":"https:\/\/skyflar.com\/fr\/wp-json\/wp\/v2\/product\/680\/revisions"}],"predecessor-version":[{"id":3295,"href":"https:\/\/skyflar.com\/fr\/wp-json\/wp\/v2\/product\/680\/revisions\/3295"}],"wp:featuredmedia":[{"embeddable":true,"href":"https:\/\/skyflar.com\/fr\/wp-json\/wp\/v2\/media\/214"}],"wp:attachment":[{"href":"https:\/\/skyflar.com\/fr\/wp-json\/wp\/v2\/media?parent=680"}],"wp:term":[{"taxonomy":"product_cat","embeddable":true,"href":"https:\/\/skyflar.com\/fr\/wp-json\/wp\/v2\/product_cat?post=680"},{"taxonomy":"product_tag","embeddable":true,"href":"https:\/\/skyflar.com\/fr\/wp-json\/wp\/v2\/product_tag?post=680"}],"curies":[{"name":"wp","href":"https:\/\/api.w.org\/{rel}","templated":true}]}}