{"id":696,"date":"2019-01-01T11:50:31","date_gmt":"2019-01-01T10:50:31","guid":{"rendered":"http:\/\/skyflar.clivio.pl\/produkt\/kit-dalimentation-li-ion-skyflar\/"},"modified":"2024-11-28T16:30:11","modified_gmt":"2024-11-28T15:30:11","slug":"kit-d-alimentation-li-ion-skyflar","status":"publish","type":"product","link":"https:\/\/skyflar.com\/fr\/product\/kit-d-alimentation-li-ion-skyflar\/","title":{"rendered":"DOUBLE LI-ION POWER PACK KIT SKYFLAR"},"content":{"rendered":"<h3>DONNEES DE BASE:<\/h3>\n<ul>\n<li>Tension de sortie: 12.6V.<\/li>\n<li>Protection contre le court-circuit.<\/li>\n<li>Protection contre la surcharge de batterie.<\/li>\n<li>Protection contre la d\u00e9charge de batterie.<\/li>\n<li>Protection contre les risques \u00e9lectriques.<\/li>\n<li>Courant de d\u00e9charge continu maximum: 5 -8 A.<\/li>\n<li>Courant de d\u00e9charge instantan\u00e9 maximum: 10 A.<\/li>\n<li>Temp\u00e9rature de fonctionnement: &#8211; 40\u00b0C &#8212;- + 50\u00b0C.<\/li>\n<li>Poids : 160 grammes.<\/li>\n<li>Dimensions (L\/l\/H) : 13cm\/8cm\/5,5cm.<\/li>\n<\/ul>\n<h3><span style=\"color: #ff0000;\">KIT POUR ST-101, ST-101 RED, SAFESTROBES SF NOUVEAU<\/span><\/h3>\n<h3>COMPOSITION DU KIT:<\/h3>\n<ol>\n<li>Cadre de s\u00e9curit\u00e9 pour 6 piles.<\/li>\n<li>Housse pour le cadre de protection.<\/li>\n<li>Velcro pour fixer la housse.<\/li>\n<li>Chargeur Li-ion 12.6V 1A avec la diode LED. **<\/li>\n<li>Mode d\u2019emploi.<\/li>\n<\/ol>\n<p><strong>Piles Li- ion 18650 prises en charge :<\/strong><\/p>\n<p><strong>SANYO NCR18650GA 3450mAh<\/strong><strong> LG INR18650 MH1 3200mah , PANASONIC NCR18650PF 2900mAh , SONY US18650V3 2250mAh , SAMSUNG ICR 18650 22P 2150mah , SANYO NCR18650GA 3500mAh .<\/strong><\/p>\n<p>** (veuillez nous indiquer la prise : EU, US, UK. Si aucune information n&#8217;est disponible, nous exp\u00e9dierons le produit en fonction du pays de la commande. ).<\/p>\n<p><strong>LE PRODUIT PROT\u00c9G\u00c9 PAR UN BREVET.<\/strong><\/p>\n","protected":false},"excerpt":{"rendered":"<p>DONNEES DE BASE: Tension de sortie: 12.6V. Protection contre le court-circuit. Protection contre la surcharge de batterie. Protection contre la d\u00e9charge de batterie. Protection contre les risques \u00e9lectriques. Courant de d\u00e9charge continu maximum: 5 -8 A&#8230;. <a class=\"more\" href=\"https:\/\/skyflar.com\/fr\/product\/kit-d-alimentation-li-ion-skyflar\/\"> Wi\u0119cej &rarr;<\/a><\/p>\n","protected":false},"featured_media":25401,"comment_status":"open","ping_status":"closed","template":"","meta":[],"product_cat":[68],"product_tag":[],"acf":[],"aioseo_notices":[],"_links":{"self":[{"href":"https:\/\/skyflar.com\/fr\/wp-json\/wp\/v2\/product\/696"}],"collection":[{"href":"https:\/\/skyflar.com\/fr\/wp-json\/wp\/v2\/product"}],"about":[{"href":"https:\/\/skyflar.com\/fr\/wp-json\/wp\/v2\/types\/product"}],"replies":[{"embeddable":true,"href":"https:\/\/skyflar.com\/fr\/wp-json\/wp\/v2\/comments?post=696"}],"version-history":[{"count":4,"href":"https:\/\/skyflar.com\/fr\/wp-json\/wp\/v2\/product\/696\/revisions"}],"predecessor-version":[{"id":25448,"href":"https:\/\/skyflar.com\/fr\/wp-json\/wp\/v2\/product\/696\/revisions\/25448"}],"wp:featuredmedia":[{"embeddable":true,"href":"https:\/\/skyflar.com\/fr\/wp-json\/wp\/v2\/media\/25401"}],"wp:attachment":[{"href":"https:\/\/skyflar.com\/fr\/wp-json\/wp\/v2\/media?parent=696"}],"wp:term":[{"taxonomy":"product_cat","embeddable":true,"href":"https:\/\/skyflar.com\/fr\/wp-json\/wp\/v2\/product_cat?post=696"},{"taxonomy":"product_tag","embeddable":true,"href":"https:\/\/skyflar.com\/fr\/wp-json\/wp\/v2\/product_tag?post=696"}],"curies":[{"name":"wp","href":"https:\/\/api.w.org\/{rel}","templated":true}]}}