{"id":11,"date":"2019-02-09T11:36:08","date_gmt":"2019-02-09T10:36:08","guid":{"rendered":"http:\/\/skyflar.clivio.pl\/?page_id=11"},"modified":"2019-02-13T23:11:45","modified_gmt":"2019-02-13T22:11:45","slug":"o-nas","status":"publish","type":"page","link":"https:\/\/skyflar.com\/pl\/o-nas\/","title":{"rendered":"SKYFLAR &#8211; O nas"},"content":{"rendered":"<p>Specjalizujemy si\u0119 w produkowaniu najwy\u017cszej jako\u015bci system\u00f3w o\u015bwietlenia lotniczego w nowoczesnej technologii LED.Ka\u017cdego roku zwi\u0119ksza si\u0119 liczba u\u017cytkownik\u00f3w ruchu lotniczego, przez co przestrze\u0144 powietrzna staje si\u0119 coraz bardziej zag\u0119szczona. Podczas wczesnych jak i p\u00f3\u017aniejszych godzin lot\u00f3w piloci nara\u017ceni s\u0105 na ryzyko kolizji, ze wzgl\u0119du na s\u0142ab\u0105 widoczno\u015b\u0107. Nasze o\u015bwietlenie znacz\u0105co poprawia widzialno\u015b\u0107, przez co zapewnia bezpiecze\u0144stwo wszystkim statkom powietrznym.<\/p>\n<p>Firma SKYFLAR powsta\u0142a z pasji do lotnictwa. Nasze produkty s\u0105 wykonywane z najwi\u0119ksz\u0105 precyzj\u0105, dlatego ciesz\u0105 si\u0119 uznaniem na ca\u0142ym \u015bwiecie. S\u0105 przemy\u015blane pod wzgl\u0119dem technicznym jak i praktycznym. Nasz produkt zosta\u0142 nagrodzony w Parku Naukowo-Technologicznym w E\u0142ku za Innowacyjno\u015b\u0107. Zapewniamy wsp\u00f3\u0142prac\u0119 na najwy\u017cszym poziomie. Dbamy o jak najlepszy serwis i kontakt z klientem. Jeste\u015bmy otwarci na nowe pomys\u0142y oraz ich realizacje.<\/p>\n","protected":false},"excerpt":{"rendered":"<p>Specjalizujemy si\u0119 w produkowaniu najwy\u017cszej jako\u015bci system\u00f3w o\u015bwietlenia lotniczego w nowoczesnej technologii LED.Ka\u017cdego roku zwi\u0119ksza si\u0119 liczba u\u017cytkownik\u00f3w ruchu lotniczego, przez co przestrze\u0144 powietrzna staje si\u0119 coraz bardziej zag\u0119szczona. Podczas wczesnych jak i p\u00f3\u017aniejszych godzin lot\u00f3w&#8230; <a class=\"more\" href=\"https:\/\/skyflar.com\/pl\/o-nas\/\"> Wi\u0119cej &rarr;<\/a><\/p>\n","protected":false},"author":1,"featured_media":0,"parent":0,"menu_order":0,"comment_status":"closed","ping_status":"closed","template":"page-about.php","meta":[],"acf":[],"aioseo_notices":[],"_links":{"self":[{"href":"https:\/\/skyflar.com\/pl\/wp-json\/wp\/v2\/pages\/11"}],"collection":[{"href":"https:\/\/skyflar.com\/pl\/wp-json\/wp\/v2\/pages"}],"about":[{"href":"https:\/\/skyflar.com\/pl\/wp-json\/wp\/v2\/types\/page"}],"author":[{"embeddable":true,"href":"https:\/\/skyflar.com\/pl\/wp-json\/wp\/v2\/users\/1"}],"replies":[{"embeddable":true,"href":"https:\/\/skyflar.com\/pl\/wp-json\/wp\/v2\/comments?post=11"}],"version-history":[{"count":9,"href":"https:\/\/skyflar.com\/pl\/wp-json\/wp\/v2\/pages\/11\/revisions"}],"predecessor-version":[{"id":379,"href":"https:\/\/skyflar.com\/pl\/wp-json\/wp\/v2\/pages\/11\/revisions\/379"}],"wp:attachment":[{"href":"https:\/\/skyflar.com\/pl\/wp-json\/wp\/v2\/media?parent=11"}],"curies":[{"name":"wp","href":"https:\/\/api.w.org\/{rel}","templated":true}]}}