{"id":1209,"date":"2019-03-22T23:43:48","date_gmt":"2019-03-22T22:43:48","guid":{"rendered":"https:\/\/skyflar.com\/?page_id=1209"},"modified":"2019-03-22T23:44:39","modified_gmt":"2019-03-22T22:44:39","slug":"zdjecia-uzytkownikow","status":"publish","type":"page","link":"https:\/\/skyflar.com\/pl\/zdjecia-uzytkownikow\/","title":{"rendered":"Zdj\u0119cia u\u017cytkownik\u00f3w SKYFLAR"},"content":{"rendered":"\n\t\t<style type=\"text\/css\">\n\t\t\t#gallery-1 {\n\t\t\t\tmargin: auto;\n\t\t\t}\n\t\t\t#gallery-1 .gallery-item {\n\t\t\t\tfloat: left;\n\t\t\t\tmargin-top: 10px;\n\t\t\t\ttext-align: center;\n\t\t\t\twidth: 33%;\n\t\t\t}\n\t\t\t#gallery-1 img {\n\t\t\t\tborder: 2px solid #cfcfcf;\n\t\t\t}\n\t\t\t#gallery-1 .gallery-caption {\n\t\t\t\tmargin-left: 0;\n\t\t\t}\n\t\t\t\/* see gallery_shortcode() in wp-includes\/media.php *\/\n\t\t<\/style>\n\t\t<div id='gallery-1' class='gallery galleryid-1209 gallery-columns-3 gallery-size-article'><dl class='gallery-item'>\n\t\t\t<dt class='gallery-icon landscape'>\n\t\t\t\t<a href='https:\/\/skyflar.com\/wp-content\/uploads\/2019\/03\/skyflar-users-4.jpg'><img width=\"400\" height=\"280\" src=\"https:\/\/skyflar.com\/wp-content\/uploads\/2019\/03\/skyflar-users-4-400x280.jpg\" class=\"attachment-article size-article\" alt=\"\" decoding=\"async\" loading=\"lazy\" srcset=\"https:\/\/skyflar.com\/wp-content\/uploads\/2019\/03\/skyflar-users-4-400x280.jpg 400w, https:\/\/skyflar.com\/wp-content\/uploads\/2019\/03\/skyflar-users-4-30x20.jpg 30w\" sizes=\"(max-width: 400px) 100vw, 400px\" \/><\/a>\n\t\t\t<\/dt><\/dl><dl class='gallery-item'>\n\t\t\t<dt class='gallery-icon landscape'>\n\t\t\t\t<a href='https:\/\/skyflar.com\/wp-content\/uploads\/2019\/03\/skyflar-users-2.jpg'><img width=\"400\" height=\"280\" src=\"https:\/\/skyflar.com\/wp-content\/uploads\/2019\/03\/skyflar-users-2-400x280.jpg\" class=\"attachment-article size-article\" alt=\"\" decoding=\"async\" loading=\"lazy\" \/><\/a>\n\t\t\t<\/dt><\/dl><dl class='gallery-item'>\n\t\t\t<dt class='gallery-icon landscape'>\n\t\t\t\t<a href='https:\/\/skyflar.com\/wp-content\/uploads\/2019\/03\/skyflar-users-3.jpg'><img width=\"400\" height=\"280\" src=\"https:\/\/skyflar.com\/wp-content\/uploads\/2019\/03\/skyflar-users-3-400x280.jpg\" class=\"attachment-article size-article\" alt=\"\" decoding=\"async\" loading=\"lazy\" \/><\/a>\n\t\t\t<\/dt><\/dl><br style=\"clear: both\" \/><dl class='gallery-item'>\n\t\t\t<dt class='gallery-icon landscape'>\n\t\t\t\t<a href='https:\/\/skyflar.com\/wp-content\/uploads\/2019\/03\/skyflar-users.jpg'><img width=\"400\" height=\"280\" src=\"https:\/\/skyflar.com\/wp-content\/uploads\/2019\/03\/skyflar-users-400x280.jpg\" class=\"attachment-article size-article\" alt=\"\" decoding=\"async\" loading=\"lazy\" \/><\/a>\n\t\t\t<\/dt><\/dl><dl class='gallery-item'>\n\t\t\t<dt class='gallery-icon portrait'>\n\t\t\t\t<a href='https:\/\/skyflar.com\/wp-content\/uploads\/2019\/03\/skyflar-users-5.jpg'><img width=\"400\" height=\"280\" src=\"https:\/\/skyflar.com\/wp-content\/uploads\/2019\/03\/skyflar-users-5-400x280.jpg\" class=\"attachment-article size-article\" alt=\"\" decoding=\"async\" loading=\"lazy\" \/><\/a>\n\t\t\t<\/dt><\/dl>\n\t\t\t<br style='clear: both' \/>\n\t\t<\/div>\n\n","protected":false},"excerpt":{"rendered":"","protected":false},"author":1,"featured_media":0,"parent":0,"menu_order":0,"comment_status":"closed","ping_status":"closed","template":"","meta":[],"acf":[],"aioseo_notices":[],"_links":{"self":[{"href":"https:\/\/skyflar.com\/pl\/wp-json\/wp\/v2\/pages\/1209"}],"collection":[{"href":"https:\/\/skyflar.com\/pl\/wp-json\/wp\/v2\/pages"}],"about":[{"href":"https:\/\/skyflar.com\/pl\/wp-json\/wp\/v2\/types\/page"}],"author":[{"embeddable":true,"href":"https:\/\/skyflar.com\/pl\/wp-json\/wp\/v2\/users\/1"}],"replies":[{"embeddable":true,"href":"https:\/\/skyflar.com\/pl\/wp-json\/wp\/v2\/comments?post=1209"}],"version-history":[{"count":2,"href":"https:\/\/skyflar.com\/pl\/wp-json\/wp\/v2\/pages\/1209\/revisions"}],"predecessor-version":[{"id":1213,"href":"https:\/\/skyflar.com\/pl\/wp-json\/wp\/v2\/pages\/1209\/revisions\/1213"}],"wp:attachment":[{"href":"https:\/\/skyflar.com\/pl\/wp-json\/wp\/v2\/media?parent=1209"}],"curies":[{"name":"wp","href":"https:\/\/api.w.org\/{rel}","templated":true}]}}