{"id":356,"date":"2019-02-13T13:36:25","date_gmt":"2019-02-13T12:36:25","guid":{"rendered":"http:\/\/skyflar.clivio.pl\/?page_id=356"},"modified":"2019-03-21T15:49:45","modified_gmt":"2019-03-21T14:49:45","slug":"reklamacje","status":"publish","type":"page","link":"https:\/\/skyflar.com\/pl\/reklamacje\/","title":{"rendered":"Reklamacje"},"content":{"rendered":"<p>Aby skorzysta\u0107 z reklamacji, nale\u017cy pobra\u0107 poni\u017cszy formularz i wys\u0142a\u0107 go na adres skyflar@gmail.com<\/p>\n<p><a href=\"http:\/\/skyflar.clivio.pl\/wp-content\/uploads\/2019\/03\/Formularz-reklamacyjny.docx\">Pobierz formularz reklamacji<\/a><\/p>\n","protected":false},"excerpt":{"rendered":"<p>Aby skorzysta\u0107 z reklamacji, nale\u017cy pobra\u0107 poni\u017cszy formularz i wys\u0142a\u0107 go na adres skyflar@gmail.com Pobierz formularz reklamacji<\/p>\n","protected":false},"author":1,"featured_media":0,"parent":0,"menu_order":0,"comment_status":"closed","ping_status":"closed","template":"","meta":[],"acf":[],"aioseo_notices":[],"_links":{"self":[{"href":"https:\/\/skyflar.com\/pl\/wp-json\/wp\/v2\/pages\/356"}],"collection":[{"href":"https:\/\/skyflar.com\/pl\/wp-json\/wp\/v2\/pages"}],"about":[{"href":"https:\/\/skyflar.com\/pl\/wp-json\/wp\/v2\/types\/page"}],"author":[{"embeddable":true,"href":"https:\/\/skyflar.com\/pl\/wp-json\/wp\/v2\/users\/1"}],"replies":[{"embeddable":true,"href":"https:\/\/skyflar.com\/pl\/wp-json\/wp\/v2\/comments?post=356"}],"version-history":[{"count":3,"href":"https:\/\/skyflar.com\/pl\/wp-json\/wp\/v2\/pages\/356\/revisions"}],"predecessor-version":[{"id":808,"href":"https:\/\/skyflar.com\/pl\/wp-json\/wp\/v2\/pages\/356\/revisions\/808"}],"wp:attachment":[{"href":"https:\/\/skyflar.com\/pl\/wp-json\/wp\/v2\/media?parent=356"}],"curies":[{"name":"wp","href":"https:\/\/api.w.org\/{rel}","templated":true}]}}