{"id":360,"date":"2019-02-13T13:37:05","date_gmt":"2019-02-13T12:37:05","guid":{"rendered":"http:\/\/skyflar.clivio.pl\/?page_id=360"},"modified":"2019-03-21T15:39:04","modified_gmt":"2019-03-21T14:39:04","slug":"formy-platnosci","status":"publish","type":"page","link":"https:\/\/skyflar.com\/pl\/formy-platnosci\/","title":{"rendered":"Formy p\u0142atno\u015bci"},"content":{"rendered":"<p>Oferujemy 3 formy p\u0142atno\u015bci<\/p>\n<ul>\n<li>Przelew bankowy<\/li>\n<li>Paypal<\/li>\n<li>Stripe (p\u0142atno\u015b\u0107 kart\u0105)<\/li>\n<\/ul>\n","protected":false},"excerpt":{"rendered":"<p>Oferujemy 3 formy p\u0142atno\u015bci Przelew bankowy Paypal Stripe (p\u0142atno\u015b\u0107 kart\u0105)<\/p>\n","protected":false},"author":1,"featured_media":0,"parent":0,"menu_order":0,"comment_status":"closed","ping_status":"closed","template":"","meta":[],"acf":[],"aioseo_notices":[],"_links":{"self":[{"href":"https:\/\/skyflar.com\/pl\/wp-json\/wp\/v2\/pages\/360"}],"collection":[{"href":"https:\/\/skyflar.com\/pl\/wp-json\/wp\/v2\/pages"}],"about":[{"href":"https:\/\/skyflar.com\/pl\/wp-json\/wp\/v2\/types\/page"}],"author":[{"embeddable":true,"href":"https:\/\/skyflar.com\/pl\/wp-json\/wp\/v2\/users\/1"}],"replies":[{"embeddable":true,"href":"https:\/\/skyflar.com\/pl\/wp-json\/wp\/v2\/comments?post=360"}],"version-history":[{"count":2,"href":"https:\/\/skyflar.com\/pl\/wp-json\/wp\/v2\/pages\/360\/revisions"}],"predecessor-version":[{"id":799,"href":"https:\/\/skyflar.com\/pl\/wp-json\/wp\/v2\/pages\/360\/revisions\/799"}],"wp:attachment":[{"href":"https:\/\/skyflar.com\/pl\/wp-json\/wp\/v2\/media?parent=360"}],"curies":[{"name":"wp","href":"https:\/\/api.w.org\/{rel}","templated":true}]}}