{"id":362,"date":"2019-02-13T13:37:27","date_gmt":"2019-02-13T12:37:27","guid":{"rendered":"http:\/\/skyflar.clivio.pl\/?page_id=362"},"modified":"2019-03-25T23:31:36","modified_gmt":"2019-03-25T22:31:36","slug":"formy-i-koszty-dostawy","status":"publish","type":"page","link":"https:\/\/skyflar.com\/pl\/formy-i-koszty-dostawy\/","title":{"rendered":"Formy i koszty dostawy"},"content":{"rendered":"<p><strong><img decoding=\"async\" loading=\"lazy\" class=\"alignright size-medium wp-image-1464\" src=\"https:\/\/skyflar.com\/wp-content\/uploads\/2019\/03\/dpdlogo-300x134.png\" alt=\"\" width=\"300\" height=\"134\" srcset=\"https:\/\/skyflar.com\/wp-content\/uploads\/2019\/03\/dpdlogo-300x134.png 300w, https:\/\/skyflar.com\/wp-content\/uploads\/2019\/03\/dpdlogo.png 400w, https:\/\/skyflar.com\/wp-content\/uploads\/2019\/03\/dpdlogo-30x13.png 30w\" sizes=\"(max-width: 300px) 100vw, 300px\" \/>Polska &#8211; do 20 kg &#8211; 22 PLN<\/strong><\/p>\n<p><strong>Pozosta\u0142e kraje:<\/strong><br \/>\n0-0.5 kg &#8211; 44\u00a0PLN<br \/>\n0.5-1 kg &#8211; 54 PLN<br \/>\n1-1.5 kg &#8211; 58 PLN<br \/>\n1.5-2 kg &#8211; 66 PLN<br \/>\n<img decoding=\"async\" loading=\"lazy\" class=\"alignright size-medium wp-image-1469\" src=\"https:\/\/skyflar.com\/wp-content\/uploads\/2019\/03\/wwship-300x200.png\" alt=\"\" width=\"300\" height=\"200\" srcset=\"https:\/\/skyflar.com\/wp-content\/uploads\/2019\/03\/wwship-300x200.png 300w, https:\/\/skyflar.com\/wp-content\/uploads\/2019\/03\/wwship.png 400w, https:\/\/skyflar.com\/wp-content\/uploads\/2019\/03\/wwship-30x20.png 30w\" sizes=\"(max-width: 300px) 100vw, 300px\" \/>2-3 kg &#8211; 117 PLN<br \/>\n3 -4 kg &#8211; 138\u00a0PLN<\/p>\n<p>&nbsp;<\/p>\n<p>\u015aled\u017a swoj\u0105 przesy\u0142k\u0119:<\/p>\n<p><a href=\"https:\/\/www.dpd.com.pl\/Zlokalizuj-paczke\">https:\/\/www.dpd.com.pl\/Zlokalizuj-paczke<\/a><\/p>\n","protected":false},"excerpt":{"rendered":"<p>Polska &#8211; do 20 kg &#8211; 22 PLN Pozosta\u0142e kraje: 0-0.5 kg &#8211; 44\u00a0PLN 0.5-1 kg &#8211; 54 PLN 1-1.5 kg &#8211; 58 PLN 1.5-2 kg &#8211; 66 PLN 2-3 kg &#8211; 117 PLN 3 -4&#8230; <a class=\"more\" href=\"https:\/\/skyflar.com\/pl\/formy-i-koszty-dostawy\/\"> Wi\u0119cej &rarr;<\/a><\/p>\n","protected":false},"author":1,"featured_media":0,"parent":0,"menu_order":0,"comment_status":"closed","ping_status":"closed","template":"","meta":[],"acf":[],"aioseo_notices":[],"_links":{"self":[{"href":"https:\/\/skyflar.com\/pl\/wp-json\/wp\/v2\/pages\/362"}],"collection":[{"href":"https:\/\/skyflar.com\/pl\/wp-json\/wp\/v2\/pages"}],"about":[{"href":"https:\/\/skyflar.com\/pl\/wp-json\/wp\/v2\/types\/page"}],"author":[{"embeddable":true,"href":"https:\/\/skyflar.com\/pl\/wp-json\/wp\/v2\/users\/1"}],"replies":[{"embeddable":true,"href":"https:\/\/skyflar.com\/pl\/wp-json\/wp\/v2\/comments?post=362"}],"version-history":[{"count":4,"href":"https:\/\/skyflar.com\/pl\/wp-json\/wp\/v2\/pages\/362\/revisions"}],"predecessor-version":[{"id":1475,"href":"https:\/\/skyflar.com\/pl\/wp-json\/wp\/v2\/pages\/362\/revisions\/1475"}],"wp:attachment":[{"href":"https:\/\/skyflar.com\/pl\/wp-json\/wp\/v2\/media?parent=362"}],"curies":[{"name":"wp","href":"https:\/\/api.w.org\/{rel}","templated":true}]}}