{"id":809,"date":"2019-03-21T15:51:52","date_gmt":"2019-03-21T14:51:52","guid":{"rendered":"http:\/\/skyflar.clivio.pl\/?page_id=809"},"modified":"2019-03-21T15:51:52","modified_gmt":"2019-03-21T14:51:52","slug":"odstapienie-od-umowy","status":"publish","type":"page","link":"https:\/\/skyflar.com\/pl\/odstapienie-od-umowy\/","title":{"rendered":"Odst\u0105pienie od umowy"},"content":{"rendered":"<p>Aby odst\u0105pi\u0107 od umowy, nale\u017cy pobra\u0107 poni\u017cszy wz\u00f3r i wys\u0142a\u0107 go na adres skyflar@gmail.com<\/p>\n<p><a href=\"http:\/\/skyflar.clivio.pl\/wp-content\/uploads\/2019\/03\/O\u015bwiadczenie-o-odst\u0105pieniu.docx\">Odst\u0105pienie od umowy<\/a><\/p>\n","protected":false},"excerpt":{"rendered":"<p>Aby odst\u0105pi\u0107 od umowy, nale\u017cy pobra\u0107 poni\u017cszy wz\u00f3r i wys\u0142a\u0107 go na adres skyflar@gmail.com Odst\u0105pienie od umowy<\/p>\n","protected":false},"author":1,"featured_media":0,"parent":0,"menu_order":0,"comment_status":"closed","ping_status":"closed","template":"","meta":[],"acf":[],"aioseo_notices":[],"_links":{"self":[{"href":"https:\/\/skyflar.com\/pl\/wp-json\/wp\/v2\/pages\/809"}],"collection":[{"href":"https:\/\/skyflar.com\/pl\/wp-json\/wp\/v2\/pages"}],"about":[{"href":"https:\/\/skyflar.com\/pl\/wp-json\/wp\/v2\/types\/page"}],"author":[{"embeddable":true,"href":"https:\/\/skyflar.com\/pl\/wp-json\/wp\/v2\/users\/1"}],"replies":[{"embeddable":true,"href":"https:\/\/skyflar.com\/pl\/wp-json\/wp\/v2\/comments?post=809"}],"version-history":[{"count":1,"href":"https:\/\/skyflar.com\/pl\/wp-json\/wp\/v2\/pages\/809\/revisions"}],"predecessor-version":[{"id":815,"href":"https:\/\/skyflar.com\/pl\/wp-json\/wp\/v2\/pages\/809\/revisions\/815"}],"wp:attachment":[{"href":"https:\/\/skyflar.com\/pl\/wp-json\/wp\/v2\/media?parent=809"}],"curies":[{"name":"wp","href":"https:\/\/api.w.org\/{rel}","templated":true}]}}