{"id":119,"date":"2018-01-27T11:58:02","date_gmt":"2019-01-03T10:58:02","guid":{"rendered":"http:\/\/skyflar.clivio.pl\/?post_type=product&#038;p=119"},"modified":"2021-05-25T13:47:22","modified_gmt":"2021-05-25T11:47:22","slug":"zestaw-przedluzenia-wlacznika-st-201-st-202","status":"publish","type":"product","link":"https:\/\/skyflar.com\/pl\/product\/zestaw-przedluzenia-wlacznika-st-201-st-202\/","title":{"rendered":"ZESTAW PRZED\u0141U\u017bENIA W\u0141\u0104CZNIKA ST-201 \/ ST-202 \/ NV-201"},"content":{"rendered":"<p>ZESTAW PRZED\u0141U\u017bENIA W\u0141\u0104CZNIKA\u00a0 ST-201 \/ ST-202 \/ NV-201.<\/p>\n","protected":false},"excerpt":{"rendered":"<p>ZESTAW PRZED\u0141U\u017bENIA W\u0141\u0104CZNIKA\u00a0 ST-201 \/ ST-202 \/ NV-201.<\/p>\n","protected":false},"featured_media":120,"comment_status":"open","ping_status":"closed","template":"","meta":[],"product_cat":[52],"product_tag":[],"acf":[],"aioseo_notices":[],"_links":{"self":[{"href":"https:\/\/skyflar.com\/pl\/wp-json\/wp\/v2\/product\/119"}],"collection":[{"href":"https:\/\/skyflar.com\/pl\/wp-json\/wp\/v2\/product"}],"about":[{"href":"https:\/\/skyflar.com\/pl\/wp-json\/wp\/v2\/types\/product"}],"replies":[{"embeddable":true,"href":"https:\/\/skyflar.com\/pl\/wp-json\/wp\/v2\/comments?post=119"}],"version-history":[{"count":3,"href":"https:\/\/skyflar.com\/pl\/wp-json\/wp\/v2\/product\/119\/revisions"}],"predecessor-version":[{"id":18029,"href":"https:\/\/skyflar.com\/pl\/wp-json\/wp\/v2\/product\/119\/revisions\/18029"}],"wp:featuredmedia":[{"embeddable":true,"href":"https:\/\/skyflar.com\/pl\/wp-json\/wp\/v2\/media\/120"}],"wp:attachment":[{"href":"https:\/\/skyflar.com\/pl\/wp-json\/wp\/v2\/media?parent=119"}],"wp:term":[{"taxonomy":"product_cat","embeddable":true,"href":"https:\/\/skyflar.com\/pl\/wp-json\/wp\/v2\/product_cat?post=119"},{"taxonomy":"product_tag","embeddable":true,"href":"https:\/\/skyflar.com\/pl\/wp-json\/wp\/v2\/product_tag?post=119"}],"curies":[{"name":"wp","href":"https:\/\/api.w.org\/{rel}","templated":true}]}}