{"id":185,"date":"2019-01-09T12:10:58","date_gmt":"2019-01-08T11:10:58","guid":{"rendered":"http:\/\/skyflar.clivio.pl\/?post_type=product&#038;p=185"},"modified":"2025-02-12T19:25:09","modified_gmt":"2025-02-12T18:25:09","slug":"lampa-blyskowa-led-skyflar-st-101-12v","status":"publish","type":"product","link":"https:\/\/skyflar.com\/pl\/product\/lampa-blyskowa-led-skyflar-st-101-12v\/","title":{"rendered":"LAMPA B\u0141YSKOWA LED SKYFLAR ST-101 12V"},"content":{"rendered":"<p><strong>PODSTAWOWE DANE :<\/strong><\/p>\n<ul>\n<li>Napi\u0119cie zasilania 10,5V &#8211; 14,5V DC.<\/li>\n<li>Moc : 50 W b\u0142ysk.<\/li>\n<li>Strumie\u0144 \u015bwietlny 5000 lumen\u00f3w.<\/li>\n<li>Temperatura barwowa 5500-6000 K.<\/li>\n<li>Nie zak\u0142\u00f3ca fal radiowych.<\/li>\n<li>Odporno\u015b\u0107 na drgania, uderzenia, wod\u0119.<\/li>\n<li>Lampa LED : \u015brednica 40 mm (1,57 inch ) ,waga 100 gram.<\/li>\n<li>Sterownik LED : wymiary: 20 mm x 20 mm x 115 mm ( 0,8 x 0,8 x 2 inch. ), waga 100 gram.<\/li>\n<li><strong>Zasi\u0119g o zmroku oko\u0142o 8 km !!!<\/strong><\/li>\n<\/ul>\n<p><strong>\u00a0Jedna\u00a0 funkcja\u00a0 pracy:<\/strong>\u00a0\u00a0Pojedyncze b\u0142yski o cz\u0119stotliwo\u015bci 43\u00a0 b\u0142ysk\u00f3w na minut\u0119.<\/p>\n<p><strong>DODATKOWO<\/strong><\/p>\n<ul>\n<li>Pod\u015bwietlany przycisk LED sygnalizuj\u0105cy w\u0142\u0105czone urz\u0105dzenie.<\/li>\n<\/ul>\n<p><strong>Nasze lampy s\u0105 zalewane specjaln\u0105 poliuretanow\u0105 \u017cywic\u0105 odporn\u0105 na ekstremalne temperatury (-40\u00b0C do 140\u00b0C), maj\u0105 doskona\u0142\u0105 odporno\u015b\u0107 mechaniczn\u0105 i s\u0105 UV odporne!<\/strong><\/p>\n<p><strong>PRODUKT CHRONIONY PRAWEM PATENTOWYM.<\/strong><\/p>\n","protected":false},"excerpt":{"rendered":"<p>PODSTAWOWE DANE : Napi\u0119cie zasilania 10,5V &#8211; 14,5V DC. Moc : 50 W b\u0142ysk. Strumie\u0144 \u015bwietlny 5000 lumen\u00f3w. Temperatura barwowa 5500-6000 K. Nie zak\u0142\u00f3ca fal radiowych. Odporno\u015b\u0107 na drgania, uderzenia, wod\u0119. Lampa LED : \u015brednica 40&#8230; <a class=\"more\" href=\"https:\/\/skyflar.com\/pl\/product\/lampa-blyskowa-led-skyflar-st-101-12v\/\"> Wi\u0119cej &rarr;<\/a><\/p>\n","protected":false},"featured_media":23989,"comment_status":"open","ping_status":"closed","template":"","meta":[],"product_cat":[50],"product_tag":[],"acf":[],"aioseo_notices":[],"_links":{"self":[{"href":"https:\/\/skyflar.com\/pl\/wp-json\/wp\/v2\/product\/185"}],"collection":[{"href":"https:\/\/skyflar.com\/pl\/wp-json\/wp\/v2\/product"}],"about":[{"href":"https:\/\/skyflar.com\/pl\/wp-json\/wp\/v2\/types\/product"}],"replies":[{"embeddable":true,"href":"https:\/\/skyflar.com\/pl\/wp-json\/wp\/v2\/comments?post=185"}],"version-history":[{"count":4,"href":"https:\/\/skyflar.com\/pl\/wp-json\/wp\/v2\/product\/185\/revisions"}],"predecessor-version":[{"id":1928,"href":"https:\/\/skyflar.com\/pl\/wp-json\/wp\/v2\/product\/185\/revisions\/1928"}],"wp:featuredmedia":[{"embeddable":true,"href":"https:\/\/skyflar.com\/pl\/wp-json\/wp\/v2\/media\/23989"}],"wp:attachment":[{"href":"https:\/\/skyflar.com\/pl\/wp-json\/wp\/v2\/media?parent=185"}],"wp:term":[{"taxonomy":"product_cat","embeddable":true,"href":"https:\/\/skyflar.com\/pl\/wp-json\/wp\/v2\/product_cat?post=185"},{"taxonomy":"product_tag","embeddable":true,"href":"https:\/\/skyflar.com\/pl\/wp-json\/wp\/v2\/product_tag?post=185"}],"curies":[{"name":"wp","href":"https:\/\/api.w.org\/{rel}","templated":true}]}}