{"id":23959,"date":"2018-01-26T13:53:44","date_gmt":"2021-04-26T11:55:45","guid":{"rendered":"https:\/\/skyflar.com\/?post_type=product&#038;p=23959"},"modified":"2021-04-26T13:57:47","modified_gmt":"2021-04-26T11:57:47","slug":"uchwyt-na-kosz-do-trajki-ppg","status":"publish","type":"product","link":"https:\/\/skyflar.com\/pl\/product\/uchwyt-na-kosz-do-trajki-ppg\/","title":{"rendered":"UCHWYT NA KOSZ DO TRAJKI PPG"},"content":{"rendered":"<p>Zestaw uchwyt\u00f3w na linki paralotni, montowane na koszu nap\u0119du PPG \/ PPGG. Pasuj\u0105 do koszy dwuringowych oraz jednoringowych o \u015brednicy 120cm &#8211; 160cm. \u0141atwy monta\u017c za pomoc\u0105 ta\u015bmy dwustronnej oraz opasek zaciskowych.<\/p>\n<ul>\n<li>wymiary: 115mm x 55mm x 26mm<\/li>\n<li>waga: 40g (zestaw)<\/li>\n<li>kolor: czarny<\/li>\n<li>materia\u0142: PETG<\/li>\n<li>na rur\u0119 o \u015brednicy 20mm lub 22mm<\/li>\n<\/ul>\n<p>Cena za par\u0119 (zestaw).<\/p>\n<p><span style=\"color: #ff0000;\"><strong>Przy zam\u00f3wieniu prosz\u0119 o podanie \u015brednicy rury kosza (20mm lub 22mm). W przypadku nie podania \u015brednicy, wysy\u0142amy uchwyty na rur\u0119 20mm.<\/strong><\/span><\/p>\n","protected":false},"excerpt":{"rendered":"<p>Zestaw uchwyt\u00f3w na linki paralotni, montowane na koszu nap\u0119du PPG \/ PPGG. Pasuj\u0105 do koszy dwuringowych oraz jednoringowych o \u015brednicy 120cm &#8211; 160cm. \u0141atwy monta\u017c za pomoc\u0105 ta\u015bmy dwustronnej oraz opasek zaciskowych. wymiary: 115mm x 55mm&#8230; <a class=\"more\" href=\"https:\/\/skyflar.com\/pl\/product\/uchwyt-na-kosz-do-trajki-ppg\/\"> Wi\u0119cej &rarr;<\/a><\/p>\n","protected":false},"featured_media":24183,"comment_status":"open","ping_status":"closed","template":"","meta":[],"product_cat":[52],"product_tag":[],"acf":[],"aioseo_notices":[],"_links":{"self":[{"href":"https:\/\/skyflar.com\/pl\/wp-json\/wp\/v2\/product\/23959"}],"collection":[{"href":"https:\/\/skyflar.com\/pl\/wp-json\/wp\/v2\/product"}],"about":[{"href":"https:\/\/skyflar.com\/pl\/wp-json\/wp\/v2\/types\/product"}],"replies":[{"embeddable":true,"href":"https:\/\/skyflar.com\/pl\/wp-json\/wp\/v2\/comments?post=23959"}],"version-history":[{"count":3,"href":"https:\/\/skyflar.com\/pl\/wp-json\/wp\/v2\/product\/23959\/revisions"}],"predecessor-version":[{"id":24194,"href":"https:\/\/skyflar.com\/pl\/wp-json\/wp\/v2\/product\/23959\/revisions\/24194"}],"wp:featuredmedia":[{"embeddable":true,"href":"https:\/\/skyflar.com\/pl\/wp-json\/wp\/v2\/media\/24183"}],"wp:attachment":[{"href":"https:\/\/skyflar.com\/pl\/wp-json\/wp\/v2\/media?parent=23959"}],"wp:term":[{"taxonomy":"product_cat","embeddable":true,"href":"https:\/\/skyflar.com\/pl\/wp-json\/wp\/v2\/product_cat?post=23959"},{"taxonomy":"product_tag","embeddable":true,"href":"https:\/\/skyflar.com\/pl\/wp-json\/wp\/v2\/product_tag?post=23959"}],"curies":[{"name":"wp","href":"https:\/\/api.w.org\/{rel}","templated":true}]}}