{"id":24240,"date":"2018-01-24T12:28:32","date_gmt":"2021-05-25T10:56:44","guid":{"rendered":"https:\/\/skyflar.com\/?post_type=product&#038;p=24240"},"modified":"2021-05-25T12:56:44","modified_gmt":"2021-05-25T10:56:44","slug":"upgrade-set-from-st-201-white-to-st-202-white-white","status":"publish","type":"product","link":"https:\/\/skyflar.com\/pl\/product\/upgrade-set-from-st-201-white-to-st-202-white-white\/","title":{"rendered":"ZESTAW DO ROZBUDOWY ST-201 WHITE DO ST-202 WHITE\/WHITE"},"content":{"rendered":"<p>Zestaw cz\u0119\u015bci dedykowany dla w\u0142a\u015bcicieli wielofunkcyjnej lampy b\u0142yskowej LED ST-201, kt\u00f3rzy chc\u0105 rozbudowa\u0107 sw\u00f3j zestaw do modelu ST-202.<\/p>\n<p>Zawarto\u015b\u0107 zestawu:<\/p>\n<ul>\n<li>Lampa LED 50W 6000lm ze z\u0142\u0105czem<\/li>\n<li>Zestaw monta\u017cowy do lampy LED na rur\u0119 20 mm<\/li>\n<li>Rozdzielacz LED<\/li>\n<li>Opaski zaciskowe 10 szt.<\/li>\n<li>Instrukcja obs\u0142ugi<\/li>\n<\/ul>\n","protected":false},"excerpt":{"rendered":"<p>Zestaw cz\u0119\u015bci dedykowany dla w\u0142a\u015bcicieli wielofunkcyjnej lampy b\u0142yskowej LED ST-201, kt\u00f3rzy chc\u0105 rozbudowa\u0107 sw\u00f3j zestaw do modelu ST-202. Zawarto\u015b\u0107 zestawu: Lampa LED 50W 6000lm ze z\u0142\u0105czem Zestaw monta\u017cowy do lampy LED na rur\u0119 20 mm Rozdzielacz&#8230; <a class=\"more\" href=\"https:\/\/skyflar.com\/pl\/product\/upgrade-set-from-st-201-white-to-st-202-white-white\/\"> Wi\u0119cej &rarr;<\/a><\/p>\n","protected":false},"featured_media":24236,"comment_status":"open","ping_status":"closed","template":"","meta":[],"product_cat":[52],"product_tag":[],"acf":[],"aioseo_notices":[],"_links":{"self":[{"href":"https:\/\/skyflar.com\/pl\/wp-json\/wp\/v2\/product\/24240"}],"collection":[{"href":"https:\/\/skyflar.com\/pl\/wp-json\/wp\/v2\/product"}],"about":[{"href":"https:\/\/skyflar.com\/pl\/wp-json\/wp\/v2\/types\/product"}],"replies":[{"embeddable":true,"href":"https:\/\/skyflar.com\/pl\/wp-json\/wp\/v2\/comments?post=24240"}],"version-history":[{"count":2,"href":"https:\/\/skyflar.com\/pl\/wp-json\/wp\/v2\/product\/24240\/revisions"}],"predecessor-version":[{"id":24242,"href":"https:\/\/skyflar.com\/pl\/wp-json\/wp\/v2\/product\/24240\/revisions\/24242"}],"wp:featuredmedia":[{"embeddable":true,"href":"https:\/\/skyflar.com\/pl\/wp-json\/wp\/v2\/media\/24236"}],"wp:attachment":[{"href":"https:\/\/skyflar.com\/pl\/wp-json\/wp\/v2\/media?parent=24240"}],"wp:term":[{"taxonomy":"product_cat","embeddable":true,"href":"https:\/\/skyflar.com\/pl\/wp-json\/wp\/v2\/product_cat?post=24240"},{"taxonomy":"product_tag","embeddable":true,"href":"https:\/\/skyflar.com\/pl\/wp-json\/wp\/v2\/product_tag?post=24240"}],"curies":[{"name":"wp","href":"https:\/\/api.w.org\/{rel}","templated":true}]}}