{"id":24557,"date":"2023-01-13T16:10:48","date_gmt":"2023-01-13T15:10:48","guid":{"rendered":"https:\/\/skyflar.com\/?post_type=product&#038;p=24557"},"modified":"2025-08-11T21:16:24","modified_gmt":"2025-08-11T19:16:24","slug":"uchwyt-do-lampy-ledowej-uchwyt-dedykowany-do-ramy-parajet-maverick","status":"publish","type":"product","link":"https:\/\/skyflar.com\/pl\/product\/uchwyt-do-lampy-ledowej-uchwyt-dedykowany-do-ramy-parajet-maverick\/","title":{"rendered":"UCHWYT DO LAMPY LEDOWEJ \/ UCHWYT DEDYKOWANY DO RAMY PARAJET MAVERICK"},"content":{"rendered":"<p>Uchwyt do lamp LED firmy Skyflar ( ST-101 , ST-102 , ST-201 ,ST-202 ) dedykowany do monta\u017cu na ramie Parajet Maverick . Wykonany z PETG i aluminium do ch\u0142odzenia.\u00a0 \u0141atwy w monta\u017cu i demonta\u017cu .<\/p>\n","protected":false},"excerpt":{"rendered":"<p>Uchwyt do lamp LED firmy Skyflar ( ST-101 , ST-102 , ST-201 ,ST-202 ) dedykowany do monta\u017cu na ramie Parajet Maverick . Wykonany z PETG i aluminium do ch\u0142odzenia.\u00a0 \u0141atwy w monta\u017cu i demonta\u017cu .<\/p>\n","protected":false},"featured_media":24563,"comment_status":"open","ping_status":"closed","template":"","meta":[],"product_cat":[52],"product_tag":[],"acf":[],"aioseo_notices":[],"_links":{"self":[{"href":"https:\/\/skyflar.com\/pl\/wp-json\/wp\/v2\/product\/24557"}],"collection":[{"href":"https:\/\/skyflar.com\/pl\/wp-json\/wp\/v2\/product"}],"about":[{"href":"https:\/\/skyflar.com\/pl\/wp-json\/wp\/v2\/types\/product"}],"replies":[{"embeddable":true,"href":"https:\/\/skyflar.com\/pl\/wp-json\/wp\/v2\/comments?post=24557"}],"version-history":[{"count":3,"href":"https:\/\/skyflar.com\/pl\/wp-json\/wp\/v2\/product\/24557\/revisions"}],"predecessor-version":[{"id":24580,"href":"https:\/\/skyflar.com\/pl\/wp-json\/wp\/v2\/product\/24557\/revisions\/24580"}],"wp:featuredmedia":[{"embeddable":true,"href":"https:\/\/skyflar.com\/pl\/wp-json\/wp\/v2\/media\/24563"}],"wp:attachment":[{"href":"https:\/\/skyflar.com\/pl\/wp-json\/wp\/v2\/media?parent=24557"}],"wp:term":[{"taxonomy":"product_cat","embeddable":true,"href":"https:\/\/skyflar.com\/pl\/wp-json\/wp\/v2\/product_cat?post=24557"},{"taxonomy":"product_tag","embeddable":true,"href":"https:\/\/skyflar.com\/pl\/wp-json\/wp\/v2\/product_tag?post=24557"}],"curies":[{"name":"wp","href":"https:\/\/api.w.org\/{rel}","templated":true}]}}