{"id":24635,"date":"2023-05-26T17:41:18","date_gmt":"2023-05-26T15:41:18","guid":{"rendered":"https:\/\/skyflar.com\/?post_type=product&#038;p=24635"},"modified":"2025-05-16T17:24:42","modified_gmt":"2025-05-16T15:24:42","slug":"lampa-ladowania-syrius-ll-85","status":"publish","type":"product","link":"https:\/\/skyflar.com\/pl\/product\/lampa-ladowania-syrius-ll-85\/","title":{"rendered":"LAMPA L\u0104DOWANIA SYRIUS LL-85"},"content":{"rendered":"<p><strong>SYRIUS LL-85<\/strong><\/p>\n<p>L\u0105dowanie to procedura, w kt\u00f3rej nie ma miejsca na z\u0142e warunki o\u015bwietleniowe. Im lepsza widoczno\u015b\u0107, tym wi\u0119ksze bezpiecze\u0144stwo! Dlatego stworzyli\u015bmy najlepsze \u015bwiat\u0142a do l\u0105dowania , aby zapewni\u0107 znacznie wi\u0119cej ni\u017c wystarczaj\u0105ce o\u015bwietlenie. Niesamowita moc 110 W zapewni komfortowe l\u0105dowanie nawet na nieo\u015bwietlonym l\u0105dowisku. Syrius mo\u017cna dostosowa\u0107 do warunk\u00f3w widoczno\u015bci, prze\u0142\u0105czaj\u0105c je na tryb Low Beam lub High Beam . Mo\u017cna tak\u017ce zastosowa\u0107 tryb\u00a0 Taxi Light. Rezerwa mocy, szczeg\u00f3lnie w lotnictwie, jest niezb\u0119dna. Korpus lampy jest w pe\u0142ni wykonany z aluminium, dzi\u0119ki czemu jest solidny i trwa\u0142y. Ze wzgl\u0119du na ogromnej powierzchni ch\u0142odzenia Syrius mo\u017ce obs\u0142ugiwa\u0107 pe\u0142n\u0105 moc przez d\u0142ugi czas. Nie zmniejszy si\u0119 nawet przy bardzo d\u0142ugim l\u0105dowaniu, jak mo\u017ce si\u0119 zdarzy\u0107 w przypadku innych \u015bwiate\u0142 dost\u0119pnych na rynku. Elektronika lamp zosta\u0142a zaprojektowana w najnowszej technologii, kt\u00f3ra zapewnia wysok\u0105 wydajno\u015b\u0107. \u015awiat\u0142a do l\u0105dowania s\u0105 gotowe do u\u017cycia z naszym modu\u0142em WIG-WAG\/PULSE. Nawet przy tak du\u017cej mocy nie ma \u017cadnych zak\u0142\u00f3ce\u0144 z radiem!<\/p>\n<p>Syrius to najlepszy wyb\u00f3r, je\u015bli chodzi o moc i jako\u015b\u0107.<\/p>\n<p>&nbsp;<\/p>\n<p><strong>DANE TECHNICZNE :<\/strong><\/p>\n<table width=\"604\" cellspacing=\"0\" cellpadding=\"7\">\n<tbody>\n<tr valign=\"top\">\n<td width=\"221\">\n<p class=\"western\" align=\"left\">Napi\u0119cie zasilania<\/p>\n<\/td>\n<td width=\"353\">\n<p class=\"western\" align=\"left\"><span style=\"font-family: Calibri, serif;\">10V DC -30V DC<\/span><\/p>\n<\/td>\n<\/tr>\n<tr valign=\"top\">\n<td width=\"221\">\n<p class=\"western\" align=\"left\"><span style=\"font-family: Calibri, serif;\">Moc<\/span><\/p>\n<\/td>\n<td width=\"353\">\n<p class=\"western\" align=\"left\"><span style=\"font-family: Calibri, serif;\">-Hi Beam : 110W , 14000 Lumens<\/span><\/p>\n<p class=\"western\" align=\"left\"><span style=\"font-family: Calibri, serif;\">-Lo Beam : 42W, 5500 Lumens<\/span><\/p>\n<p class=\"western\" align=\"left\"><span style=\"font-family: Calibri, serif;\">-Taxi Light: 17W, 2300 Lumens<\/span><\/p>\n<\/td>\n<\/tr>\n<tr valign=\"top\">\n<td width=\"221\">\n<p class=\"western\" align=\"left\"><span style=\"font-family: Calibri, serif;\">Pob\u00f3r pr\u0105du<\/span><\/p>\n<\/td>\n<td width=\"353\">\n<p class=\"western\" align=\"left\"><span style=\"font-family: Calibri, serif;\">-Taxi Light : 1,2A at 14V \/ 0,6A at 28V<\/span><\/p>\n<p class=\"western\" align=\"left\"><span style=\"font-family: Calibri, serif;\">-Lo Beam: 3A at 14V \/ 1,4A at 28V<\/span><\/p>\n<p class=\"western\" align=\"left\"><span style=\"font-family: Calibri, serif;\">-Hi Beam : 8A at 14V \/ 3.5 A at 28V<\/span><\/p>\n<\/td>\n<\/tr>\n<tr valign=\"top\">\n<td width=\"221\" height=\"20\">\n<p class=\"western\" align=\"left\"><span style=\"font-family: Calibri, serif;\">Temperatura barwowa , Ledy<\/span><\/p>\n<\/td>\n<td width=\"353\">\n<p class=\"western\" align=\"left\"><span style=\"font-family: Calibri, serif;\">5500 K, Cree LED<\/span><\/p>\n<\/td>\n<\/tr>\n<tr valign=\"top\">\n<td width=\"221\" height=\"20\">\n<p class=\"western\" align=\"left\"><span style=\"font-family: Calibri, serif;\">K\u0105t padania \u015bwiat\u0142a<\/span><\/p>\n<\/td>\n<td width=\"353\">\n<p class=\"western\" align=\"left\"><span style=\"font-family: Calibri, serif;\">\u00a05 x 8 stopni , 1x 30 stopni<\/span><\/p>\n<\/td>\n<\/tr>\n<tr valign=\"top\">\n<td width=\"221\">\n<p class=\"western\" align=\"left\"><span style=\"font-family: Calibri, serif;\">Zabezpieczenie termiczne<\/span><\/p>\n<\/td>\n<td width=\"353\">\n<p class=\"western\" align=\"left\"><span style=\"font-family: Calibri, serif;\">Wbudowany czujnik temperatury<\/span><\/p>\n<\/td>\n<\/tr>\n<tr valign=\"top\">\n<td width=\"221\">\n<p class=\"western\" align=\"left\"><span style=\"font-family: Calibri, serif;\">Ochrona\u00a0<\/span><\/p>\n<\/td>\n<td width=\"353\">\n<p class=\"western\" align=\"left\"><span style=\"font-family: Calibri, serif;\">Wstrz\u0105sy , Uderzenia , Woda IP68 , Py\u0142y , Wibracje<\/span><\/p>\n<\/td>\n<\/tr>\n<tr valign=\"top\">\n<td width=\"221\">\n<p class=\"western\" align=\"left\"><span style=\"font-family: Calibri, serif;\">Ochrona przed odwrotn\u0105 polaryzacj\u0105<\/span><\/p>\n<\/td>\n<td width=\"353\">\n<p class=\"western\" align=\"left\"><span style=\"font-family: Calibri, serif;\">TAK<\/span><\/p>\n<\/td>\n<\/tr>\n<tr valign=\"top\">\n<td width=\"221\">\n<p class=\"western\" align=\"left\"><span style=\"font-family: Calibri, serif;\">Temperatura otoczenia<\/span><span style=\"font-family: Calibri, serif;\">\u00a0<\/span><\/p>\n<\/td>\n<td width=\"353\">\n<p class=\"western\" align=\"left\"><span style=\"font-family: Calibri, serif;\">-55 C \/ +85 C -67F \/ +185F<\/span><\/p>\n<\/td>\n<\/tr>\n<tr valign=\"top\">\n<td width=\"221\">\n<p class=\"western\" align=\"left\"><span style=\"font-family: Calibri, serif;\">Zasi\u0119g<\/span><\/p>\n<\/td>\n<td width=\"353\">\n<p class=\"western\" align=\"left\"><span style=\"font-family: Calibri, serif;\">do 400 m<\/span><\/p>\n<\/td>\n<\/tr>\n<tr valign=\"top\">\n<td width=\"221\">\n<p class=\"western\" align=\"left\"><span style=\"font-family: Calibri, serif;\">Waga<\/span><\/p>\n<\/td>\n<td width=\"353\">\n<p class=\"western\" align=\"left\"><span style=\"font-family: Calibri, serif;\">LL-85: 550g , 1,32 lb\u00a0<\/span><\/p>\n<\/td>\n<\/tr>\n<\/tbody>\n<\/table>\n<p>&nbsp;<\/p>\n","protected":false},"excerpt":{"rendered":"<p>SYRIUS LL-85 L\u0105dowanie to procedura, w kt\u00f3rej nie ma miejsca na z\u0142e warunki o\u015bwietleniowe. Im lepsza widoczno\u015b\u0107, tym wi\u0119ksze bezpiecze\u0144stwo! Dlatego stworzyli\u015bmy najlepsze \u015bwiat\u0142a do l\u0105dowania , aby zapewni\u0107 znacznie wi\u0119cej ni\u017c wystarczaj\u0105ce o\u015bwietlenie. Niesamowita moc&#8230; <a class=\"more\" href=\"https:\/\/skyflar.com\/pl\/product\/lampa-ladowania-syrius-ll-85\/\"> Wi\u0119cej &rarr;<\/a><\/p>\n","protected":false},"featured_media":25015,"comment_status":"open","ping_status":"closed","template":"","meta":[],"product_cat":[161],"product_tag":[],"acf":[],"aioseo_notices":[],"_links":{"self":[{"href":"https:\/\/skyflar.com\/pl\/wp-json\/wp\/v2\/product\/24635"}],"collection":[{"href":"https:\/\/skyflar.com\/pl\/wp-json\/wp\/v2\/product"}],"about":[{"href":"https:\/\/skyflar.com\/pl\/wp-json\/wp\/v2\/types\/product"}],"replies":[{"embeddable":true,"href":"https:\/\/skyflar.com\/pl\/wp-json\/wp\/v2\/comments?post=24635"}],"version-history":[{"count":5,"href":"https:\/\/skyflar.com\/pl\/wp-json\/wp\/v2\/product\/24635\/revisions"}],"predecessor-version":[{"id":25020,"href":"https:\/\/skyflar.com\/pl\/wp-json\/wp\/v2\/product\/24635\/revisions\/25020"}],"wp:featuredmedia":[{"embeddable":true,"href":"https:\/\/skyflar.com\/pl\/wp-json\/wp\/v2\/media\/25015"}],"wp:attachment":[{"href":"https:\/\/skyflar.com\/pl\/wp-json\/wp\/v2\/media?parent=24635"}],"wp:term":[{"taxonomy":"product_cat","embeddable":true,"href":"https:\/\/skyflar.com\/pl\/wp-json\/wp\/v2\/product_cat?post=24635"},{"taxonomy":"product_tag","embeddable":true,"href":"https:\/\/skyflar.com\/pl\/wp-json\/wp\/v2\/product_tag?post=24635"}],"curies":[{"name":"wp","href":"https:\/\/api.w.org\/{rel}","templated":true}]}}