{"id":24735,"date":"2023-05-30T16:58:37","date_gmt":"2023-05-30T14:58:37","guid":{"rendered":"https:\/\/skyflar.com\/?post_type=product&#038;p=24735"},"modified":"2025-05-16T16:49:16","modified_gmt":"2025-05-16T14:49:16","slug":"orion-rs-200","status":"publish","type":"product","link":"https:\/\/skyflar.com\/pl\/product\/orion-rs-200\/","title":{"rendered":"ORION RS-200"},"content":{"rendered":"<p><strong>ORION RS-200<\/strong><\/p>\n<p>Je\u015bli chodzi o moc i jako\u015b\u0107, nie mo\u017cna znale\u017a\u0107 lepszej opcji o\u015bwietlenia samolotu. Orion RS-200 ma to wszystko! Obejmuje ca\u0142e spektrum o\u015bwietlenia samolotu &#8211; nawigacj\u0119, \u015bwiat\u0142o pozycyjne i stroboskopowe. Pocz\u0105wszy od kompaktowych rozmiar\u00f3w i op\u0142ywowej konstrukcji, zapewnia imponuj\u0105ce \u015bwiat\u0142o stroboskopowe o mocy 100 W, co czyni go najmniejszym i najpot\u0119\u017cniejszym na rynku. Odlew poliuretanowy zapewnia solidn\u0105 konstrukcj\u0119, kt\u00f3ra jest odporna na wstrz\u0105sy, kurz i wod\u0119 oraz sprawia, \u017ce lampy s\u0105 niezniszczalne. Ta wyj\u0105tkowa \u017cywica jest nie tylko niezwykle twarda, ale ma r\u00f3wnie\u017c doskona\u0142\u0105 przewodno\u015b\u0107 ciepln\u0105. Dzi\u0119ki temu lampy mog\u0105 wykorzystywa\u0107 wydajno\u015b\u0107 najnowszych, niezwykle mocnych diod CREE. Ich wydajno\u015b\u0107 i niskie zu\u017cycie energii zapewniaj\u0105 d\u0142ug\u0105 \u017cywotno\u015b\u0107, dzi\u0119ki czemu Orion RS-200 mo\u017ce by\u0107 u\u017cywany przez lata. Co wi\u0119cej, ten specjalny poliuretan jest ekstremalnie odporny na promieniowanie UV, dzi\u0119ki czemu \u015bwiat\u0142a b\u0119d\u0105 wygl\u0105da\u0107 jak nowe nawet zbiegiem czasu.<\/p>\n<p><strong>DANE TECHNICZNE :<\/strong><\/p>\n<table width=\"604\" cellspacing=\"0\" cellpadding=\"7\">\n<tbody>\n<tr valign=\"top\">\n<td width=\"221\">\n<p align=\"left\">Napi\u0119cie zasilania<\/p>\n<\/td>\n<td width=\"353\">\n<p align=\"left\"><span style=\"font-family: Calibri, serif;\"><span style=\"font-size: small;\">12 V DC lub 24 V DC<\/span><\/span><\/p>\n<\/td>\n<\/tr>\n<tr valign=\"top\">\n<td width=\"221\">\n<p align=\"left\"><span style=\"font-family: Calibri, serif;\"><span style=\"font-size: small;\">Pozycyjne \/ Navigacyjne (2 lampy)<\/span><\/span><\/p>\n<\/td>\n<td width=\"353\">\n<p align=\"left\"><span style=\"font-family: Calibri, serif;\"><span style=\"font-size: small;\">6W \/ 0,45 A na 14VDC<\/span><\/span><\/p>\n<\/td>\n<\/tr>\n<tr valign=\"top\">\n<td width=\"221\">\n<p align=\"left\"><span style=\"font-family: Calibri, serif;\"><span style=\"font-size: small;\">Lampy stroboskopowe w b\u0142ysku(2 lampy)<\/span><\/span><\/p>\n<\/td>\n<td width=\"353\">\n<p align=\"left\"><span style=\"font-family: Calibri, serif;\"><span style=\"font-size: small;\">100W b\u0142ysk ,12000 lumen\u00f3w \/ 7 A ana14VDC<\/span><\/span><\/p>\n<\/td>\n<\/tr>\n<tr valign=\"top\">\n<td width=\"221\" height=\"20\">\n<p align=\"left\"><span style=\"font-family: Calibri, serif;\"><span style=\"font-size: small;\">Cz\u0119stotliwo\u015b\u0107 b\u0142ysk\u00f3w<\/span><\/span><\/p>\n<\/td>\n<td width=\"353\">\n<p align=\"left\"><span style=\"font-family: Calibri, serif;\"><span style=\"font-size: small;\">50 cykli \/min<\/span><\/span><\/p>\n<\/td>\n<\/tr>\n<tr valign=\"top\">\n<td width=\"221\">\n<p align=\"left\"><span style=\"font-family: Calibri, serif;\"><span style=\"font-size: small;\">Synchronizacja<\/span><\/span><\/p>\n<\/td>\n<td width=\"353\">\n<p align=\"left\"><span style=\"font-family: Calibri, serif;\"><span style=\"font-size: small;\">Tak<\/span><\/span><\/p>\n<\/td>\n<\/tr>\n<tr valign=\"top\">\n<td width=\"221\">\n<p align=\"left\"><span style=\"font-family: Calibri, serif;\"><span style=\"font-size: small;\">LED sterownik<\/span><\/span><\/p>\n<\/td>\n<td width=\"353\">\n<p align=\"left\"><span style=\"font-family: Calibri, serif;\"><span style=\"font-size: small;\">W lampach\u00a0<\/span><\/span><\/p>\n<\/td>\n<\/tr>\n<tr valign=\"top\">\n<td width=\"221\">\n<p align=\"left\"><span style=\"font-family: Calibri, serif;\"><span style=\"font-size: small;\">Ochrona<\/span><\/span><\/p>\n<\/td>\n<td width=\"353\">\n<p align=\"left\"><span style=\"font-family: Calibri, serif;\"><span style=\"font-size: small;\">Wstrz\u0105sy , uderzenia , woda IP68 , kurz , wibracje<\/span><\/span><\/p>\n<\/td>\n<\/tr>\n<tr valign=\"top\">\n<td width=\"221\">\n<p align=\"left\"><span style=\"font-family: Calibri, serif;\"><span style=\"font-size: small;\">Zasi\u0119g<\/span><\/span><\/p>\n<\/td>\n<td width=\"353\">\n<p align=\"left\"><span style=\"font-family: Calibri, serif;\"><span style=\"font-size: small;\">Oko\u0142o 10 km w ciemno\u015bci<\/span><\/span><\/p>\n<\/td>\n<\/tr>\n<tr valign=\"top\">\n<td width=\"221\">\n<p align=\"left\"><span style=\"font-family: Calibri, serif;\"><span style=\"font-size: small;\">Ochrona przed odwrotn\u0105 polaryzacj\u0105<\/span><\/span><\/p>\n<\/td>\n<td width=\"353\">\n<p align=\"left\"><span style=\"font-family: Calibri, serif;\"><span style=\"font-size: small;\">Tak<\/span><\/span><\/p>\n<\/td>\n<\/tr>\n<tr valign=\"top\">\n<td width=\"221\">\n<p align=\"left\"><span style=\"font-family: Calibri, serif;\"><span style=\"font-size: small;\">Temperatura otoczenia<\/span><\/span><\/p>\n<\/td>\n<td width=\"353\">\n<p align=\"left\"><span style=\"font-family: Calibri, serif;\"><span style=\"font-size: small;\">-55 C \/ +85 C -67F \/ +185F<\/span><\/span><\/p>\n<\/td>\n<\/tr>\n<tr valign=\"top\">\n<td width=\"221\">\n<p align=\"left\"><span style=\"font-family: Calibri, serif;\"><span style=\"font-size: small;\">Rodzaj \u015bruby<\/span><\/span><\/p>\n<\/td>\n<td width=\"353\">\n<p align=\"left\"><span style=\"font-family: Calibri, serif;\"><span style=\"font-size: small;\">M3 Stainless Steel<\/span><\/span><\/p>\n<\/td>\n<\/tr>\n<tr valign=\"top\">\n<td width=\"221\">\n<p align=\"left\"><span style=\"font-family: Calibri, serif;\"><span style=\"font-size: small;\">Waga<\/span><\/span><\/p>\n<\/td>\n<td width=\"353\">\n<p align=\"left\"><span style=\"font-family: Calibri, serif;\"><span style=\"font-size: small;\">70 g ka\u017cda \/ 0,15lb ka\u017cda<\/span><\/span><\/p>\n<\/td>\n<\/tr>\n<\/tbody>\n<\/table>\n","protected":false},"excerpt":{"rendered":"<p>ORION RS-200 Je\u015bli chodzi o moc i jako\u015b\u0107, nie mo\u017cna znale\u017a\u0107 lepszej opcji o\u015bwietlenia samolotu. Orion RS-200 ma to wszystko! Obejmuje ca\u0142e spektrum o\u015bwietlenia samolotu &#8211; nawigacj\u0119, \u015bwiat\u0142o pozycyjne i stroboskopowe. Pocz\u0105wszy od kompaktowych rozmiar\u00f3w i&#8230; <a class=\"more\" href=\"https:\/\/skyflar.com\/pl\/product\/orion-rs-200\/\"> Wi\u0119cej &rarr;<\/a><\/p>\n","protected":false},"featured_media":25072,"comment_status":"open","ping_status":"closed","template":"","meta":[],"product_cat":[53],"product_tag":[],"acf":[],"aioseo_notices":[],"_links":{"self":[{"href":"https:\/\/skyflar.com\/pl\/wp-json\/wp\/v2\/product\/24735"}],"collection":[{"href":"https:\/\/skyflar.com\/pl\/wp-json\/wp\/v2\/product"}],"about":[{"href":"https:\/\/skyflar.com\/pl\/wp-json\/wp\/v2\/types\/product"}],"replies":[{"embeddable":true,"href":"https:\/\/skyflar.com\/pl\/wp-json\/wp\/v2\/comments?post=24735"}],"version-history":[{"count":4,"href":"https:\/\/skyflar.com\/pl\/wp-json\/wp\/v2\/product\/24735\/revisions"}],"predecessor-version":[{"id":25087,"href":"https:\/\/skyflar.com\/pl\/wp-json\/wp\/v2\/product\/24735\/revisions\/25087"}],"wp:featuredmedia":[{"embeddable":true,"href":"https:\/\/skyflar.com\/pl\/wp-json\/wp\/v2\/media\/25072"}],"wp:attachment":[{"href":"https:\/\/skyflar.com\/pl\/wp-json\/wp\/v2\/media?parent=24735"}],"wp:term":[{"taxonomy":"product_cat","embeddable":true,"href":"https:\/\/skyflar.com\/pl\/wp-json\/wp\/v2\/product_cat?post=24735"},{"taxonomy":"product_tag","embeddable":true,"href":"https:\/\/skyflar.com\/pl\/wp-json\/wp\/v2\/product_tag?post=24735"}],"curies":[{"name":"wp","href":"https:\/\/api.w.org\/{rel}","templated":true}]}}