{"id":24908,"date":"2024-02-23T11:40:10","date_gmt":"2024-02-23T10:40:10","guid":{"rendered":"https:\/\/skyflar.com\/?post_type=product&#038;p=24908"},"modified":"2025-05-16T16:54:08","modified_gmt":"2025-05-16T14:54:08","slug":"landing-light-altair-ll-64","status":"publish","type":"product","link":"https:\/\/skyflar.com\/pl\/product\/landing-light-altair-ll-64\/","title":{"rendered":"LANDING LIGHT ALTAIR LL-64"},"content":{"rendered":"<p><strong>ALTAIR LL-64<\/strong><\/p>\n<p>Ka\u017cdy lot jest wyj\u0105tkowy. Czasami jednak zdarza si\u0119, \u017ce zmierzch zapada wcze\u015bniej lub zachmurzenie jest tak du\u017ce, \u017ce widoczno\u015b\u0107 jest bardzo s\u0142aba, nawet je\u015bli jest jeszcze dzie\u0144. W lotnictwie nie ma miejsca na s\u0142ab\u0105 widoczno\u015b\u0107, wi\u0119c zawsze trzeba by\u0107 przygotowanym. Lampa do l\u0105dowania Altair LL-64 30W LED doskonale rozja\u015bni l\u0105dowania w niesprzyjaj\u0105cych warunkach. Jego niewielka waga i rozmiar pozwalaj\u0105 na monta\u017c w niemal dowolnym miejscu w samolocie. Pomaga w tym praktyczny uchwyt lub mo\u017cliwo\u015b\u0107 zamontowania lampy z przodu. To kompaktowe i wydajne \u015bwiat\u0142o do l\u0105dowania jest niezb\u0119dne dla ka\u017cdego, kto lata.<\/p>\n<p>Kompatybilny z modu\u0142em WIG-WAG\/PULSE .<\/p>\n<p><strong>DANE TECHNICZNE :<\/strong><\/p>\n<table width=\"1057\" cellspacing=\"0\" cellpadding=\"13\">\n<tbody>\n<tr valign=\"top\">\n<td width=\"386\">\n<p align=\"left\">Napi\u0119cie zasilania<\/p>\n<\/td>\n<td width=\"618\">\n<p align=\"left\"><span lang=\"pl-PL\">1<\/span><span lang=\"pl-PL\">2<\/span><span lang=\"pl-PL\">V DC &#8211;<\/span><span lang=\"pl-PL\">15<\/span><span lang=\"pl-PL\">V DC<\/span><\/p>\n<\/td>\n<\/tr>\n<tr valign=\"top\">\n<td width=\"386\">\n<p align=\"left\">Moc<\/p>\n<\/td>\n<td width=\"618\">\n<p align=\"left\"><span lang=\"pl-PL\">30 W , 4<\/span><span lang=\"pl-PL\">000 lumen\u00f3w<\/span><\/p>\n<\/td>\n<\/tr>\n<tr valign=\"top\">\n<td width=\"386\">\n<p align=\"left\">Pob\u00f3r pr\u0105du<\/p>\n<\/td>\n<td width=\"618\">\n<p align=\"left\"><span lang=\"pl-PL\">2,4 <\/span><span lang=\"pl-PL\">A na <\/span><span lang=\"pl-PL\">12<\/span><span lang=\"pl-PL\">V<\/span><\/p>\n<\/td>\n<\/tr>\n<tr valign=\"top\">\n<td width=\"386\" height=\"33\">\n<p align=\"left\">Temperatura barwowa , Ledy<\/p>\n<\/td>\n<td width=\"618\">\n<p align=\"left\">5500 K, Cree Leds<\/p>\n<\/td>\n<\/tr>\n<tr valign=\"top\">\n<td width=\"386\" height=\"33\">\n<p align=\"left\">Diody<\/p>\n<\/td>\n<td width=\"618\">\n<p align=\"left\">XHP 70.2<\/p>\n<\/td>\n<\/tr>\n<tr valign=\"top\">\n<td width=\"386\" height=\"33\">\n<p align=\"left\">K\u0105t padania \u015bwiat\u0142a<\/p>\n<\/td>\n<td width=\"618\">\n<p align=\"left\">8 stopni<\/p>\n<\/td>\n<\/tr>\n<tr valign=\"top\">\n<td width=\"386\">\n<p align=\"left\">Zabezpieczenie termiczne<\/p>\n<\/td>\n<td width=\"618\">\n<p align=\"left\">Wbudowany czujnik temperatury<\/p>\n<\/td>\n<\/tr>\n<tr valign=\"top\">\n<td width=\"386\">\n<p align=\"left\">Ochrona<\/p>\n<\/td>\n<td width=\"618\">\n<p align=\"left\">Wstrz\u0105sy , Uderzenia , Woda IP68 , Py\u0142y , Wibracje<\/p>\n<\/td>\n<\/tr>\n<tr valign=\"top\">\n<td width=\"386\">\n<p align=\"left\">Ochrona przed odwrotn\u0105 polaryzacj\u0105<\/p>\n<\/td>\n<td width=\"618\">\n<p align=\"left\">TAK<\/p>\n<\/td>\n<\/tr>\n<tr valign=\"top\">\n<td width=\"386\">\n<p align=\"left\">Temperatura otoczenia<\/p>\n<\/td>\n<td width=\"618\">\n<p align=\"left\">-55 C \/ +85 C -67F \/ +185F<\/p>\n<\/td>\n<\/tr>\n<tr valign=\"top\">\n<td width=\"386\">\n<p align=\"left\">Zasi\u0119g<\/p>\n<\/td>\n<td width=\"618\">\n<p align=\"left\">Oko\u0142o 150m<\/p>\n<\/td>\n<\/tr>\n<tr valign=\"top\">\n<td width=\"386\">\n<p align=\"left\">Waga<\/p>\n<\/td>\n<td width=\"618\">\n<p align=\"left\">250 g \/ 0.55 lb<\/p>\n<\/td>\n<\/tr>\n<\/tbody>\n<\/table>\n","protected":false},"excerpt":{"rendered":"<p>ALTAIR LL-64 Ka\u017cdy lot jest wyj\u0105tkowy. Czasami jednak zdarza si\u0119, \u017ce zmierzch zapada wcze\u015bniej lub zachmurzenie jest tak du\u017ce, \u017ce widoczno\u015b\u0107 jest bardzo s\u0142aba, nawet je\u015bli jest jeszcze dzie\u0144. W lotnictwie nie ma miejsca na s\u0142ab\u0105&#8230; <a class=\"more\" href=\"https:\/\/skyflar.com\/pl\/product\/landing-light-altair-ll-64\/\"> Wi\u0119cej &rarr;<\/a><\/p>\n","protected":false},"featured_media":24983,"comment_status":"open","ping_status":"closed","template":"","meta":[],"product_cat":[161],"product_tag":[],"acf":[],"aioseo_notices":[],"_links":{"self":[{"href":"https:\/\/skyflar.com\/pl\/wp-json\/wp\/v2\/product\/24908"}],"collection":[{"href":"https:\/\/skyflar.com\/pl\/wp-json\/wp\/v2\/product"}],"about":[{"href":"https:\/\/skyflar.com\/pl\/wp-json\/wp\/v2\/types\/product"}],"replies":[{"embeddable":true,"href":"https:\/\/skyflar.com\/pl\/wp-json\/wp\/v2\/comments?post=24908"}],"version-history":[{"count":3,"href":"https:\/\/skyflar.com\/pl\/wp-json\/wp\/v2\/product\/24908\/revisions"}],"predecessor-version":[{"id":24990,"href":"https:\/\/skyflar.com\/pl\/wp-json\/wp\/v2\/product\/24908\/revisions\/24990"}],"wp:featuredmedia":[{"embeddable":true,"href":"https:\/\/skyflar.com\/pl\/wp-json\/wp\/v2\/media\/24983"}],"wp:attachment":[{"href":"https:\/\/skyflar.com\/pl\/wp-json\/wp\/v2\/media?parent=24908"}],"wp:term":[{"taxonomy":"product_cat","embeddable":true,"href":"https:\/\/skyflar.com\/pl\/wp-json\/wp\/v2\/product_cat?post=24908"},{"taxonomy":"product_tag","embeddable":true,"href":"https:\/\/skyflar.com\/pl\/wp-json\/wp\/v2\/product_tag?post=24908"}],"curies":[{"name":"wp","href":"https:\/\/api.w.org\/{rel}","templated":true}]}}