{"id":24938,"date":"2024-03-01T19:36:57","date_gmt":"2024-03-01T18:36:57","guid":{"rendered":"https:\/\/skyflar.com\/?post_type=product&#038;p=24938"},"modified":"2025-06-13T20:30:57","modified_gmt":"2025-06-13T18:30:57","slug":"wig-wag-pulse-module","status":"publish","type":"product","link":"https:\/\/skyflar.com\/pl\/product\/wig-wag-pulse-module\/","title":{"rendered":"WIG-WAG \/ PULSE module"},"content":{"rendered":"<p><strong>WIG-WAG\/PULSE MODULE<\/strong><\/p>\n<p>Je\u015bli masz \u015bwiat\u0142a lub \u015bwiat\u0142a l\u0105dowania w swoim samolocie, mo\u017cesz wyposa\u017cy\u0107 je w nasz modu\u0142, kt\u00f3ry zapewni Ci jeszcze wi\u0119ksze bezpiecze\u0144stwo w ruchu lotniczym. Twoje \u015bwiat\u0142a mog\u0105 miga\u0107 naprzemiennie lub dzia\u0142a\u0107 w trybie pulsacyjnym. Dzi\u0119ki niewielkim wymiarom modu\u0142 pasuje do ka\u017cdego panelu sterowania.<\/p>\n<p><strong>DANE TECHNICZNE:<\/strong><\/p>\n<table>\n<tbody>\n<tr>\n<td width=\"302\">Napi\u0119cie zasilania<\/td>\n<td width=\"302\">10V DC -30V DC<\/td>\n<\/tr>\n<tr>\n<td width=\"302\">Maksymalna moc na stron\u0119<\/td>\n<td width=\"302\">2 x 10A<\/td>\n<\/tr>\n<tr>\n<td width=\"302\">Zabezpieczenie nadpr\u0105dowe<\/td>\n<td width=\"302\">Tak<\/td>\n<\/tr>\n<tr>\n<td width=\"302\">Zabezpieczenie przed odwrotn\u0105 polaryzacj\u0105<\/td>\n<td width=\"302\">Tak<\/td>\n<\/tr>\n<tr>\n<td width=\"302\">Waga<\/td>\n<td width=\"302\">20g \/ 0,04lb<\/td>\n<\/tr>\n<tr>\n<td width=\"302\">Temperatura otoczenia<\/td>\n<td width=\"302\">-30 C \/ +85 C\u00a0\u00a0\u00a0\u00a0\u00a0\u00a0\u00a0 -22F \/ +185F<\/td>\n<\/tr>\n<\/tbody>\n<\/table>\n","protected":false},"excerpt":{"rendered":"<p>WIG-WAG\/PULSE MODULE Je\u015bli masz \u015bwiat\u0142a lub \u015bwiat\u0142a l\u0105dowania w swoim samolocie, mo\u017cesz wyposa\u017cy\u0107 je w nasz modu\u0142, kt\u00f3ry zapewni Ci jeszcze wi\u0119ksze bezpiecze\u0144stwo w ruchu lotniczym. Twoje \u015bwiat\u0142a mog\u0105 miga\u0107 naprzemiennie lub dzia\u0142a\u0107 w trybie pulsacyjnym&#8230;. <a class=\"more\" href=\"https:\/\/skyflar.com\/pl\/product\/wig-wag-pulse-module\/\"> Wi\u0119cej &rarr;<\/a><\/p>\n","protected":false},"featured_media":25057,"comment_status":"open","ping_status":"closed","template":"","meta":[],"product_cat":[161],"product_tag":[],"acf":[],"aioseo_notices":[],"_links":{"self":[{"href":"https:\/\/skyflar.com\/pl\/wp-json\/wp\/v2\/product\/24938"}],"collection":[{"href":"https:\/\/skyflar.com\/pl\/wp-json\/wp\/v2\/product"}],"about":[{"href":"https:\/\/skyflar.com\/pl\/wp-json\/wp\/v2\/types\/product"}],"replies":[{"embeddable":true,"href":"https:\/\/skyflar.com\/pl\/wp-json\/wp\/v2\/comments?post=24938"}],"version-history":[{"count":4,"href":"https:\/\/skyflar.com\/pl\/wp-json\/wp\/v2\/product\/24938\/revisions"}],"predecessor-version":[{"id":25689,"href":"https:\/\/skyflar.com\/pl\/wp-json\/wp\/v2\/product\/24938\/revisions\/25689"}],"wp:featuredmedia":[{"embeddable":true,"href":"https:\/\/skyflar.com\/pl\/wp-json\/wp\/v2\/media\/25057"}],"wp:attachment":[{"href":"https:\/\/skyflar.com\/pl\/wp-json\/wp\/v2\/media?parent=24938"}],"wp:term":[{"taxonomy":"product_cat","embeddable":true,"href":"https:\/\/skyflar.com\/pl\/wp-json\/wp\/v2\/product_cat?post=24938"},{"taxonomy":"product_tag","embeddable":true,"href":"https:\/\/skyflar.com\/pl\/wp-json\/wp\/v2\/product_tag?post=24938"}],"curies":[{"name":"wp","href":"https:\/\/api.w.org\/{rel}","templated":true}]}}