{"id":25246,"date":"2024-07-19T15:11:57","date_gmt":"2024-07-19T13:11:57","guid":{"rendered":"https:\/\/skyflar.com\/?post_type=product&#038;p=25246"},"modified":"2025-06-13T20:16:05","modified_gmt":"2025-06-13T18:16:05","slug":"safestrobes-sf-new","status":"publish","type":"product","link":"https:\/\/skyflar.com\/pl\/product\/safestrobes-sf-new\/","title":{"rendered":"SAFESTROBES SF NEW"},"content":{"rendered":"<p><strong>SAFESTROBES SF NEW<\/strong><\/p>\n<p>Czym latasz teraz? Czym b\u0119dziesz lata\u0107 w przysz\u0142o\u015bci? Nigdy nie wiadomo, ale na pewno musisz by\u0107 widoczny, a wi\u0119c bezpieczny. Z tego powodu stworzyli\u015bmy now\u0105 ods\u0142on\u0119 kultowego produktu Skyflar &#8211; SAFESTROBES SF NEW. To zestaw, kt\u00f3ry rozwija si\u0119 wraz z pasj\u0105 do latania. Sercem SAFESTROBES SF NEW jest oddzielny sterownik (splitter box), kt\u00f3ry mo\u017cna rozbudowywa\u0107 o kolejne lampy i kt\u00f3ry jest wielofunkcyjny. Zaczynaj\u0105c od 1 \u015bwiat\u0142a stroboskopowego, mo\u017ce pomie\u015bci\u0107\u00a0 a\u017c do 4 \u015bwiate\u0142 LED jednocze\u015bnie. Mo\u017cna wybiera\u0107 mi\u0119dzy bia\u0142ym \u015bwiat\u0142em nawigacyjnym, czerwonym \u015bwiat\u0142em nawigacyjnym i bocznymi zielonymi\/czerwonymi ko\u0144c\u00f3wkami skrzyde\u0142 (nawigacja\/stroboskop\/\u015bwiat\u0142a pozycyjne). Je\u015bli wi\u0119c posiadasz wersj\u0119 z pojedynczymi lub podw\u00f3jnymi \u015bwiat\u0142ami, w przysz\u0142o\u015bci mo\u017cesz doda\u0107 wingipy, bez konieczno\u015bci kupowania nowego zestawu. Trzy gniazda s\u0105 zsynchronizowane, czwarte dzia\u0142a naprzemiennie. Mo\u017cesz zmieni\u0107 sekwencj\u0119 migania w zale\u017cno\u015bci od wymaga\u0144 lub nawet pozostawi\u0107 sta\u0142e \u015bwiat\u0142o dla lepszej widoczno\u015bci na ziemi.<br \/>\nSAFESTROBES SF NEW Jest dwa razy mocniejsza i jeszcze \u0142atwiejsza w monta\u017cu. Odlew poliuretanowy zapewnia solidn\u0105 konstrukcj\u0119 lamp. Jest odporny na wstrz\u0105sy, kurz i wod\u0119, dzi\u0119ki czemu lampy s\u0105 &#8220;niezniszczalne&#8221;. Ta wyj\u0105tkowa \u017cywica jest nie tylko niezwykle twarda, ale ma r\u00f3wnie\u017c doskona\u0142\u0105 przewodno\u015b\u0107 ciepln\u0105, dzi\u0119ki czemu lampy mog\u0105 wykorzystywa\u0107 wydajno\u015b\u0107 najnowszych, niezwykle mocnych diod CREE. Wysoka wydajno\u015b\u0107 produktu i niskie zu\u017cycie energii zapewnia d\u0142ug\u0105 jego \u017cywotno\u015b\u0107, wi\u0119c SAFESTROBES SF NEW to produkt na lata!<\/p>\n<p>&nbsp;<\/p>\n<p class=\"western\"><strong>DANE TECHNICZNE :<\/strong><\/p>\n<table width=\"906\" cellspacing=\"0\" cellpadding=\"11\">\n<tbody>\n<tr valign=\"top\">\n<td width=\"331\">\n<p class=\"western\" align=\"left\"><span style=\"font-size: small;\"><span lang=\"pl-PL\">Napi\u0119cie zasilania<\/span><\/span><\/p>\n<\/td>\n<td width=\"529\">\n<p class=\"western\" align=\"left\"><span style=\"color: #000000;\"><span style=\"font-size: small;\"><span lang=\"pl-PL\">9 -30 <\/span><\/span><\/span><span style=\"font-size: small;\"><span lang=\"pl-PL\">V DC<\/span><\/span><\/p>\n<\/td>\n<\/tr>\n<tr valign=\"top\">\n<td width=\"331\">\n<p class=\"western\" align=\"left\"><span style=\"font-size: small;\"><span lang=\"pl-PL\"> Lampy stroboskopowe w b\u0142ysku(2 lampy)<\/span><\/span><\/p>\n<\/td>\n<td width=\"529\">\n<p class=\"western\" align=\"left\"><span style=\"font-size: small;\"><span lang=\"pl-PL\">6W \/ 0,45 A at 14V DC<\/span><\/span><\/p>\n<\/td>\n<\/tr>\n<tr valign=\"top\">\n<td width=\"331\">\n<p class=\"western\" align=\"left\">Lampy stroboskopowe w b\u0142ysku(2 lampy)<\/p>\n<\/td>\n<td width=\"529\">\n<p class=\"western\" align=\"left\"><span style=\"font-size: small;\"><span lang=\"pl-PL\">120 W b\u0142ysk ,15000 lumens \/ 8 A at 14V DC<\/span><\/span><\/p>\n<\/td>\n<\/tr>\n<tr valign=\"top\">\n<td width=\"331\" height=\"28\">\n<p class=\"western\" align=\"left\">Cz\u0119stotliwo\u015b\u0107 b\u0142ysk\u00f3w<\/p>\n<\/td>\n<td width=\"529\">\n<p class=\"western\" align=\"left\"><span style=\"color: #000000; font-size: small;\">45 cykli na minut\u0119<\/span><\/p>\n<\/td>\n<\/tr>\n<tr valign=\"top\">\n<td width=\"331\">\n<p class=\"western\" align=\"left\">Synchronizacja<\/p>\n<\/td>\n<td width=\"529\">\n<p class=\"western\" align=\"left\"><span style=\"font-size: small;\"><span lang=\"pl-PL\">Tak<\/span><\/span><\/p>\n<\/td>\n<\/tr>\n<tr valign=\"top\">\n<td width=\"331\">\n<p class=\"western\" align=\"left\">LED sterownik<\/p>\n<\/td>\n<td width=\"529\">\n<p class=\"western\" align=\"left\"><span style=\"color: #000000; font-size: small;\">Oddzielny\u00a0<\/span><\/p>\n<\/td>\n<\/tr>\n<tr valign=\"top\">\n<td width=\"331\">\n<p class=\"western\" align=\"left\">Ochrona<\/p>\n<\/td>\n<td width=\"529\">\n<p class=\"western\" align=\"left\">Wstrz\u0105sy , uderzenia , woda IP68 , kurz , wibracje<\/p>\n<\/td>\n<\/tr>\n<tr valign=\"top\">\n<td width=\"331\">\n<p class=\"western\" align=\"left\">Zasi\u0119g<\/p>\n<\/td>\n<td width=\"529\">\n<p class=\"western\" align=\"left\"><span style=\"font-size: small;\"><span lang=\"pl-PL\">oko\u0142o 15 km w ciemno\u015bci<\/span><\/span><\/p>\n<\/td>\n<\/tr>\n<tr valign=\"top\">\n<td width=\"331\">\n<p class=\"western\" align=\"left\">Ochrona przed odwrotn\u0105 polaryzacj\u0105<\/p>\n<\/td>\n<td width=\"529\">\n<p class=\"western\" align=\"left\"><span style=\"font-size: small;\"><span lang=\"pl-PL\">Tak<\/span><\/span><\/p>\n<\/td>\n<\/tr>\n<tr valign=\"top\">\n<td width=\"331\">\n<p class=\"western\" align=\"left\"><span style=\"font-size: small;\"><span lang=\"pl-PL\">Temperatura otoczenia<\/span><\/span><\/p>\n<\/td>\n<td width=\"529\">\n<p class=\"western\" align=\"left\"><span style=\"font-size: small;\"><span lang=\"pl-PL\">-55 C \/ +85 C -67F \/ +185F<\/span><\/span><\/p>\n<\/td>\n<\/tr>\n<tr valign=\"top\">\n<td width=\"331\">\n<p class=\"western\" align=\"left\"><span style=\"font-size: small;\"><span lang=\"pl-PL\">Waga :<\/span><\/span><\/p>\n<\/td>\n<td width=\"529\">\n<p class=\"western\" align=\"left\"><span style=\"font-size: small;\"><span lang=\"pl-PL\">Sterownik : 230 g<\/span><\/span><\/p>\n<p class=\"western\" align=\"left\"><span style=\"font-size: small;\"><span lang=\"pl-PL\">Nawigacyjno-stroboskopowe : 80 g ka\u017cda<\/span><\/span><\/p>\n<p class=\"western\" align=\"left\"><span style=\"font-size: small;\"><span lang=\"pl-PL\">Stroboskop\u00a0 60 g ka\u017cda<\/span><\/span><\/p>\n<\/td>\n<\/tr>\n<tr valign=\"top\">\n<td width=\"331\"><\/td>\n<td width=\"529\"><\/td>\n<\/tr>\n<\/tbody>\n<\/table>\n<p class=\"western\" align=\"center\">\n","protected":false},"excerpt":{"rendered":"<p>SAFESTROBES SF NEW Czym latasz teraz? Czym b\u0119dziesz lata\u0107 w przysz\u0142o\u015bci? Nigdy nie wiadomo, ale na pewno musisz by\u0107 widoczny, a wi\u0119c bezpieczny. Z tego powodu stworzyli\u015bmy now\u0105 ods\u0142on\u0119 kultowego produktu Skyflar &#8211; SAFESTROBES SF NEW&#8230;. <a class=\"more\" href=\"https:\/\/skyflar.com\/pl\/product\/safestrobes-sf-new\/\"> Wi\u0119cej &rarr;<\/a><\/p>\n","protected":false},"featured_media":25152,"comment_status":"open","ping_status":"closed","template":"","meta":[],"product_cat":[53],"product_tag":[],"acf":[],"aioseo_notices":[],"_links":{"self":[{"href":"https:\/\/skyflar.com\/pl\/wp-json\/wp\/v2\/product\/25246"}],"collection":[{"href":"https:\/\/skyflar.com\/pl\/wp-json\/wp\/v2\/product"}],"about":[{"href":"https:\/\/skyflar.com\/pl\/wp-json\/wp\/v2\/types\/product"}],"replies":[{"embeddable":true,"href":"https:\/\/skyflar.com\/pl\/wp-json\/wp\/v2\/comments?post=25246"}],"version-history":[{"count":4,"href":"https:\/\/skyflar.com\/pl\/wp-json\/wp\/v2\/product\/25246\/revisions"}],"predecessor-version":[{"id":25375,"href":"https:\/\/skyflar.com\/pl\/wp-json\/wp\/v2\/product\/25246\/revisions\/25375"}],"wp:featuredmedia":[{"embeddable":true,"href":"https:\/\/skyflar.com\/pl\/wp-json\/wp\/v2\/media\/25152"}],"wp:attachment":[{"href":"https:\/\/skyflar.com\/pl\/wp-json\/wp\/v2\/media?parent=25246"}],"wp:term":[{"taxonomy":"product_cat","embeddable":true,"href":"https:\/\/skyflar.com\/pl\/wp-json\/wp\/v2\/product_cat?post=25246"},{"taxonomy":"product_tag","embeddable":true,"href":"https:\/\/skyflar.com\/pl\/wp-json\/wp\/v2\/product_tag?post=25246"}],"curies":[{"name":"wp","href":"https:\/\/api.w.org\/{rel}","templated":true}]}}