{"id":25546,"date":"2025-04-15T11:18:33","date_gmt":"2025-04-15T09:18:34","guid":{"rendered":"https:\/\/skyflar.com\/?post_type=product&#038;p=25546"},"modified":"2025-04-15T12:09:27","modified_gmt":"2025-04-15T10:09:27","slug":"orion-rs-100-white-strobe-light","status":"publish","type":"product","link":"https:\/\/skyflar.com\/pl\/product\/orion-rs-100-white-strobe-light\/","title":{"rendered":"ORION RS-100 Bia\u0142a lampa stroboskopowa"},"content":{"rendered":"<p><strong>ORION RS-100 Bia\u0142a lampa stroboskopowa<\/strong><\/p>\n<p>Poznaj now\u0105 jako\u015b\u0107 bezpiecze\u0144stwa w lotnictwie ultralekkim! Nowoczesna lampa stroboskopowa\/ogonowa Orion RS-100 to po\u0142\u0105czenie najwy\u017cszej klasy technologii i kompaktowej konstrukcji. Dzi\u0119ki pot\u0119\u017cnemu strumieniowi \u015bwiat\u0142a, zamkni\u0119temu w kompaktowej formie, zapewnia doskona\u0142\u0105 widoczno\u015b\u0107 i bezpiecze\u0144stwo w ka\u017cdych warunkach. Zaprojektowana z niezwyk\u0142\u0105 precyzj\u0105, wykorzystuje najnowsze technologie i podzespo\u0142y elektroniczne, gwarantuj\u0105c niezawodno\u015b\u0107 w ka\u017cdej sytuacji. Jej trwa\u0142o\u015b\u0107 jest imponuj\u0105ca &#8211; odporno\u015b\u0107 na wod\u0119 (IP68), kurz, wibracje i promieniowanie UV sprawia, \u017ce zachowuje krystaliczn\u0105 jasno\u015b\u0107 i pe\u0142n\u0105 funkcjonalno\u015b\u0107 przez d\u0142ugie lata. Poliuretanowa obudowa to gwarancja wytrzyma\u0142o\u015bci nawet w ekstremalnych warunkach. Wyprodukowany w Polsce przez dynamicznie rozwijaj\u0105c\u0105 si\u0119 firm\u0119 SKYFLAR &#8211; z pasj\u0105, dum\u0105 i dba\u0142o\u015bci\u0105 o najwy\u017csze standardy.<\/p>\n<p><strong>SPECYFIKACJA<\/strong><\/p>\n<table width=\"923\" cellspacing=\"0\" cellpadding=\"11\">\n<tbody>\n<tr valign=\"top\">\n<td width=\"323\">\n<p align=\"left\"><span style=\"font-family: Calibri, sans-serif;\"><span style=\"font-size: medium;\">Napi\u0119cia zasilania<\/span><\/span><\/p>\n<\/td>\n<td width=\"554\">\n<p align=\"left\"><span style=\"font-family: Calibri, sans-serif;\"><span style=\"font-size: medium;\">Tylko 12 VDC<\/span><\/span><\/p>\n<\/td>\n<\/tr>\n<tr valign=\"top\">\n<td width=\"323\">\n<p align=\"left\"><span style=\"font-family: Calibri, sans-serif;\"><span style=\"font-size: medium;\">Moc <\/span><\/span><\/p>\n<\/td>\n<td width=\"554\">\n<p align=\"left\"><span style=\"font-family: Calibri, sans-serif;\"><span style=\"font-size: medium;\"><span lang=\"pl-PL\">4<\/span><span lang=\"pl-PL\">A<\/span><span lang=\"pl-PL\">(maks.)<\/span><span lang=\"pl-PL\"> przy 14 VDC <\/span> <\/span><\/span><\/p>\n<\/td>\n<\/tr>\n<tr valign=\"top\">\n<td width=\"323\">\n<p align=\"left\"><span style=\"font-family: Calibri, sans-serif;\"><span style=\"font-size: medium;\">\u015awiat\u0142o stroboskopowe w b\u0142ysku<\/span><\/span><\/p>\n<\/td>\n<td width=\"554\">\n<p align=\"left\"><span style=\"font-family: Calibri, sans-serif;\"><span style=\"font-size: medium;\"><span lang=\"pl-PL\">56<\/span><span lang=\"pl-PL\">W peak ,<\/span><span lang=\"pl-PL\">6500<\/span><span lang=\"pl-PL\"> lumen\u00f3w <\/span> <\/span><\/span><\/p>\n<\/td>\n<\/tr>\n<tr valign=\"top\">\n<td width=\"323\">\n<p align=\"left\"><span style=\"font-family: Calibri, sans-serif;\"><span style=\"font-size: medium;\">Czas b\u0142ysku<\/span><\/span><\/p>\n<\/td>\n<td width=\"554\">\n<p align=\"left\"><span style=\"font-family: Calibri, sans-serif;\"><span style=\"font-size: medium;\">75 ms<\/span><\/span><\/p>\n<\/td>\n<\/tr>\n<tr valign=\"top\">\n<td width=\"323\">\n<p align=\"left\"><span style=\"font-family: Calibri, sans-serif;\"><span style=\"font-size: medium;\">Cz\u0119stotliwo\u015b\u0107 b\u0142ysku<\/span><\/span><\/p>\n<\/td>\n<td width=\"554\">\n<p align=\"left\"><span style=\"font-family: Calibri, sans-serif;\"><span style=\"font-size: medium;\"><span lang=\"pl-PL\">Podw\u00f3jny<\/span><span lang=\"pl-PL\"> b\u0142ysk , <\/span><span lang=\"pl-PL\">48<\/span><span lang=\"pl-PL\"> cykli<\/span><span lang=\"pl-PL\"> na minut\u0119<\/span><\/span><\/span><\/p>\n<\/td>\n<\/tr>\n<tr valign=\"top\">\n<td width=\"323\">\n<p align=\"left\"><span style=\"font-family: Calibri, sans-serif;\"><span style=\"font-size: medium;\">Synchronizacja<\/span><\/span><\/p>\n<\/td>\n<td width=\"554\">\n<p align=\"left\"><span style=\"font-family: Calibri, sans-serif;\"><span style=\"font-size: medium;\"><span lang=\"pl-PL\">TAK <\/span><span lang=\"pl-PL\">ze \u015b<\/span><span lang=\"pl-PL\">wiat\u0142em ogonowym Orion RS-100 i RS-200 <\/span> <\/span><\/span><\/p>\n<p align=\"left\"><span style=\"font-family: Calibri, sans-serif;\"><span style=\"font-size: medium;\"><span lang=\"pl-PL\">(<\/span><span lang=\"pl-PL\">Alternatywna synchronizacja z czerwonym stroboskopem Orion RS-100)<\/span><\/span><\/span><\/p>\n<\/td>\n<\/tr>\n<tr valign=\"top\">\n<td width=\"323\">\n<p align=\"left\"><span style=\"font-family: Calibri, sans-serif;\"><span style=\"font-size: medium;\">Kontroler LED<\/span><\/span><\/p>\n<\/td>\n<td width=\"554\">\n<p align=\"left\"><span style=\"font-family: Calibri, sans-serif;\"><span style=\"font-size: medium;\">Wewn\u0105trz lamp<\/span><\/span><\/p>\n<\/td>\n<\/tr>\n<tr valign=\"top\">\n<td width=\"323\">\n<p align=\"left\"><span style=\"font-family: Calibri, sans-serif;\"><span style=\"font-size: medium;\">Ochrona<\/span><\/span><\/p>\n<\/td>\n<td width=\"554\">\n<p align=\"left\"><span style=\"font-family: Calibri, sans-serif;\"><span style=\"font-size: medium;\">Wstrz\u0105sy , Uderzenia , Woda IP68 , Py\u0142 , Wibracje<\/span><\/span><\/p>\n<\/td>\n<\/tr>\n<tr valign=\"top\">\n<td width=\"323\">\n<p align=\"left\"><span style=\"font-family: Calibri, sans-serif;\"><span style=\"font-size: medium;\">Zasi\u0119g<\/span><\/span><\/p>\n<\/td>\n<td width=\"554\">\n<p align=\"left\"><span style=\"font-family: Calibri, sans-serif;\"><span style=\"font-size: medium;\"><span lang=\"pl-PL\">Oko\u0142o<\/span> <span lang=\"pl-PL\">10<\/span><span lang=\"pl-PL\"> km w ciemno\u015bci<\/span><\/span><\/span><\/p>\n<\/td>\n<\/tr>\n<tr valign=\"top\">\n<td width=\"323\">\n<p align=\"left\"><span style=\"font-family: Calibri, sans-serif;\"><span style=\"font-size: medium;\">Zabezpieczenie przed odwrotn\u0105 polaryzacj\u0105<\/span><\/span><\/p>\n<\/td>\n<td width=\"554\">\n<p align=\"left\"><span style=\"font-family: Calibri, sans-serif;\"><span style=\"font-size: medium;\">TAK<\/span><\/span><\/p>\n<\/td>\n<\/tr>\n<tr valign=\"top\">\n<td width=\"323\">\n<p align=\"left\"><span style=\"font-family: Calibri, sans-serif;\"><span style=\"font-size: medium;\">Czujnik termiczny<\/span><\/span><\/p>\n<\/td>\n<td width=\"554\">\n<p align=\"left\"><span style=\"font-family: Calibri, sans-serif;\"><span style=\"font-size: medium;\">TAK<\/span><\/span><\/p>\n<\/td>\n<\/tr>\n<tr valign=\"top\">\n<td width=\"323\">\n<p align=\"left\"><span style=\"font-family: Calibri, sans-serif;\"><span style=\"font-size: medium;\">Zabezpieczenie podnapi\u0119ciowe<\/span><\/span><\/p>\n<\/td>\n<td width=\"554\">\n<p align=\"left\"><span style=\"font-family: Calibri, sans-serif;\"><span style=\"font-size: medium;\">TAK<\/span><\/span><\/p>\n<\/td>\n<\/tr>\n<tr valign=\"top\">\n<td width=\"323\">\n<p align=\"left\"><span style=\"font-family: Calibri, sans-serif;\"><span style=\"font-size: medium;\">Ochrona przeciwprzepi\u0119ciowa<\/span><\/span><\/p>\n<\/td>\n<td width=\"554\">\n<p align=\"left\"><span style=\"font-family: Calibri, sans-serif;\"><span style=\"font-size: medium;\">NIE<\/span><\/span><\/p>\n<\/td>\n<\/tr>\n<tr valign=\"top\">\n<td width=\"323\">\n<p align=\"left\"><span style=\"font-family: Calibri, sans-serif;\"><span style=\"font-size: medium;\"><span lang=\"pl-PL\">W<\/span><span lang=\"pl-PL\">i<\/span><span lang=\"pl-PL\">res Typ \/ <\/span><span lang=\"pl-PL\">d\u0142ugo\u015b\u0107<\/span><\/span><\/span><\/p>\n<\/td>\n<td width=\"554\">\n<p align=\"left\"><span style=\"font-family: Calibri, sans-serif;\"><span style=\"font-size: medium;\"><span lang=\"pl-PL\">20AWG \/ 0,5mm2 \/ <\/span><span lang=\"pl-PL\">22cm<\/span><\/span><\/span><\/p>\n<\/td>\n<\/tr>\n<tr valign=\"top\">\n<td width=\"323\">\n<p align=\"left\"><span style=\"font-family: Calibri, sans-serif;\"><span style=\"font-size: medium;\">Zalecenia dotycz\u0105ce bezpiecznik\u00f3w<\/span><\/span><\/p>\n<\/td>\n<td width=\"554\">\n<p align=\"left\"><span style=\"font-family: Calibri, sans-serif;\"><span style=\"font-size: medium;\">5A <\/span><\/span><\/p>\n<\/td>\n<\/tr>\n<tr valign=\"top\">\n<td width=\"323\">\n<p align=\"left\"><span style=\"font-family: Calibri, sans-serif;\"><span style=\"font-size: medium;\">Temperatura otoczenia<\/span><\/span><\/p>\n<\/td>\n<td width=\"554\">\n<p align=\"left\"><span style=\"font-family: Calibri, sans-serif;\"><span style=\"font-size: medium;\">-55 C \/ +85 C -67F \/ +185F<\/span><\/span><\/p>\n<\/td>\n<\/tr>\n<tr valign=\"top\">\n<td width=\"323\">\n<p align=\"left\"><span style=\"font-family: Calibri, sans-serif;\"><span style=\"font-size: medium;\">Rozmiar \u015bruby monta\u017cowej<\/span><\/span><\/p>\n<\/td>\n<td width=\"554\">\n<p align=\"left\"><span style=\"font-family: Calibri, sans-serif;\"><span style=\"font-size: medium;\"><span lang=\"pl-PL\">M3 Stal nierdzewna \/ <\/span><span lang=\"pl-PL\">Central M<\/span><span lang=\"pl-PL\">8<\/span><span lang=\"pl-PL\">\/1<\/span><\/span><\/span><\/p>\n<\/td>\n<\/tr>\n<tr valign=\"top\">\n<td width=\"323\">\n<p align=\"left\"><span style=\"font-family: Calibri, sans-serif;\"><span style=\"font-size: medium;\">Wymagany moment obrotowy dla \u015bruby<\/span><\/span><\/p>\n<\/td>\n<td width=\"554\">\n<p align=\"left\"><span style=\"font-family: Calibri, sans-serif;\"><span style=\"font-size: medium;\">M3-1,2Nm , M8-2Nm<\/span><\/span><\/p>\n<\/td>\n<\/tr>\n<tr valign=\"top\">\n<td width=\"323\">\n<p align=\"left\"><span style=\"font-family: Calibri, sans-serif;\"><span style=\"font-size: medium;\">Waga<\/span><\/span><\/p>\n<\/td>\n<td width=\"554\">\n<p align=\"left\"><span style=\"font-family: Calibri, sans-serif;\"><span style=\"font-size: medium;\"><span lang=\"pl-PL\">90<\/span><span lang=\"pl-PL\">g \/ <\/span><span lang=\"pl-PL\">0,19<\/span><span lang=\"pl-PL\">l<\/span><span lang=\"pl-PL\">b <\/span> <\/span><\/span><\/p>\n<\/td>\n<\/tr>\n<\/tbody>\n<\/table>\n","protected":false},"excerpt":{"rendered":"<p>ORION RS-100 Bia\u0142a lampa stroboskopowa Poznaj now\u0105 jako\u015b\u0107 bezpiecze\u0144stwa w lotnictwie ultralekkim! Nowoczesna lampa stroboskopowa\/ogonowa Orion RS-100 to po\u0142\u0105czenie najwy\u017cszej klasy technologii i kompaktowej konstrukcji. Dzi\u0119ki pot\u0119\u017cnemu strumieniowi \u015bwiat\u0142a, zamkni\u0119temu w kompaktowej formie, zapewnia doskona\u0142\u0105 widoczno\u015b\u0107&#8230; <a class=\"more\" href=\"https:\/\/skyflar.com\/pl\/product\/orion-rs-100-white-strobe-light\/\"> Wi\u0119cej &rarr;<\/a><\/p>\n","protected":false},"featured_media":25565,"comment_status":"closed","ping_status":"closed","template":"","meta":[],"product_cat":[50],"product_tag":[],"acf":[],"aioseo_notices":[],"_links":{"self":[{"href":"https:\/\/skyflar.com\/pl\/wp-json\/wp\/v2\/product\/25546"}],"collection":[{"href":"https:\/\/skyflar.com\/pl\/wp-json\/wp\/v2\/product"}],"about":[{"href":"https:\/\/skyflar.com\/pl\/wp-json\/wp\/v2\/types\/product"}],"replies":[{"embeddable":true,"href":"https:\/\/skyflar.com\/pl\/wp-json\/wp\/v2\/comments?post=25546"}],"version-history":[{"count":2,"href":"https:\/\/skyflar.com\/pl\/wp-json\/wp\/v2\/product\/25546\/revisions"}],"predecessor-version":[{"id":25588,"href":"https:\/\/skyflar.com\/pl\/wp-json\/wp\/v2\/product\/25546\/revisions\/25588"}],"wp:featuredmedia":[{"embeddable":true,"href":"https:\/\/skyflar.com\/pl\/wp-json\/wp\/v2\/media\/25565"}],"wp:attachment":[{"href":"https:\/\/skyflar.com\/pl\/wp-json\/wp\/v2\/media?parent=25546"}],"wp:term":[{"taxonomy":"product_cat","embeddable":true,"href":"https:\/\/skyflar.com\/pl\/wp-json\/wp\/v2\/product_cat?post=25546"},{"taxonomy":"product_tag","embeddable":true,"href":"https:\/\/skyflar.com\/pl\/wp-json\/wp\/v2\/product_tag?post=25546"}],"curies":[{"name":"wp","href":"https:\/\/api.w.org\/{rel}","templated":true}]}}