{"id":98,"date":"2019-01-01T11:50:31","date_gmt":"2019-01-01T10:50:31","guid":{"rendered":"http:\/\/skyflar.clivio.pl\/?post_type=product&#038;p=98"},"modified":"2024-11-28T16:24:19","modified_gmt":"2024-11-28T15:24:19","slug":"zestaw-zasilajacy-li-ion-skyflar","status":"publish","type":"product","link":"https:\/\/skyflar.com\/pl\/product\/zestaw-zasilajacy-li-ion-skyflar\/","title":{"rendered":"PODW\u00d3JNY ZESTAW ZASILAJACY LI-ION SKYFLAR"},"content":{"rendered":"<h3>PODSTAWOWE DANE:<\/h3>\n<ul>\n<li>Napi\u0119cie wyj\u015bciowe:\u00a012.6V.<\/li>\n<li>Zabezpieczenie przeciw zwarciowe.<\/li>\n<li>Zabezpieczenie przeciw prze\u0142adowaniu baterii.<\/li>\n<li>Zabezpieczenie przeciw roz\u0142adowaniu baterii.<\/li>\n<li>Zabezpieczenie pr\u0105dowe.<\/li>\n<li>Maksymalny ci\u0105g\u0142y pr\u0105d roz\u0142adowania:\u00a05 -8 A.<\/li>\n<li>Maksymalny chwilowy pr\u0105d roz\u0142adowania:\u00a010 A.<\/li>\n<li>Temperatura pracy:\u00a0&#8211; 40\u00b0C\u00a0&#8212;- + 50\u00b0C.<\/li>\n<li>Waga : 160 gram.<\/li>\n<li>Wymiary (d\u0142.\/szer.\/wys):\u00a0 13cm\/8cm\/5,5cm.<\/li>\n<\/ul>\n<h3><span style=\"color: #ff0000;\">ZESTAW DEDYKOWANY DLA ST-101, ST-101 RED,SAFESTROBES SF NEW<\/span><\/h3>\n<h3>SK\u0141AD ZESTAWU:<\/h3>\n<ol>\n<li>Ramka zabezpieczaj\u0105ca na 6 baterii.<\/li>\n<li>Pokrowiec na ramk\u0119 zabezpieczaj\u0105c\u0105.<\/li>\n<li>Rzep do mocowania pokrowca.<\/li>\n<li>\u0141adowarka Li-ion 12.6V\u00a01A\u00a0 z diod\u0105 LED. **<\/li>\n<li>Instrukcja obs\u0142ugi.<\/li>\n<\/ol>\n<p><strong>Obs\u0142ugiwane ogniwa Li-ion 18650 :<\/strong><\/p>\n<p><strong>SANYO NCR18650GA 3450mAh<\/strong><strong> , LG INR18650 MH1 \u00a03200mah ,PANASONIC NCR18650PF 2900mAh, SONY US18650V3 2250mAh , SAMSUNG ICR 18650 22P 2150mah , SANYO NCR18650GA 3500mAh .<\/strong><\/p>\n<p>** ( prosz\u0119 o informacj\u0119 odno\u015bnie wtyczki : EU,US,UK. , w przypadku braku informacji wysy\u0142amy zgodnie z krajem zam\u00f3wienia. ).<\/p>\n<p><strong>PRODUKT CHRONIONY PRAWEM PATENTOWYM.<\/strong><\/p>\n","protected":false},"excerpt":{"rendered":"<p>PODSTAWOWE DANE: Napi\u0119cie wyj\u015bciowe:\u00a012.6V. Zabezpieczenie przeciw zwarciowe. Zabezpieczenie przeciw prze\u0142adowaniu baterii. Zabezpieczenie przeciw roz\u0142adowaniu baterii. Zabezpieczenie pr\u0105dowe. Maksymalny ci\u0105g\u0142y pr\u0105d roz\u0142adowania:\u00a05 -8 A. Maksymalny chwilowy pr\u0105d roz\u0142adowania:\u00a010 A. Temperatura pracy:\u00a0&#8211; 40\u00b0C\u00a0&#8212;- + 50\u00b0C. Waga : 160&#8230; <a class=\"more\" href=\"https:\/\/skyflar.com\/pl\/product\/zestaw-zasilajacy-li-ion-skyflar\/\"> Wi\u0119cej &rarr;<\/a><\/p>\n","protected":false},"featured_media":25403,"comment_status":"open","ping_status":"closed","template":"","meta":[],"product_cat":[51],"product_tag":[],"acf":[],"aioseo_notices":[],"_links":{"self":[{"href":"https:\/\/skyflar.com\/pl\/wp-json\/wp\/v2\/product\/98"}],"collection":[{"href":"https:\/\/skyflar.com\/pl\/wp-json\/wp\/v2\/product"}],"about":[{"href":"https:\/\/skyflar.com\/pl\/wp-json\/wp\/v2\/types\/product"}],"replies":[{"embeddable":true,"href":"https:\/\/skyflar.com\/pl\/wp-json\/wp\/v2\/comments?post=98"}],"version-history":[{"count":4,"href":"https:\/\/skyflar.com\/pl\/wp-json\/wp\/v2\/product\/98\/revisions"}],"predecessor-version":[{"id":25443,"href":"https:\/\/skyflar.com\/pl\/wp-json\/wp\/v2\/product\/98\/revisions\/25443"}],"wp:featuredmedia":[{"embeddable":true,"href":"https:\/\/skyflar.com\/pl\/wp-json\/wp\/v2\/media\/25403"}],"wp:attachment":[{"href":"https:\/\/skyflar.com\/pl\/wp-json\/wp\/v2\/media?parent=98"}],"wp:term":[{"taxonomy":"product_cat","embeddable":true,"href":"https:\/\/skyflar.com\/pl\/wp-json\/wp\/v2\/product_cat?post=98"},{"taxonomy":"product_tag","embeddable":true,"href":"https:\/\/skyflar.com\/pl\/wp-json\/wp\/v2\/product_tag?post=98"}],"curies":[{"name":"wp","href":"https:\/\/api.w.org\/{rel}","templated":true}]}}